{"id":6723,"date":"2024-06-18T13:57:06","date_gmt":"2024-06-18T13:57:06","guid":{"rendered":"https:\/\/apkrks.net\/?page_id=6723"},"modified":"2024-07-19T09:49:40","modified_gmt":"2024-07-19T09:49:40","slug":"directorate-management-department","status":"publish","type":"page","link":"http:\/\/apkrks.net\/sq\/directorates\/directorate-management-department","title":{"rendered":"Drejtorati p\u00ebr Menaxhimin e Pyjeve"},"content":{"rendered":"<div data-elementor-type=\"wp-page\" data-elementor-id=\"6723\" class=\"elementor elementor-6723\">\n\t\t\t\t<div class=\"elementor-element elementor-element-f76d836 e-flex e-con-boxed e-con e-parent\" data-id=\"f76d836\" data-element_type=\"container\">\n\t\t\t\t\t<div class=\"e-con-inner\">\n\t\t<div class=\"elementor-element elementor-element-fba8b64 e-con-full e-flex e-con e-child\" data-id=\"fba8b64\" data-element_type=\"container\" data-settings=\"{&quot;background_background&quot;:&quot;classic&quot;}\">\n\t\t\t\t<div class=\"elementor-element elementor-element-8af5c60 elementor-widget elementor-widget-text-editor\" data-id=\"8af5c60\" data-element_type=\"widget\" data-widget_type=\"text-editor.default\">\n\t\t\t\t<div class=\"elementor-widget-container\">\n\t\t\t<style>\/*! elementor - v3.23.0 - 15-07-2024 *\/\n.elementor-widget-text-editor.elementor-drop-cap-view-stacked .elementor-drop-cap{background-color:#69727d;color:#fff}.elementor-widget-text-editor.elementor-drop-cap-view-framed .elementor-drop-cap{color:#69727d;border:3px solid;background-color:transparent}.elementor-widget-text-editor:not(.elementor-drop-cap-view-default) .elementor-drop-cap{margin-top:8px}.elementor-widget-text-editor:not(.elementor-drop-cap-view-default) .elementor-drop-cap-letter{width:1em;height:1em}.elementor-widget-text-editor .elementor-drop-cap{float:left;text-align:center;line-height:1;font-size:50px}.elementor-widget-text-editor .elementor-drop-cap-letter{display:inline-block}<\/style>\t\t\t\t<p><strong>Neni 6<br \/>Drejtorati p\u00ebr Menaxhimin e Pyjeve<\/strong><\/p>\t\t\t\t\t\t<\/div>\n\t\t\t\t<\/div>\n\t\t\t\t<div class=\"elementor-element elementor-element-174b30b elementor-widget elementor-widget-text-editor\" data-id=\"174b30b\" data-element_type=\"widget\" data-widget_type=\"text-editor.default\">\n\t\t\t\t<div class=\"elementor-widget-container\">\n\t\t\t\t\t\t\t<p><strong>1.<\/strong> Detyrat dhe p\u00ebrgjegj\u00ebsit\u00eb:<br \/><strong>\u00a0 \u00a0 \u00a01.1.<\/strong> Organizon dhe siguron zbatimin e politikave pyjore;<br \/><strong>\u00a0 \u00a0 \u00a01.2.<\/strong> Siguron shfryt\u00ebzimin e q\u00ebndruesh\u00ebm t\u00eb pyjeve;<br \/><strong>\u00a0 \u00a0 \u00a01.3.<\/strong> Siguron zbatimin e politikave mbi koncesionimin e pyjeve dhe tokave pyjore, t\u00eb silvikultur\u00ebs\npyjore n\u00eb pyjet publike dhe private si dhe monitoron dhe koordinon me akter\u00ebt relevant\u00eb aktivitetet n\u00eb sektorin e pyjeve.<br \/><strong>2.<\/strong> Udh\u00ebheq\u00ebsi i Drejtoratit p\u00ebr Menaxhim me Pyje raporton tek Drejtori i P\u00ebrgjithsh\u00ebm i Agjencis\u00eb Pyjore\nt\u00eb Kosov\u00ebs.<br \/><strong>3<\/strong>. N\u00eb kuad\u00ebr t\u00eb Drejtoratit p\u00ebr Menaxhim me Pyje b\u00ebjn\u00eb pjes\u00eb:<br \/><strong>\u00a0 \u00a0 \u00a03.1.<\/strong> Sektori p\u00ebr Planifikim, Inventarizim, Plane Menaxhuese dhe Kadastrave Pyjor, K\u00ebshillime dhe\nKoncesionime;<br \/><strong>\u00a0 \u00a0 \u00a03.2.<\/strong> Sektori p\u00ebr Silvikultur\u00eb, Shfryt\u00ebzim t\u00eb Pyjeve, Produkteve jo drunore, Mbrojtje dhe Monitorim t\u00eb\nPyjeve; dhe<br \/><strong>\u00a0 \u00a0 \u00a03.3.<\/strong> Sektori p\u0451r Menaxhimin e Informacioneve n\u0451 Pylltari.<br \/><strong>4.<\/strong> Numri i t\u00eb pun\u00ebsuarve n\u00eb Drejtoratin p\u00ebr Menaxhimin me Pyje \u00ebsht\u00eb dhjet\u00eb (10).<\/p>\t\t\t\t\t\t<\/div>\n\t\t\t\t<\/div>\n\t\t\t\t<div class=\"elementor-element elementor-element-9204454 elementor-widget elementor-widget-text-editor\" data-id=\"9204454\" data-element_type=\"widget\" data-widget_type=\"text-editor.default\">\n\t\t\t\t<div class=\"elementor-widget-container\">\n\t\t\t\t\t\t\t<p><strong>Neni 7<br \/>Sektori p\u00ebr Planifikim, Inventarizim, Plane Menaxhuese, Kadastrave Pyjore, K\u00ebshillim dhe\nKoncesionim<br \/><\/strong><\/p>\t\t\t\t\t\t<\/div>\n\t\t\t\t<\/div>\n\t\t\t\t<div class=\"elementor-element elementor-element-ce96270 elementor-widget elementor-widget-text-editor\" data-id=\"ce96270\" data-element_type=\"widget\" data-widget_type=\"text-editor.default\">\n\t\t\t\t<div class=\"elementor-widget-container\">\n\t\t\t\t\t\t\t<p><strong>1.<\/strong> Detyrat dhe p\u0451rgjegj\u0451sit\u0451:<br \/>\u00a0 \u00a0 \u00a0<strong>1.1.<\/strong> Siguron zbatimin e legjislacionit p\u00ebr menaxhimin e pyjeve;<br \/>\u00a0 \u00a0 \u00a0<strong>1.2.<\/strong> Bashk\u00ebpunon me akter\u00eb relevant\u00eb p\u00ebr p\u00ebrmir\u00ebsimin e metodave t\u00eb inventarizimit dhe planeve\nmenaxhuese;<br \/>\u00a0 \u00a0 \u00a0<strong>1.3.<\/strong> Raporton n\u00eb baza t\u00eb rregullta p\u00ebr inventarizimin dhe planet menaxhuese;<br \/>\u00a0 \u00a0 <strong>\u00a01.4.<\/strong> Shqyrton p\u00ebrputhshm\u00ebrin\u00eb e planeve t\u00eb shfryt\u00ebzimit t\u0451 pyjeve me kapacitetet baz\u00eb t\u0451 llogaritura\nnga Inventarizimi dhe Planet menaxhuese.<br \/>\u00a0 \u00a0 \u00a0<strong>1.5.<\/strong> Ofron mb\u00ebshtetje p\u00ebr p\u00ebrpilimin dhe implementimin e planeve nga l\u0451mia e shfryt\u00ebzimit t\u0451 pyjeve;<br \/>\u00a0 \u00a0 \u00a0<strong>1.6.<\/strong> Ofron mb\u00ebshtetje n\u00eb hartimin e standardeve dhe procedurave n\u00eb planifikimin, shfryt\u00ebzimin,\nkoncesionimin n\u0451 pyjet dhe tokat pyjore;<br \/>\u00a0 \u00a0 \u00a0<strong>1.7.<\/strong> P\u00ebrgatit\u00eb dokumentacionin p\u0451r koncesionime t\u0451 pyjeve dhe tokave pyjore.<br \/><strong>2.<\/strong> Udh\u0451heq\u0451si i Sektorit p\u0451r Planifikim,Inventarizim, Plane Menaxhuese , Kadastrave Pyjore, K\u00ebshillim\ndhe Koncesionim raporton tek Udh\u00ebheq\u00ebsi i Drejtoratit p\u0451r Menaxhim me Pyje.<br \/><strong>3.<\/strong> Numri i t\u00eb pun\u00ebsuarve n\u00eb Sektorin p\u0451r Planifikim, Inventarizim, Plane Menaxhuese , Kadastrave\nPyjore, K\u00ebshillim dhe Koncesionim \u00ebsht\u00eb tre (3).<\/p>\t\t\t\t\t\t<\/div>\n\t\t\t\t<\/div>\n\t\t\t\t<div class=\"elementor-element elementor-element-108c295 elementor-widget elementor-widget-text-editor\" data-id=\"108c295\" data-element_type=\"widget\" data-widget_type=\"text-editor.default\">\n\t\t\t\t<div class=\"elementor-widget-container\">\n\t\t\t\t\t\t\t<p><strong>Neni 8<br \/>Sektori p\u00ebr Silvikultur\u00eb, Shfryt\u00ebzim t\u00eb Pyjeve, Produkteve jo drusore, Mbrojtje dhe Monitorim t\u00eb\nPyjeve<br \/><\/strong><\/p>\t\t\t\t\t\t<\/div>\n\t\t\t\t<\/div>\n\t\t\t\t<div class=\"elementor-element elementor-element-ea19057 elementor-widget elementor-widget-text-editor\" data-id=\"ea19057\" data-element_type=\"widget\" data-widget_type=\"text-editor.default\">\n\t\t\t\t<div class=\"elementor-widget-container\">\n\t\t\t\t\t\t\t<p><strong>1.<\/strong> Detyrat dhe P\u0451rgjegj\u0451sit\u0451:<br \/><strong>\u00a0 \u00a0 \u00a01.1<\/strong>. Siguron zbatimin e procedurave p\u00ebr realizimin e planeve vjetore dhe analizon rezultatet e\nimplementimit t\u00eb planeve n\u00eb fush\u00ebn p\u00ebrkat\u00ebse;<br \/><strong>\u00a0 \u00a0 \u00a01.2.<\/strong> Mbik\u00ebqyr dhe p\u00ebrcjell pun\u00ebt e prerjes, silvikultur\u0451n, pyll\u00ebzimet plot\u00ebsimet dhe aktivitetet tjera n\u00eb\nkultivimin e pyjeve p\u00ebr t\u00eb siguruar p\u00ebrmbushjen e standardeve profesionale, planeve vjetore te\nmenaxhimit te pyjeve dhe k\u00ebrkesave tjera q\u00eb dalin nga Ligji nr. 2003\/3 P\u00ebr Pyjet e Kosov\u00ebs dhe aktet\ntjera n\u00ebnligjore t\u00eb parapara me k\u00ebt\u00eb ligj;<br \/><strong>\u00a0 \u00a0 \u00a01.3.<\/strong> Ofron mb\u00ebshtetje n\u00eb hartimin e procedurave dhe standardeve p\u0451r aktivitetet e realizuara n\u00eb\nsilvikultur\u00eb, mbrojtje nga zjarret dhe s\u00ebmundjet e ndryshme pyjore dhe monitoron zbatimin e tyre,<br \/><strong>\u00a0 \u00a0 \u00a01.4.<\/strong> Monitoron zbatimin e legjislacionit, procedurave dhe standardeve nga l\u0451mia e shfryt\u00ebzimit,\nkoncesionimit t\u0451 resurseve pyjore n\u0451 pyje dhe tokat pyjore shtet\u00ebrore;<br \/><strong>2.<\/strong> Udh\u00ebheq\u00ebsi i Sektorit p\u0451r p\u0451r Silvikultur\u0451, Shfryt\u00ebzim t\u00eb Pyjeve, Produkteve jo drusore Mbrojtje dhe Monitorim t\u0451 Pyjeve raporton tek udh\u00ebheq\u00ebsi i Drejtoratit per menaxhim me pyje.<br \/><strong>3.<\/strong> Numri i t\u00eb pun\u00ebsuarve n\u00eb Sektorin p\u0451r Silvikultur\u0451, Shfryt\u00ebzim t\u00eb Pyjeve, Produkteve jo drusore\nMbrojtje dhe Monitorim t\u0451 Pyjeve \u00ebsht\u00eb tre (3).<\/p>\t\t\t\t\t\t<\/div>\n\t\t\t\t<\/div>\n\t\t\t\t<div class=\"elementor-element elementor-element-99c2479 elementor-widget elementor-widget-text-editor\" data-id=\"99c2479\" data-element_type=\"widget\" data-widget_type=\"text-editor.default\">\n\t\t\t\t<div class=\"elementor-widget-container\">\n\t\t\t\t\t\t\t<p><strong>Neni 9<br \/>Sektori p\u00ebr Menaxhimin e Informatave n\u00eb Pylltari<br \/><\/strong><\/p>\t\t\t\t\t\t<\/div>\n\t\t\t\t<\/div>\n\t\t\t\t<div class=\"elementor-element elementor-element-80a5c7b elementor-widget elementor-widget-text-editor\" data-id=\"80a5c7b\" data-element_type=\"widget\" data-widget_type=\"text-editor.default\">\n\t\t\t\t<div class=\"elementor-widget-container\">\n\t\t\t\t\t\t\t<p><strong>1.<\/strong> Detyrat dhe p\u00ebrgjegj\u00ebsit\u00eb e Sektorit p\u00ebr Menaxhimin e Informatave n\u00eb Pylltari jan\u00eb:<br \/><strong>\u00a0 \u00a0 \u00a01.1.<\/strong> Siguron mb\u00ebshtetje n\u00eb menaxhimin e informatave n\u00eb pylltari;<br \/><strong>\u00a0 \u00a0 \u00a01.2.<\/strong> Menaxhon informacione te pylltaris\u00eb;<br \/><strong>\u00a0 \u00a0 \u00a01.3.<\/strong> Ofron mb\u00ebshtetje n\u00eb hartimin e strategjis\u00eb p\u00ebr menaxhim t\u00eb informacioneve;<br \/><strong>\u00a0 \u00a0 \u00a01.4.<\/strong> Identifikon nevojat p\u00ebr menaxhimt\u00eb informacioneve n\u00eb m\u00ebnyr\u00eb adekuate.<br \/><strong>2.<\/strong> Udh\u00ebheq\u00ebsi i Sektorit p\u0451r Menaxhimin e Informatave n\u0451 Pylltari raporton tek Udh\u00ebheq\u00ebsi i Drejtoratit\np\u00ebr Menaxhim me Pyje.<br \/><strong>3.<\/strong> Numri i te pun\u00ebsuarve ne Sektorin p\u00ebr menaxhimin e Informatave n\u0451 Pylltari \u00ebsht\u00eb tre (3).<\/p>\t\t\t\t\t\t<\/div>\n\t\t\t\t<\/div>\n\t\t\t\t<\/div>\n\t\t\t\t\t<\/div>\n\t\t\t\t<\/div>\n\t\t\t\t<\/div>","protected":false},"excerpt":{"rendered":"<p>Article 6Directorate for Forest Management 1. The duties and responsibilities of the Forest Management Directorate are:\u00a0 \u00a0 \u00a01.1. Organizes and ensures the implementation of forest policies;\u00a0 \u00a0 \u00a01.2. Ensures sustainable use of forests;\u00a0 \u00a0 \u00a01.3. It ensures the implementation of policies on the concession of forests and forest lands, of forest silviculture in public and [&hellip;]<\/p>","protected":false},"author":1,"featured_media":0,"parent":6485,"menu_order":0,"comment_status":"closed","ping_status":"closed","template":"","meta":{"inline_featured_image":false,"ngg_post_thumbnail":0,"footnotes":""},"class_list":["post-6723","page","type-page","status-publish","hentry"],"yoast_head":"<!-- This site is optimized with the Yoast SEO plugin v25.5 - https:\/\/yoast.com\/wordpress\/plugins\/seo\/ -->\n<title>Directorate for Forest Management - Agjencia Pyjore e Kosov\u00ebs<\/title>\n<meta name=\"robots\" content=\"index, follow, max-snippet:-1, max-image-preview:large, max-video-preview:-1\" \/>\n<link rel=\"canonical\" href=\"https:\/\/apkrks.net\/sq\/directorates\/directorate-management-department\" \/>\n<script type=\"application\/ld+json\" class=\"yoast-schema-graph\">{\"@context\":\"https:\/\/schema.org\",\"@graph\":[{\"@type\":\"WebPage\",\"@id\":\"https:\/\/apkrks.net\/sq\/directorates\/directorate-management-department\",\"url\":\"https:\/\/apkrks.net\/sq\/directorates\/directorate-management-department\",\"name\":\"Directorate for Forest Management - Agjencia Pyjore e Kosov\u00ebs\",\"isPartOf\":{\"@id\":\"https:\/\/apkrks.net\/sq\/#website\"},\"datePublished\":\"2024-06-18T13:57:06+00:00\",\"dateModified\":\"2024-07-19T09:49:40+00:00\",\"breadcrumb\":{\"@id\":\"https:\/\/apkrks.net\/sq\/directorates\/directorate-management-department#breadcrumb\"},\"inLanguage\":\"sq\",\"potentialAction\":[{\"@type\":\"ReadAction\",\"target\":[\"https:\/\/apkrks.net\/sq\/directorates\/directorate-management-department\"]}]},{\"@type\":\"BreadcrumbList\",\"@id\":\"https:\/\/apkrks.net\/sq\/directorates\/directorate-management-department#breadcrumb\",\"itemListElement\":[{\"@type\":\"ListItem\",\"position\":1,\"name\":\"Home\",\"item\":\"https:\/\/apkrks.net\/\"},{\"@type\":\"ListItem\",\"position\":2,\"name\":\"Directorates\",\"item\":\"https:\/\/apkrks.net\/sq\/directorates\"},{\"@type\":\"ListItem\",\"position\":3,\"name\":\"Directorate for Forest Management\"}]},{\"@type\":\"WebSite\",\"@id\":\"https:\/\/apkrks.net\/sq\/#website\",\"url\":\"https:\/\/apkrks.net\/sq\/\",\"name\":\"Agjencia Pyjore e Kosov\u00ebs\",\"description\":\"\",\"publisher\":{\"@id\":\"https:\/\/apkrks.net\/sq\/#organization\"},\"alternateName\":\"Agjencioni Pyjor i Kosov\u00ebs\",\"potentialAction\":[{\"@type\":\"SearchAction\",\"target\":{\"@type\":\"EntryPoint\",\"urlTemplate\":\"https:\/\/apkrks.net\/sq\/?s={search_term_string}\"},\"query-input\":{\"@type\":\"PropertyValueSpecification\",\"valueRequired\":true,\"valueName\":\"search_term_string\"}}],\"inLanguage\":\"sq\"},{\"@type\":\"Organization\",\"@id\":\"https:\/\/apkrks.net\/sq\/#organization\",\"name\":\"Agjencia Pyjore e Kosov\u00ebs\",\"alternateName\":\"Agjencioni Pyjor i Kosov\u00ebs\",\"url\":\"https:\/\/apkrks.net\/sq\/\",\"logo\":{\"@type\":\"ImageObject\",\"inLanguage\":\"sq\",\"@id\":\"https:\/\/apkrks.net\/sq\/#\/schema\/logo\/image\/\",\"url\":\"https:\/\/apkrks.net\/wp-content\/uploads\/2024\/06\/Emblema_e_qeverise_se_kosoves.png\",\"contentUrl\":\"https:\/\/apkrks.net\/wp-content\/uploads\/2024\/06\/Emblema_e_qeverise_se_kosoves.png\",\"width\":217,\"height\":240,\"caption\":\"Agjencia Pyjore e Kosov\u00ebs\"},\"image\":{\"@id\":\"https:\/\/apkrks.net\/sq\/#\/schema\/logo\/image\/\"},\"sameAs\":[\"https:\/\/www.facebook.com\/profile.php?id=100064789090459\",\"https:\/\/www.youtube.com\/@AgjenciaPyjoreeKosoves\"]}]}<\/script>\n<!-- \/ Yoast SEO plugin. -->","yoast_head_json":{"title":"Directorate for Forest Management - Agjencia Pyjore e Kosov\u00ebs","robots":{"index":"index","follow":"follow","max-snippet":"max-snippet:-1","max-image-preview":"max-image-preview:large","max-video-preview":"max-video-preview:-1"},"canonical":"https:\/\/apkrks.net\/sq\/directorates\/directorate-management-department","schema":{"@context":"https:\/\/schema.org","@graph":[{"@type":"WebPage","@id":"https:\/\/apkrks.net\/sq\/directorates\/directorate-management-department","url":"https:\/\/apkrks.net\/sq\/directorates\/directorate-management-department","name":"Directorate for Forest Management - Agjencia Pyjore e Kosov\u00ebs","isPartOf":{"@id":"https:\/\/apkrks.net\/sq\/#website"},"datePublished":"2024-06-18T13:57:06+00:00","dateModified":"2024-07-19T09:49:40+00:00","breadcrumb":{"@id":"https:\/\/apkrks.net\/sq\/directorates\/directorate-management-department#breadcrumb"},"inLanguage":"sq","potentialAction":[{"@type":"ReadAction","target":["https:\/\/apkrks.net\/sq\/directorates\/directorate-management-department"]}]},{"@type":"BreadcrumbList","@id":"https:\/\/apkrks.net\/sq\/directorates\/directorate-management-department#breadcrumb","itemListElement":[{"@type":"ListItem","position":1,"name":"Home","item":"https:\/\/apkrks.net\/"},{"@type":"ListItem","position":2,"name":"Directorates","item":"https:\/\/apkrks.net\/sq\/directorates"},{"@type":"ListItem","position":3,"name":"Directorate for Forest Management"}]},{"@type":"WebSite","@id":"https:\/\/apkrks.net\/sq\/#website","url":"https:\/\/apkrks.net\/sq\/","name":"Agjencia Pyjore e Kosov\u00ebs","description":"","publisher":{"@id":"https:\/\/apkrks.net\/sq\/#organization"},"alternateName":"Agjencioni Pyjor i Kosov\u00ebs","potentialAction":[{"@type":"SearchAction","target":{"@type":"EntryPoint","urlTemplate":"https:\/\/apkrks.net\/sq\/?s={search_term_string}"},"query-input":{"@type":"PropertyValueSpecification","valueRequired":true,"valueName":"search_term_string"}}],"inLanguage":"sq"},{"@type":"Organization","@id":"https:\/\/apkrks.net\/sq\/#organization","name":"Agjencia Pyjore e Kosov\u00ebs","alternateName":"Agjencioni Pyjor i Kosov\u00ebs","url":"https:\/\/apkrks.net\/sq\/","logo":{"@type":"ImageObject","inLanguage":"sq","@id":"https:\/\/apkrks.net\/sq\/#\/schema\/logo\/image\/","url":"https:\/\/apkrks.net\/wp-content\/uploads\/2024\/06\/Emblema_e_qeverise_se_kosoves.png","contentUrl":"https:\/\/apkrks.net\/wp-content\/uploads\/2024\/06\/Emblema_e_qeverise_se_kosoves.png","width":217,"height":240,"caption":"Agjencia Pyjore e Kosov\u00ebs"},"image":{"@id":"https:\/\/apkrks.net\/sq\/#\/schema\/logo\/image\/"},"sameAs":["https:\/\/www.facebook.com\/profile.php?id=100064789090459","https:\/\/www.youtube.com\/@AgjenciaPyjoreeKosoves"]}]}},"_links":{"self":[{"href":"http:\/\/apkrks.net\/sq\/wp-json\/wp\/v2\/pages\/6723"}],"collection":[{"href":"http:\/\/apkrks.net\/sq\/wp-json\/wp\/v2\/pages"}],"about":[{"href":"http:\/\/apkrks.net\/sq\/wp-json\/wp\/v2\/types\/page"}],"author":[{"embeddable":true,"href":"http:\/\/apkrks.net\/sq\/wp-json\/wp\/v2\/users\/1"}],"replies":[{"embeddable":true,"href":"http:\/\/apkrks.net\/sq\/wp-json\/wp\/v2\/comments?post=6723"}],"version-history":[{"count":32,"href":"http:\/\/apkrks.net\/sq\/wp-json\/wp\/v2\/pages\/6723\/revisions"}],"predecessor-version":[{"id":7766,"href":"http:\/\/apkrks.net\/sq\/wp-json\/wp\/v2\/pages\/6723\/revisions\/7766"}],"up":[{"embeddable":true,"href":"http:\/\/apkrks.net\/sq\/wp-json\/wp\/v2\/pages\/6485"}],"wp:attachment":[{"href":"http:\/\/apkrks.net\/sq\/wp-json\/wp\/v2\/media?parent=6723"}],"curies":[{"name":"wp","href":"https:\/\/api.w.org\/{rel}","templated":true}]}}