{"id":6725,"date":"2024-06-18T13:57:41","date_gmt":"2024-06-18T13:57:41","guid":{"rendered":"https:\/\/apkrks.net\/?page_id=6725"},"modified":"2024-07-19T14:28:30","modified_gmt":"2024-07-19T14:28:30","slug":"directorate-for-wildlife-management-hunting-grazing-and-eco-tourism","status":"publish","type":"page","link":"http:\/\/apkrks.net\/sq\/directorates\/directorate-for-wildlife-management-hunting-grazing-and-eco-tourism","title":{"rendered":"Drejtorati p\u00ebr Menaxhim me Kafsh\u00eb t\u00eb Egra, Gjueti, Kullosa dhe Eko \u2013 Turiz\u00ebm"},"content":{"rendered":"<div data-elementor-type=\"wp-page\" data-elementor-id=\"6725\" class=\"elementor elementor-6725\">\n\t\t\t\t<div class=\"elementor-element elementor-element-a8baf83 e-flex e-con-boxed e-con e-parent\" data-id=\"a8baf83\" data-element_type=\"container\">\n\t\t\t\t\t<div class=\"e-con-inner\">\n\t\t<div class=\"elementor-element elementor-element-8d3ee4e e-con-full e-flex e-con e-child\" data-id=\"8d3ee4e\" data-element_type=\"container\" data-settings=\"{&quot;background_background&quot;:&quot;classic&quot;}\">\n\t\t\t\t<div class=\"elementor-element elementor-element-44ac04c elementor-widget elementor-widget-text-editor\" data-id=\"44ac04c\" data-element_type=\"widget\" data-widget_type=\"text-editor.default\">\n\t\t\t\t<div class=\"elementor-widget-container\">\n\t\t\t<style>\/*! elementor - v3.23.0 - 15-07-2024 *\/\n.elementor-widget-text-editor.elementor-drop-cap-view-stacked .elementor-drop-cap{background-color:#69727d;color:#fff}.elementor-widget-text-editor.elementor-drop-cap-view-framed .elementor-drop-cap{color:#69727d;border:3px solid;background-color:transparent}.elementor-widget-text-editor:not(.elementor-drop-cap-view-default) .elementor-drop-cap{margin-top:8px}.elementor-widget-text-editor:not(.elementor-drop-cap-view-default) .elementor-drop-cap-letter{width:1em;height:1em}.elementor-widget-text-editor .elementor-drop-cap{float:left;text-align:center;line-height:1;font-size:50px}.elementor-widget-text-editor .elementor-drop-cap-letter{display:inline-block}<\/style>\t\t\t\t<p><strong>Neni 10<br \/>Drejtorati p\u00ebr Menaxhim me Kafsh\u00eb t\u00eb Egra, Gjueti, Kullosa dhe Eko-Turiz\u00ebm<br \/><\/strong><\/p>\t\t\t\t\t\t<\/div>\n\t\t\t\t<\/div>\n\t\t\t\t<div class=\"elementor-element elementor-element-f73a6e7 elementor-widget elementor-widget-text-editor\" data-id=\"f73a6e7\" data-element_type=\"widget\" data-widget_type=\"text-editor.default\">\n\t\t\t\t<div class=\"elementor-widget-container\">\n\t\t\t\t\t\t\t<p><strong>1.<\/strong> Detyrat dhe p\u0451rgjegj\u0451sit\u0451 e Drejtoratit p\u00ebr Menaxhim me Kafsh\u00eb t\u00eb Egra, Gjueti, Kullosa dhe Ekoturiz\u00ebm\njan\u00eb:<br \/><strong>\u00a0 \u00a0 \u00a01.1.<\/strong> Siguron zbatimin e politikave dhe legjislacionit t\u00eb aplikuesh\u00ebm p\u00ebr menaxhim t\u00eb q\u00ebndruesh\u00ebm t\u00eb\nkullosave, kafsh\u00ebve t\u00eb egra, gjueti dhe eko-turiz\u00ebm;<br \/><strong>\u00a0 \u00a0 \u00a01.2.<\/strong> Ofron mb\u00ebshtetje n\u00eb menaxhimin dhe mbrojtjen kafsh\u00ebve t\u00eb egra;<br \/><strong>\u00a0 \u00a0 \u00a01.3.<\/strong> Bashk\u00ebpunon me akter\u00ebt relevant\u00eb p\u00ebr zhvillimin e aktiviteteve.<br \/><strong>2.<\/strong> Udh\u00ebheq\u00ebsi i Drejtoratit p\u00ebr Menaxhim me Kafsh\u00eb t\u00eb Egra, Gjueti, Kullosa dhe Eko-turiz\u00ebm raporton\ntek Drejtori i P\u00ebrgjithsh\u00ebm i Agjencis\u00eb Pyjore t\u00eb Kosov\u00ebs.<br \/><strong>3.<\/strong> N\u00eb kuad\u00ebr t\u00eb Drejtoratit p\u00ebr Menaxhim me Kafsh\u00eb t\u00eb Egra, Gjueti, Kullosa dhe Ekoturiz\u00ebm b\u00ebjn\u00eb\npjes\u00eb:<br \/><strong>\u00a0 \u00a0 \u00a03.1.<\/strong> Sektori p\u00ebr M.K.E, Gjueti dhe Eko\u2013Turiz\u00ebm;<br \/><strong>\u00a0 \u00a0 \u00a03.2.<\/strong> Sektori p\u00ebr Menaxhim me Kullosa.<br \/><strong>4.<\/strong> Numri i t\u00eb pun\u00ebsuarve n\u00eb Drejtorin\u00eb p\u00ebr Menaxhim me Kafsh\u00eb t\u00eb Egra, Gjueti, Kullosa dhe Eko-Turiz\u00ebm \u00ebsht\u00eb nj\u00ebzet (20).<\/p>\t\t\t\t\t\t<\/div>\n\t\t\t\t<\/div>\n\t\t\t\t<div class=\"elementor-element elementor-element-f199cc8 elementor-widget elementor-widget-text-editor\" data-id=\"f199cc8\" data-element_type=\"widget\" data-widget_type=\"text-editor.default\">\n\t\t\t\t<div class=\"elementor-widget-container\">\n\t\t\t\t\t\t\t<p><strong>Neni 11<br \/>Sektori p\u00cbr MKE, Gjueti dhe Eko-turiz\u00ebm<br \/><\/strong><\/p>\t\t\t\t\t\t<\/div>\n\t\t\t\t<\/div>\n\t\t\t\t<div class=\"elementor-element elementor-element-3b04a87 elementor-widget elementor-widget-text-editor\" data-id=\"3b04a87\" data-element_type=\"widget\" data-widget_type=\"text-editor.default\">\n\t\t\t\t<div class=\"elementor-widget-container\">\n\t\t\t\t\t\t\t<p><strong>1.<\/strong> Detyrat dhe p\u0451rgjegj\u0451sit\u0451 e Sektorit p\u0451r MKE. Gjueti dhe Eko-turiz\u00ebm jan\u00eb:<br \/><strong>\u00a0 \u00a0 \u00a01.1.<\/strong> Siguron zbatimin e politikave dhe legjislacionit t\u00eb aplikuesh\u00ebm p\u00ebr menaxhim t\u0451 q\u0451ndruesh\u0451m t\u0451\nkafsh\u00ebve t\u0451 egra, gjuetis\u00eb dhe eko\u2013turizmit;<br \/><strong>\u00a0 \u00a0 \u00a01.2.<\/strong> Koordinon aktivitetet p\u00ebr menaxhimin e kafsh\u00ebve t\u00eb egra, gjuetis\u00eb dhe eko-turizmit dhe\nbashk\u00ebpunon me akter\u00ebt relevant\u00eb n\u00eb zhvillimin e tyre.<br \/><strong>2.<\/strong> Udh\u00ebheq\u00ebsi i Sektorit p\u0451r MKE. Gjueti dhe Eko-Turiz\u00ebm raporton tek Udh\u00ebheq\u00ebsi i Drejtoratit p\u00ebr\nMenaxhim me Kafsh\u00eb t\u00eb Egra, Gjueti, Kullosa dhe Ekoturiz\u00ebm.<br \/><strong>3.<\/strong> Numri i t\u00eb pun\u00ebsuarve n\u00eb Sektorin p\u0451r MKE, Gjueti dhe Eko-Turiz\u00ebm \u00ebsht\u00eb Pes\u00ebmb\u00ebdhjet\u00eb (15).<\/p>\t\t\t\t\t\t<\/div>\n\t\t\t\t<\/div>\n\t\t\t\t<div class=\"elementor-element elementor-element-619d0d5 elementor-widget elementor-widget-text-editor\" data-id=\"619d0d5\" data-element_type=\"widget\" data-widget_type=\"text-editor.default\">\n\t\t\t\t<div class=\"elementor-widget-container\">\n\t\t\t\t\t\t\t<p><strong>Neni 12<br \/>Sektori p\u00cbr Menaxhim me Kullosa<br \/><\/strong><\/p>\t\t\t\t\t\t<\/div>\n\t\t\t\t<\/div>\n\t\t\t\t<div class=\"elementor-element elementor-element-0df2f2a elementor-widget elementor-widget-text-editor\" data-id=\"0df2f2a\" data-element_type=\"widget\" data-widget_type=\"text-editor.default\">\n\t\t\t\t<div class=\"elementor-widget-container\">\n\t\t\t\t\t\t\t<p><strong>1.<\/strong> Detyrat dhe p\u0451rgjegj\u0451sit\u0451 e Sektorit p\u0451r Menaxhim me Kullosa jan\u00eb:<br \/><strong>\u00a0 \u00a0 \u00a01.1.<\/strong> Siguron zbatimin e politikave dhe legjislacionit t\u00eb aplikuesh\u00ebm p\u00ebr menaxhim t\u0451 q\u0451ndruesh\u0451m t\u0451\nkullosave;<br \/><strong>\u00a0 \u00a0 \u00a01.2.<\/strong> Ofron mb\u00ebshtetje n\u00eb rishikim t\u0451 akteve n\u00ebnligjore p\u0451r menaxhimin, ruajtjen dhe rritjen e fondit t\u0451\nkullosave;<br \/><strong>\u00a0 \u00a0 \u00a01.3.<\/strong> Harton plane dhe monitoron zbatimin e tyre p\u00ebr mbrojtjen dhe shfryt\u00ebzimin e kullosave,<br \/><strong>2.<\/strong> Udh\u00ebheq\u00ebsi i Sektori p\u00ebr Menaxhim me Kullosa raporton tek Udh\u00ebheq\u00ebsi i Drejtoratit p\u00ebr Menaxhim me Kafsh\u00eb t\u00eb Egra, Gjueti, Kullosa dhe Eko-Turiz\u00ebm,<br \/><strong>3.<\/strong> Numri i t\u00eb pun\u00ebsuarve n\u00eb Sektorin p\u00ebr Menaxhim me Kullosa \u0451sht\u0451 tre (3).<\/p>\t\t\t\t\t\t<\/div>\n\t\t\t\t<\/div>\n\t\t\t\t<\/div>\n\t\t\t\t\t<\/div>\n\t\t\t\t<\/div>\n\t\t\t\t<\/div>","protected":false},"excerpt":{"rendered":"<p>Article 10DIRECTORATE FOR MANAGEMENT OF WILDLIFE, HUNTING AND ECO-TOURISM 1. The duties and responsibilities of the Directorate for Wildlife Management, Hunting, Grazing and Ecotourism are:\u00a0 \u00a0 \u00a01.1. Ensures the implementation of applicable policies and legislation for sustainable management of pastures, wildlife, hunting and eco-tourism;\u00a0 \u00a0 \u00a01.2. Provides support in wildlife management and protection;\u00a0 \u00a0 \u00a01.3. [&hellip;]<\/p>","protected":false},"author":1,"featured_media":0,"parent":6485,"menu_order":0,"comment_status":"closed","ping_status":"closed","template":"","meta":{"inline_featured_image":false,"ngg_post_thumbnail":0,"footnotes":""},"class_list":["post-6725","page","type-page","status-publish","hentry"],"yoast_head":"<!-- This site is optimized with the Yoast SEO plugin v25.5 - https:\/\/yoast.com\/wordpress\/plugins\/seo\/ -->\n<title>Directorate for management of wildlife, hunting and eco-tourism - Agjencia Pyjore e Kosov\u00ebs<\/title>\n<meta name=\"robots\" content=\"index, follow, max-snippet:-1, max-image-preview:large, max-video-preview:-1\" \/>\n<link rel=\"canonical\" href=\"https:\/\/apkrks.net\/sq\/directorates\/directorate-for-wildlife-management-hunting-grazing-and-eco-tourism\" \/>\n<script type=\"application\/ld+json\" class=\"yoast-schema-graph\">{\"@context\":\"https:\/\/schema.org\",\"@graph\":[{\"@type\":\"WebPage\",\"@id\":\"https:\/\/apkrks.net\/sq\/directorates\/directorate-for-wildlife-management-hunting-grazing-and-eco-tourism\",\"url\":\"https:\/\/apkrks.net\/sq\/directorates\/directorate-for-wildlife-management-hunting-grazing-and-eco-tourism\",\"name\":\"Directorate for management of wildlife, hunting and eco-tourism - Agjencia Pyjore e Kosov\u00ebs\",\"isPartOf\":{\"@id\":\"https:\/\/apkrks.net\/sq\/#website\"},\"datePublished\":\"2024-06-18T13:57:41+00:00\",\"dateModified\":\"2024-07-19T14:28:30+00:00\",\"breadcrumb\":{\"@id\":\"https:\/\/apkrks.net\/sq\/directorates\/directorate-for-wildlife-management-hunting-grazing-and-eco-tourism#breadcrumb\"},\"inLanguage\":\"sq\",\"potentialAction\":[{\"@type\":\"ReadAction\",\"target\":[\"https:\/\/apkrks.net\/sq\/directorates\/directorate-for-wildlife-management-hunting-grazing-and-eco-tourism\"]}]},{\"@type\":\"BreadcrumbList\",\"@id\":\"https:\/\/apkrks.net\/sq\/directorates\/directorate-for-wildlife-management-hunting-grazing-and-eco-tourism#breadcrumb\",\"itemListElement\":[{\"@type\":\"ListItem\",\"position\":1,\"name\":\"Home\",\"item\":\"https:\/\/apkrks.net\/\"},{\"@type\":\"ListItem\",\"position\":2,\"name\":\"Directorates\",\"item\":\"https:\/\/apkrks.net\/sq\/directorates\"},{\"@type\":\"ListItem\",\"position\":3,\"name\":\"Directorate for management of wildlife, hunting and eco-tourism\"}]},{\"@type\":\"WebSite\",\"@id\":\"https:\/\/apkrks.net\/sq\/#website\",\"url\":\"https:\/\/apkrks.net\/sq\/\",\"name\":\"Agjencia Pyjore e Kosov\u00ebs\",\"description\":\"\",\"publisher\":{\"@id\":\"https:\/\/apkrks.net\/sq\/#organization\"},\"alternateName\":\"Agjencioni Pyjor i Kosov\u00ebs\",\"potentialAction\":[{\"@type\":\"SearchAction\",\"target\":{\"@type\":\"EntryPoint\",\"urlTemplate\":\"https:\/\/apkrks.net\/sq\/?s={search_term_string}\"},\"query-input\":{\"@type\":\"PropertyValueSpecification\",\"valueRequired\":true,\"valueName\":\"search_term_string\"}}],\"inLanguage\":\"sq\"},{\"@type\":\"Organization\",\"@id\":\"https:\/\/apkrks.net\/sq\/#organization\",\"name\":\"Agjencia Pyjore e Kosov\u00ebs\",\"alternateName\":\"Agjencioni Pyjor i Kosov\u00ebs\",\"url\":\"https:\/\/apkrks.net\/sq\/\",\"logo\":{\"@type\":\"ImageObject\",\"inLanguage\":\"sq\",\"@id\":\"https:\/\/apkrks.net\/sq\/#\/schema\/logo\/image\/\",\"url\":\"https:\/\/apkrks.net\/wp-content\/uploads\/2024\/06\/Emblema_e_qeverise_se_kosoves.png\",\"contentUrl\":\"https:\/\/apkrks.net\/wp-content\/uploads\/2024\/06\/Emblema_e_qeverise_se_kosoves.png\",\"width\":217,\"height\":240,\"caption\":\"Agjencia Pyjore e Kosov\u00ebs\"},\"image\":{\"@id\":\"https:\/\/apkrks.net\/sq\/#\/schema\/logo\/image\/\"},\"sameAs\":[\"https:\/\/www.facebook.com\/profile.php?id=100064789090459\",\"https:\/\/www.youtube.com\/@AgjenciaPyjoreeKosoves\"]}]}<\/script>\n<!-- \/ Yoast SEO plugin. -->","yoast_head_json":{"title":"Directorate for management of wildlife, hunting and eco-tourism - Agjencia Pyjore e Kosov\u00ebs","robots":{"index":"index","follow":"follow","max-snippet":"max-snippet:-1","max-image-preview":"max-image-preview:large","max-video-preview":"max-video-preview:-1"},"canonical":"https:\/\/apkrks.net\/sq\/directorates\/directorate-for-wildlife-management-hunting-grazing-and-eco-tourism","schema":{"@context":"https:\/\/schema.org","@graph":[{"@type":"WebPage","@id":"https:\/\/apkrks.net\/sq\/directorates\/directorate-for-wildlife-management-hunting-grazing-and-eco-tourism","url":"https:\/\/apkrks.net\/sq\/directorates\/directorate-for-wildlife-management-hunting-grazing-and-eco-tourism","name":"Directorate for management of wildlife, hunting and eco-tourism - Agjencia Pyjore e Kosov\u00ebs","isPartOf":{"@id":"https:\/\/apkrks.net\/sq\/#website"},"datePublished":"2024-06-18T13:57:41+00:00","dateModified":"2024-07-19T14:28:30+00:00","breadcrumb":{"@id":"https:\/\/apkrks.net\/sq\/directorates\/directorate-for-wildlife-management-hunting-grazing-and-eco-tourism#breadcrumb"},"inLanguage":"sq","potentialAction":[{"@type":"ReadAction","target":["https:\/\/apkrks.net\/sq\/directorates\/directorate-for-wildlife-management-hunting-grazing-and-eco-tourism"]}]},{"@type":"BreadcrumbList","@id":"https:\/\/apkrks.net\/sq\/directorates\/directorate-for-wildlife-management-hunting-grazing-and-eco-tourism#breadcrumb","itemListElement":[{"@type":"ListItem","position":1,"name":"Home","item":"https:\/\/apkrks.net\/"},{"@type":"ListItem","position":2,"name":"Directorates","item":"https:\/\/apkrks.net\/sq\/directorates"},{"@type":"ListItem","position":3,"name":"Directorate for management of wildlife, hunting and eco-tourism"}]},{"@type":"WebSite","@id":"https:\/\/apkrks.net\/sq\/#website","url":"https:\/\/apkrks.net\/sq\/","name":"Agjencia Pyjore e Kosov\u00ebs","description":"","publisher":{"@id":"https:\/\/apkrks.net\/sq\/#organization"},"alternateName":"Agjencioni Pyjor i Kosov\u00ebs","potentialAction":[{"@type":"SearchAction","target":{"@type":"EntryPoint","urlTemplate":"https:\/\/apkrks.net\/sq\/?s={search_term_string}"},"query-input":{"@type":"PropertyValueSpecification","valueRequired":true,"valueName":"search_term_string"}}],"inLanguage":"sq"},{"@type":"Organization","@id":"https:\/\/apkrks.net\/sq\/#organization","name":"Agjencia Pyjore e Kosov\u00ebs","alternateName":"Agjencioni Pyjor i Kosov\u00ebs","url":"https:\/\/apkrks.net\/sq\/","logo":{"@type":"ImageObject","inLanguage":"sq","@id":"https:\/\/apkrks.net\/sq\/#\/schema\/logo\/image\/","url":"https:\/\/apkrks.net\/wp-content\/uploads\/2024\/06\/Emblema_e_qeverise_se_kosoves.png","contentUrl":"https:\/\/apkrks.net\/wp-content\/uploads\/2024\/06\/Emblema_e_qeverise_se_kosoves.png","width":217,"height":240,"caption":"Agjencia Pyjore e Kosov\u00ebs"},"image":{"@id":"https:\/\/apkrks.net\/sq\/#\/schema\/logo\/image\/"},"sameAs":["https:\/\/www.facebook.com\/profile.php?id=100064789090459","https:\/\/www.youtube.com\/@AgjenciaPyjoreeKosoves"]}]}},"_links":{"self":[{"href":"http:\/\/apkrks.net\/sq\/wp-json\/wp\/v2\/pages\/6725"}],"collection":[{"href":"http:\/\/apkrks.net\/sq\/wp-json\/wp\/v2\/pages"}],"about":[{"href":"http:\/\/apkrks.net\/sq\/wp-json\/wp\/v2\/types\/page"}],"author":[{"embeddable":true,"href":"http:\/\/apkrks.net\/sq\/wp-json\/wp\/v2\/users\/1"}],"replies":[{"embeddable":true,"href":"http:\/\/apkrks.net\/sq\/wp-json\/wp\/v2\/comments?post=6725"}],"version-history":[{"count":23,"href":"http:\/\/apkrks.net\/sq\/wp-json\/wp\/v2\/pages\/6725\/revisions"}],"predecessor-version":[{"id":7867,"href":"http:\/\/apkrks.net\/sq\/wp-json\/wp\/v2\/pages\/6725\/revisions\/7867"}],"up":[{"embeddable":true,"href":"http:\/\/apkrks.net\/sq\/wp-json\/wp\/v2\/pages\/6485"}],"wp:attachment":[{"href":"http:\/\/apkrks.net\/sq\/wp-json\/wp\/v2\/media?parent=6725"}],"curies":[{"name":"wp","href":"https:\/\/api.w.org\/{rel}","templated":true}]}}