{"id":6729,"date":"2024-06-18T13:59:29","date_gmt":"2024-06-18T13:59:29","guid":{"rendered":"https:\/\/apkrks.net\/?page_id=6729"},"modified":"2024-07-22T11:33:39","modified_gmt":"2024-07-22T11:33:39","slug":"directorate-of-central-inspection-for-forestry-and-hunting","status":"publish","type":"page","link":"http:\/\/apkrks.net\/sq\/directorates\/directorate-of-central-inspection-for-forestry-and-hunting","title":{"rendered":"Drejtorati Qendror i Inspektimit t\u00eb Pylltaris\u00eb dhe Gjuetis\u00eb"},"content":{"rendered":"<div data-elementor-type=\"wp-page\" data-elementor-id=\"6729\" class=\"elementor elementor-6729\">\n\t\t\t\t<div class=\"elementor-element elementor-element-fc5bd10 e-flex e-con-boxed e-con e-parent\" data-id=\"fc5bd10\" data-element_type=\"container\">\n\t\t\t\t\t<div class=\"e-con-inner\">\n\t\t<div class=\"elementor-element elementor-element-2cd7de0 e-con-full e-flex e-con e-child\" data-id=\"2cd7de0\" data-element_type=\"container\" data-settings=\"{&quot;background_background&quot;:&quot;classic&quot;}\">\n\t\t\t\t<div class=\"elementor-element elementor-element-fff2da5 elementor-widget elementor-widget-text-editor\" data-id=\"fff2da5\" data-element_type=\"widget\" data-widget_type=\"text-editor.default\">\n\t\t\t\t<div class=\"elementor-widget-container\">\n\t\t\t<style>\/*! elementor - v3.23.0 - 15-07-2024 *\/\n.elementor-widget-text-editor.elementor-drop-cap-view-stacked .elementor-drop-cap{background-color:#69727d;color:#fff}.elementor-widget-text-editor.elementor-drop-cap-view-framed .elementor-drop-cap{color:#69727d;border:3px solid;background-color:transparent}.elementor-widget-text-editor:not(.elementor-drop-cap-view-default) .elementor-drop-cap{margin-top:8px}.elementor-widget-text-editor:not(.elementor-drop-cap-view-default) .elementor-drop-cap-letter{width:1em;height:1em}.elementor-widget-text-editor .elementor-drop-cap{float:left;text-align:center;line-height:1;font-size:50px}.elementor-widget-text-editor .elementor-drop-cap-letter{display:inline-block}<\/style>\t\t\t\t<p><strong>Neni 18<br \/>Drejtorati Qendror i Inspektimit t\u00eb Pylltaris\u00eb dhe Gjuetis\u00eb<br \/><\/strong><\/p>\t\t\t\t\t\t<\/div>\n\t\t\t\t<\/div>\n\t\t\t\t<div class=\"elementor-element elementor-element-a5dd08e elementor-widget elementor-widget-text-editor\" data-id=\"a5dd08e\" data-element_type=\"widget\" data-widget_type=\"text-editor.default\">\n\t\t\t\t<div class=\"elementor-widget-container\">\n\t\t\t\t\t\t\t<p><strong>1.<\/strong> Detyrat dhe p\u0451rgjegj\u0451sit\u0451 e Drejtoratit t\u00eb Inspektimit Qendror t\u00eb Pylltaris\u00eb dhe Gjuetis\u00eb jan\u00eb:<br \/><strong>\u00a0 \u00a0 \u00a01.1.<\/strong> Zbaton legjislacionin e Pylltaris\u00eb dhe t\u00eb Gjuetis\u00eb;<br \/><strong>\u00a0 \u00a0 \u00a01.2.<\/strong> Monitoron dhe kontrollon implementimin e planeve menaxhuese vjetore, planet dhe programet pyjore t\u00eb zhvillimit, planet operacionale, planet e reproduksionit biologjik t\u00eb thjesht\u00eb dhe t\u00eb zgjeruar t\u00eb pyjeve, planet e mbrojtjes s\u00eb pyjeve, si dhe p\u00ebrmbushjen e tyre, librat zyrtare t\u00eb evidencave dhe dokumenteve tjera n\u00eb p\u00ebrdorim;<br \/><strong>\u00a0 \u00a0 \u00a01.3.<\/strong> Organizon dhe monitoron pun\u00ebn n\u00eb kuad\u00ebr t\u00eb kompetencave dhe p\u00ebrgjegj\u00ebsive, sipas\nrregullativ\u00ebs ligjore n\u00eb fuqi;<br \/><strong>\u00a0 \u00a0 \u00a01.4.<\/strong> Monitoron dhe kontrollon zbatimin e Ligjit, akteve n\u00ebnligjore, planeve menaxhuese, planeve\nvjetore, planeve operacionale, procedurave dhe standardeve profesionale nga l\u00ebmia e kontroll\u00ebs dhe inspektimit;<br \/><strong>\u00a0 \u00a0 \u00a01.5.<\/strong> Monitoron dhe identifikon aktivitetet q\u00eb bien ndesh dhe jan\u00eb n\u00eb kund\u00ebrshtim me rregullat e aprovuara, propozon masat parandaluese;<br \/><strong>\u00a0 \u00a0 \u00a01.6.<\/strong> Jep k\u00ebshilla, trajnon dhe angazhohet n\u00eb organizimin e takimeve profesionale t\u00eb ngritjes s\u00eb efikasitetit n\u00eb pun\u00eb;<br \/><strong>\u00a0 \u00a0 \u00a01.7.<\/strong> N\u00eb bashk\u00ebpunim me sektor\u00ebt tjer\u00eb propozon sipas nevojave t\u00eb paraqitura riformulimin dhe\nrishikimin e politikave afatgjate, legjislacionit, akteve n\u00ebnligjore, procedurat q\u00eb kan\u00eb t\u00eb b\u00ebjn\u00eb me\nzhvillimin e sektorit t\u00eb pylltaris\u00eb.<br \/><strong>2.<\/strong> Udh\u00ebheq\u00ebsi i Drejtoratit t\u00eb Inspektimit Qendror t\u00eb Pylltaris\u00eb dhe Gjuetis\u00eb raporton tek Drejtori i\np\u00ebrgjithsh\u00ebm Agjencis\u00eb Pyjore t\u00eb Kosov\u00ebs.<br \/><strong>3.<\/strong> N\u00eb kuad\u00ebr t\u00eb Drejtoratit t\u00eb Inspektimit Qendror t\u00eb Pylltaris\u00eb dhe Gjuetis\u00eb b\u00ebjn\u00eb pjes\u00eb:<br \/><strong>\u00a0 \u00a0 \u00a03.1.<\/strong> Sektori i Inspektimit p\u0451r Pylltari dhe<br \/><strong>\u00a0 \u00a0 \u00a03.2.<\/strong> Sektori i Inspektimit p\u0451r Gjueti.<br \/><strong>4.<\/strong> Numri i t\u00eb pun\u00ebsuarve n\u00eb Drejtoratin p\u0451r Inspektim Qendror t\u0451 Pylltaris\u00eb dhe Gjuetis\u00eb \u00ebsht\u00eb shtat\u00eb (7).<\/p>\t\t\t\t\t\t<\/div>\n\t\t\t\t<\/div>\n\t\t\t\t<div class=\"elementor-element elementor-element-a5c7e5f elementor-widget elementor-widget-text-editor\" data-id=\"a5c7e5f\" data-element_type=\"widget\" data-widget_type=\"text-editor.default\">\n\t\t\t\t<div class=\"elementor-widget-container\">\n\t\t\t\t\t\t\t<p><strong>Neni 19<br \/>Sektori i Inspektimit p\u00ebr Pylltari<br \/><\/strong><\/p>\t\t\t\t\t\t<\/div>\n\t\t\t\t<\/div>\n\t\t\t\t<div class=\"elementor-element elementor-element-b73fa36 elementor-widget elementor-widget-text-editor\" data-id=\"b73fa36\" data-element_type=\"widget\" data-widget_type=\"text-editor.default\">\n\t\t\t\t<div class=\"elementor-widget-container\">\n\t\t\t\t\t\t\t<p><strong>1.<\/strong> Detyrat dhe p\u00ebrgjegj\u00ebsit\u00eb e Sektorit t\u00eb Inspektimit p\u0451r Pylltari jan\u00eb:<br \/><strong>\u00a0 \u00a0 \u00a01.1.<\/strong> B\u00ebn monitorimin, kontrollimin dhe inspektimin e implementimit t\u00eb planeve menaxhuese afatgjata,\nvjetore, planet dhe programet pyjore t\u00eb zhvillimit, planet operacionale, planet e reproduktimit biologjik t\u00eb thjesht dhe t\u00eb zgjeruar t\u00eb pyjeve, planet e mbrojtjes s\u00eb pyjeve si dhe p\u00ebrmbushjen e tyre;<br \/><strong>\u00a0 \u00a0 \u00a01.2.<\/strong> Kontrollon t\u00eb gjitha pun\u00ebt n\u00eb pyje, objektet, veglat, sharrat si dhe t\u00eb gjitha vendet ku druri preh\u00ebt,\nvendoset, p\u00ebrpunohet, t\u00ebrhiqet nga pylli ose vihet n\u00eb qarkullim;<br \/><strong>\u00a0 \u00a0 \u00a01.3.<\/strong> Urdh\u00ebron dor\u00ebzimin e dokumentacionit dhe t\u00eb dh\u00ebnave tjera brenda afatit t\u00eb p\u00ebrcaktuar;<br \/><strong>\u00a0 \u00a0 \u00a01.4.<\/strong> Konfiskon p\u00ebrkoh\u00ebsisht pajisjet, mjetet dhe dokumentacionin e nevojsh\u00ebm p\u00ebr inspektim;<br \/><strong>\u00a0 \u00a0 \u00a01.5.<\/strong> Urdh\u00ebron nd\u00ebrmarrjen e masave dhe veprimeve p\u00ebrkat\u00ebse p\u00ebr evitimin e parregullsive dhe\nmang\u00ebsive n\u00eb afatin e p\u00ebrcaktuar;<br \/><strong>\u00a0 \u00a0 \u00a01.6.<\/strong> Kontrollon dhe p\u00ebrcjell\u00eb aplikimin e standard\u00ebve nga l\u00ebmi i Pylltaris\u00eb dhe Gjuetis\u00eb;<br \/><strong>\u00a0 \u00a0 \u00a01.7.<\/strong> P\u00ebrkoh\u00ebsisht ndalon prerjet dhe t\u00eb gjitha pun\u00ebt tjera q\u00eb nuk jan\u00eb n\u00eb pajtueshm\u00ebri me Ligjin dhe\nAktet tjera n\u00ebnligjore nga l\u00ebmi i Pylltaris\u00eb deri n\u00eb Vendimin p\u00ebrfundimtar t\u00eb organit kompetent;<br \/><strong>\u00a0 \u00a0 \u00a01.8.<\/strong> Kontrollon zgjedhjen dhe damkosjen e trungjeve p\u00ebr prerje;<br \/><strong>\u00a0 \u00a0 \u00a01.9.<\/strong> Kontrollon kryerjen e t\u00eb gjitha pun\u00ebve t\u00eb parapara me planet menaxhuese afatgjata, planet dhe t\u00eb\nmasave p\u00ebr luftimin e s\u00ebmundjeve bimore dhe t\u00eb d\u00ebmtuesve dhe urdh\u00ebron eliminimin e dob\u00ebsive n\u00eb\naplikimin e masave n\u00ebse v\u00ebrtetohet se Agjencia Pyjore e Kosov\u00ebs me Nj\u00ebsit e saja n\u00eb Pyjet Publike\ndhe pronaret e pyjeve private nuk ju p\u00ebrmbahen rregullave dhe masave t\u00eb mbrojtjes s\u00eb pyjeve;<br \/><strong>\u00a0 \u00a0 \u00a01.10.<\/strong> Kontrollon dhe Inspekton aplikimin e masave n\u00eb mbrojtje t\u00eb pyjeve dhe tokave pyjore nga\nuzurpimet dhe shfryt\u00ebzimet e kund\u00ebrligjshme dhe t\u00eb nd\u00ebrtimit t\u00eb objekteve pa leje dhe dokumentacion t\u00eb nevojsh\u00ebm;<br \/><strong>\u00a0 \u00a0 \u00a01.11.<\/strong> Monitoron dhe Inspekton p\u00ebrdorimin dhe administrimin e tokave pyjore si dh\u00ebnia me qira,\nnd\u00ebrrimi i destinimit, nd\u00ebrrimi i pron\u00ebs, gur\u00ebthyesit-guroret, nd\u00ebrtimet etj, n\u00eb pyje dhe toka pyjore.<br \/><strong>2.<\/strong> Udh\u00ebheq\u00ebsi i Sektorit t\u00eb inspektimit p\u00ebr Pylltari raporton tek Drejtori i Drejtoratit t\u00eb Inspektimit Qendror t\u00eb Pylltaris\u00eb dhe Gjuetis\u00eb.<br \/><strong>3.<\/strong> Numri i t\u00eb pun\u00ebsuarve n\u00eb Sektorin e inspektimit p\u00ebr Pylltari \u0451sht\u0451 tre (3).<\/p>\t\t\t\t\t\t<\/div>\n\t\t\t\t<\/div>\n\t\t\t\t<div class=\"elementor-element elementor-element-df6d9f9 elementor-widget elementor-widget-text-editor\" data-id=\"df6d9f9\" data-element_type=\"widget\" data-widget_type=\"text-editor.default\">\n\t\t\t\t<div class=\"elementor-widget-container\">\n\t\t\t\t\t\t\t<p><strong>Neni 20<br \/><\/strong><strong>Sektori i Inspektimit p\u00ebr Gjueti<\/strong><\/p>\t\t\t\t\t\t<\/div>\n\t\t\t\t<\/div>\n\t\t\t\t<div class=\"elementor-element elementor-element-92605ff elementor-widget elementor-widget-text-editor\" data-id=\"92605ff\" data-element_type=\"widget\" data-widget_type=\"text-editor.default\">\n\t\t\t\t<div class=\"elementor-widget-container\">\n\t\t\t\t\t\t\t<p><strong>1.<\/strong> Detyrat dhe p\u00ebrgjegj\u00ebsit\u00eb e Sektorit t\u00eb Inspektimit p\u00ebr Gjueti jan\u00eb:<br \/><strong>\u00a0 \u00a0 \u00a01.1.<\/strong> Ruan t\u00ebr\u00ebsin\u00eb e ekosistemit dhe baraspesh\u00ebs ekologjike, mbrojtja adekuate e kafsh\u00ebve t\u00eb egra,\nsigurimi i mir\u00ebqenies dhe kushteve p\u00ebr shfryt\u00ebzim ekonomik t\u00eb resurseve, nevoja p\u00ebr siguri dhe\nstandardin e etik\u00ebs s\u00eb gjahtar\u00ebve. Kontrollimin dhe implementimin e planeve menaxhuese afatgjata,\nvjetore, planet dhe programet zhvillimore t\u00eb gjuetis\u00eb;<br \/><strong>\u00a0 \u00a0 \u00a01.2.<\/strong> Inspekton plot\u00ebsimin e kushteve t\u00eb gjuetis\u00eb nga menaxheri i vend gjuetis\u00eb si dhe m\u00ebnyr\u00ebn\np\u00ebrcaktimit- shenj\u00ebzimit t\u00eb kufijve t\u00eb vendgjuetis\u00eb.<br \/><strong>\u00a0 \u00a0 \u00a01.3.<\/strong> Kontrollon zbatimin e Planit menaxhues dhe planeve operacionale vjetore t\u00eb menaxhimit me\nvendgjuetit\u00eb;<br \/><strong>\u00a0 \u00a0 \u00a01.4.<\/strong> Kontrollon librat afariste dhe dokumentacionin tjet\u00ebr kur paraqitet nevoja me q\u00ebllim t\u00eb shikimit t\u00eb\nshfryt\u00ebzimit t\u00eb mjeteve, zbatimin e rregullave dhe masave t\u00eb cilat kan\u00eb t\u00eb b\u00ebjn\u00eb me kafsh\u00ebt e egra\ndhe me vendgjuetit\u00eb;<br \/><strong>\u00a0 \u00a0 \u00a01.5.<\/strong> Kontrollon gjuajtjen e kafsh\u00ebve t\u00eb egra, lejen p\u00ebr gjuajtjen e kafsh\u00ebve t\u00eb egra, flet\u00ebp\u00ebrcjelljet dhe\nlistat e trofeve p\u00ebr kafsh\u00ebn e eg\u00ebr t\u00eb gjuajtur;<br \/><strong>\u00a0 \u00a0 \u00a01.6.<\/strong> Kontrollon p\u00ebrdorimin e arm\u00ebve dhe municionit t\u00eb p\u00ebrshtatsh\u00ebm p\u00ebr gjueti;<br \/><strong>\u00a0 \u00a0 \u00a01.7.<\/strong> Kontrollon dhe urdh\u00ebron zbatimin e masave p\u00ebr pengimin e d\u00ebmeve nga kafsh\u00ebt e egra,<br \/><strong>\u00a0 \u00a0 \u00a01.8.<\/strong> Urdh\u00ebron masat e p\u00ebrkohshme p\u00ebr pengimin e d\u00ebmeve n\u00eb kafsh\u00eb egra me theks t\u00eb ve\u00e7ant\u00eb p\u00ebr\nato t\u00eb mbrojtura dhe t\u00eb rrezikuara nga zhdukja;<br \/><strong>\u00a0 \u00a0 \u00a01.9.<\/strong> Kontrollon pun\u00ebtorit e personave q\u00eb b\u00ebjn\u00eb balsamimin e kafsh\u00ebve;<br \/><strong>\u00a0 \u00a0 \u00a01.10.<\/strong> P\u00ebrkoh\u00ebsisht konfiskon kafsh\u00ebn e eg\u00ebr t\u00eb gjuajtur n\u00eb m\u00ebnyr\u00eb t\u00eb kund\u00ebrligjshme dhe pjes\u00ebt e saja, ndalon v\u00ebnien n\u00eb qarkullim ose p\u00ebrvet\u00ebsimin e pa ligjsh\u00ebm t\u00eb kafsh\u00ebs s\u00eb mbytur dhe pjes\u00ebve t\u00eb\nsaja si dhe mjetet dhe pajisjet me t\u00eb cilat \u00ebsht\u00eb kryer veprimi i dyshuar, deri n\u00eb Vendimin\np\u00ebrfundimtar\u00eb t\u00eb organit kompetent;<br \/><strong>\u00a0 \u00a0 \u00a01.11.<\/strong> Urdh\u00ebron masat p\u00ebr pengimin e d\u00ebmeve n\u00eb rastet urgjente n\u00eb t\u00eb cilat mund t\u00eb shkaktohen d\u00ebme me p\u00ebrmasa me interes t\u00eb p\u00ebrgjithsh\u00ebm.<br \/><strong>2.<\/strong> Udh\u00ebheq\u00ebsi i Sektorit t\u00eb Inspektimit p\u0451r Gjueti raporton tek drejtori i Drejtoratit t\u00eb Inspektimit Qendror t\u00eb Pylltaris\u00eb dhe Gjuetis\u00eb.<br \/><strong>3.<\/strong> Numri i t\u00eb pun\u00ebsuarve n\u00eb Sektorin e inspektimit p\u00ebr Gjueti \u0451sht\u0451 tre (3).<\/p>\t\t\t\t\t\t<\/div>\n\t\t\t\t<\/div>\n\t\t\t\t<\/div>\n\t\t\t\t\t<\/div>\n\t\t\t\t<\/div>\n\t\t\t\t<\/div>","protected":false},"excerpt":{"rendered":"<p>Article 18DIRECTORATE OF CENTRAL INSPECTION FOR FORESTRY AND HUNTING 1. The duties and responsibilities of the Directorate of Central Inspection of Forestry and Hunting are:\u00a0 \u00a0 \u00a01.1. Implements Forestry and Hunting legislation;\u00a0 \u00a0 \u00a01.2. Monitors and controls the implementation of annual management plans, forest development plans and programs, operational plans, simple and extended biological reproduction [&hellip;]<\/p>","protected":false},"author":1,"featured_media":0,"parent":6485,"menu_order":0,"comment_status":"closed","ping_status":"closed","template":"","meta":{"inline_featured_image":false,"ngg_post_thumbnail":0,"footnotes":""},"class_list":["post-6729","page","type-page","status-publish","hentry"],"yoast_head":"<!-- This site is optimized with the Yoast SEO plugin v25.5 - https:\/\/yoast.com\/wordpress\/plugins\/seo\/ -->\n<title>Directorate of Central Inspection for Forestry and Hunting - Agjencia Pyjore e Kosov\u00ebs<\/title>\n<meta name=\"robots\" content=\"index, follow, max-snippet:-1, max-image-preview:large, max-video-preview:-1\" \/>\n<link rel=\"canonical\" href=\"https:\/\/apkrks.net\/sq\/directorates\/directorate-of-central-inspection-for-forestry-and-hunting\" \/>\n<script type=\"application\/ld+json\" class=\"yoast-schema-graph\">{\"@context\":\"https:\/\/schema.org\",\"@graph\":[{\"@type\":\"WebPage\",\"@id\":\"https:\/\/apkrks.net\/sq\/directorates\/directorate-of-central-inspection-for-forestry-and-hunting\",\"url\":\"https:\/\/apkrks.net\/sq\/directorates\/directorate-of-central-inspection-for-forestry-and-hunting\",\"name\":\"Directorate of Central Inspection for Forestry and Hunting - Agjencia Pyjore e Kosov\u00ebs\",\"isPartOf\":{\"@id\":\"https:\/\/apkrks.net\/sq\/#website\"},\"datePublished\":\"2024-06-18T13:59:29+00:00\",\"dateModified\":\"2024-07-22T11:33:39+00:00\",\"breadcrumb\":{\"@id\":\"https:\/\/apkrks.net\/sq\/directorates\/directorate-of-central-inspection-for-forestry-and-hunting#breadcrumb\"},\"inLanguage\":\"sq\",\"potentialAction\":[{\"@type\":\"ReadAction\",\"target\":[\"https:\/\/apkrks.net\/sq\/directorates\/directorate-of-central-inspection-for-forestry-and-hunting\"]}]},{\"@type\":\"BreadcrumbList\",\"@id\":\"https:\/\/apkrks.net\/sq\/directorates\/directorate-of-central-inspection-for-forestry-and-hunting#breadcrumb\",\"itemListElement\":[{\"@type\":\"ListItem\",\"position\":1,\"name\":\"Home\",\"item\":\"https:\/\/apkrks.net\/\"},{\"@type\":\"ListItem\",\"position\":2,\"name\":\"Directorates\",\"item\":\"https:\/\/apkrks.net\/sq\/directorates\"},{\"@type\":\"ListItem\",\"position\":3,\"name\":\"Directorate of Central Inspection for Forestry and Hunting\"}]},{\"@type\":\"WebSite\",\"@id\":\"https:\/\/apkrks.net\/sq\/#website\",\"url\":\"https:\/\/apkrks.net\/sq\/\",\"name\":\"Agjencia Pyjore e Kosov\u00ebs\",\"description\":\"\",\"publisher\":{\"@id\":\"https:\/\/apkrks.net\/sq\/#organization\"},\"alternateName\":\"Agjencioni Pyjor i Kosov\u00ebs\",\"potentialAction\":[{\"@type\":\"SearchAction\",\"target\":{\"@type\":\"EntryPoint\",\"urlTemplate\":\"https:\/\/apkrks.net\/sq\/?s={search_term_string}\"},\"query-input\":{\"@type\":\"PropertyValueSpecification\",\"valueRequired\":true,\"valueName\":\"search_term_string\"}}],\"inLanguage\":\"sq\"},{\"@type\":\"Organization\",\"@id\":\"https:\/\/apkrks.net\/sq\/#organization\",\"name\":\"Agjencia Pyjore e Kosov\u00ebs\",\"alternateName\":\"Agjencioni Pyjor i Kosov\u00ebs\",\"url\":\"https:\/\/apkrks.net\/sq\/\",\"logo\":{\"@type\":\"ImageObject\",\"inLanguage\":\"sq\",\"@id\":\"https:\/\/apkrks.net\/sq\/#\/schema\/logo\/image\/\",\"url\":\"https:\/\/apkrks.net\/wp-content\/uploads\/2024\/06\/Emblema_e_qeverise_se_kosoves.png\",\"contentUrl\":\"https:\/\/apkrks.net\/wp-content\/uploads\/2024\/06\/Emblema_e_qeverise_se_kosoves.png\",\"width\":217,\"height\":240,\"caption\":\"Agjencia Pyjore e Kosov\u00ebs\"},\"image\":{\"@id\":\"https:\/\/apkrks.net\/sq\/#\/schema\/logo\/image\/\"},\"sameAs\":[\"https:\/\/www.facebook.com\/profile.php?id=100064789090459\",\"https:\/\/www.youtube.com\/@AgjenciaPyjoreeKosoves\"]}]}<\/script>\n<!-- \/ Yoast SEO plugin. -->","yoast_head_json":{"title":"Directorate of Central Inspection for Forestry and Hunting - Agjencia Pyjore e Kosov\u00ebs","robots":{"index":"index","follow":"follow","max-snippet":"max-snippet:-1","max-image-preview":"max-image-preview:large","max-video-preview":"max-video-preview:-1"},"canonical":"https:\/\/apkrks.net\/sq\/directorates\/directorate-of-central-inspection-for-forestry-and-hunting","schema":{"@context":"https:\/\/schema.org","@graph":[{"@type":"WebPage","@id":"https:\/\/apkrks.net\/sq\/directorates\/directorate-of-central-inspection-for-forestry-and-hunting","url":"https:\/\/apkrks.net\/sq\/directorates\/directorate-of-central-inspection-for-forestry-and-hunting","name":"Directorate of Central Inspection for Forestry and Hunting - Agjencia Pyjore e Kosov\u00ebs","isPartOf":{"@id":"https:\/\/apkrks.net\/sq\/#website"},"datePublished":"2024-06-18T13:59:29+00:00","dateModified":"2024-07-22T11:33:39+00:00","breadcrumb":{"@id":"https:\/\/apkrks.net\/sq\/directorates\/directorate-of-central-inspection-for-forestry-and-hunting#breadcrumb"},"inLanguage":"sq","potentialAction":[{"@type":"ReadAction","target":["https:\/\/apkrks.net\/sq\/directorates\/directorate-of-central-inspection-for-forestry-and-hunting"]}]},{"@type":"BreadcrumbList","@id":"https:\/\/apkrks.net\/sq\/directorates\/directorate-of-central-inspection-for-forestry-and-hunting#breadcrumb","itemListElement":[{"@type":"ListItem","position":1,"name":"Home","item":"https:\/\/apkrks.net\/"},{"@type":"ListItem","position":2,"name":"Directorates","item":"https:\/\/apkrks.net\/sq\/directorates"},{"@type":"ListItem","position":3,"name":"Directorate of Central Inspection for Forestry and Hunting"}]},{"@type":"WebSite","@id":"https:\/\/apkrks.net\/sq\/#website","url":"https:\/\/apkrks.net\/sq\/","name":"Agjencia Pyjore e Kosov\u00ebs","description":"","publisher":{"@id":"https:\/\/apkrks.net\/sq\/#organization"},"alternateName":"Agjencioni Pyjor i Kosov\u00ebs","potentialAction":[{"@type":"SearchAction","target":{"@type":"EntryPoint","urlTemplate":"https:\/\/apkrks.net\/sq\/?s={search_term_string}"},"query-input":{"@type":"PropertyValueSpecification","valueRequired":true,"valueName":"search_term_string"}}],"inLanguage":"sq"},{"@type":"Organization","@id":"https:\/\/apkrks.net\/sq\/#organization","name":"Agjencia Pyjore e Kosov\u00ebs","alternateName":"Agjencioni Pyjor i Kosov\u00ebs","url":"https:\/\/apkrks.net\/sq\/","logo":{"@type":"ImageObject","inLanguage":"sq","@id":"https:\/\/apkrks.net\/sq\/#\/schema\/logo\/image\/","url":"https:\/\/apkrks.net\/wp-content\/uploads\/2024\/06\/Emblema_e_qeverise_se_kosoves.png","contentUrl":"https:\/\/apkrks.net\/wp-content\/uploads\/2024\/06\/Emblema_e_qeverise_se_kosoves.png","width":217,"height":240,"caption":"Agjencia Pyjore e Kosov\u00ebs"},"image":{"@id":"https:\/\/apkrks.net\/sq\/#\/schema\/logo\/image\/"},"sameAs":["https:\/\/www.facebook.com\/profile.php?id=100064789090459","https:\/\/www.youtube.com\/@AgjenciaPyjoreeKosoves"]}]}},"_links":{"self":[{"href":"http:\/\/apkrks.net\/sq\/wp-json\/wp\/v2\/pages\/6729"}],"collection":[{"href":"http:\/\/apkrks.net\/sq\/wp-json\/wp\/v2\/pages"}],"about":[{"href":"http:\/\/apkrks.net\/sq\/wp-json\/wp\/v2\/types\/page"}],"author":[{"embeddable":true,"href":"http:\/\/apkrks.net\/sq\/wp-json\/wp\/v2\/users\/1"}],"replies":[{"embeddable":true,"href":"http:\/\/apkrks.net\/sq\/wp-json\/wp\/v2\/comments?post=6729"}],"version-history":[{"count":20,"href":"http:\/\/apkrks.net\/sq\/wp-json\/wp\/v2\/pages\/6729\/revisions"}],"predecessor-version":[{"id":7906,"href":"http:\/\/apkrks.net\/sq\/wp-json\/wp\/v2\/pages\/6729\/revisions\/7906"}],"up":[{"embeddable":true,"href":"http:\/\/apkrks.net\/sq\/wp-json\/wp\/v2\/pages\/6485"}],"wp:attachment":[{"href":"http:\/\/apkrks.net\/sq\/wp-json\/wp\/v2\/media?parent=6729"}],"curies":[{"name":"wp","href":"https:\/\/api.w.org\/{rel}","templated":true}]}}