{"id":6731,"date":"2024-06-18T14:00:07","date_gmt":"2024-06-18T14:00:07","guid":{"rendered":"https:\/\/apkrks.net\/?page_id=6731"},"modified":"2024-07-19T13:34:40","modified_gmt":"2024-07-19T13:34:40","slug":"legal-directorate","status":"publish","type":"page","link":"http:\/\/apkrks.net\/sq\/directorates\/legal-directorate","title":{"rendered":"Drejtorati Ligjor"},"content":{"rendered":"<div data-elementor-type=\"wp-page\" data-elementor-id=\"6731\" class=\"elementor elementor-6731\">\n\t\t\t\t<div class=\"elementor-element elementor-element-200b8f0 e-flex e-con-boxed e-con e-parent\" data-id=\"200b8f0\" data-element_type=\"container\">\n\t\t\t\t\t<div class=\"e-con-inner\">\n\t\t<div class=\"elementor-element elementor-element-4949924 e-con-full e-flex e-con e-child\" data-id=\"4949924\" data-element_type=\"container\" data-settings=\"{&quot;background_background&quot;:&quot;classic&quot;}\">\n\t\t\t\t<div class=\"elementor-element elementor-element-f03e373 elementor-widget elementor-widget-text-editor\" data-id=\"f03e373\" data-element_type=\"widget\" data-widget_type=\"text-editor.default\">\n\t\t\t\t<div class=\"elementor-widget-container\">\n\t\t\t<style>\/*! elementor - v3.23.0 - 15-07-2024 *\/\n.elementor-widget-text-editor.elementor-drop-cap-view-stacked .elementor-drop-cap{background-color:#69727d;color:#fff}.elementor-widget-text-editor.elementor-drop-cap-view-framed .elementor-drop-cap{color:#69727d;border:3px solid;background-color:transparent}.elementor-widget-text-editor:not(.elementor-drop-cap-view-default) .elementor-drop-cap{margin-top:8px}.elementor-widget-text-editor:not(.elementor-drop-cap-view-default) .elementor-drop-cap-letter{width:1em;height:1em}.elementor-widget-text-editor .elementor-drop-cap{float:left;text-align:center;line-height:1;font-size:50px}.elementor-widget-text-editor .elementor-drop-cap-letter{display:inline-block}<\/style>\t\t\t\t<p><strong>Neni 21<br \/>Drejtorati Ligjor<\/strong><\/p>\t\t\t\t\t\t<\/div>\n\t\t\t\t<\/div>\n\t\t\t\t<div class=\"elementor-element elementor-element-a73b4e3 elementor-widget elementor-widget-text-editor\" data-id=\"a73b4e3\" data-element_type=\"widget\" data-widget_type=\"text-editor.default\">\n\t\t\t\t<div class=\"elementor-widget-container\">\n\t\t\t\t\t\t\t<p><strong>1.<\/strong> Detyrat dhe p\u0451rgjegj\u0451sit\u0451 e Drejtoratit ligjor jan\u00eb:<br \/><strong>\u00a0 \u00a0 \u00a01.1.<\/strong> Ofron mb\u00ebshtetje ligjore n\u00eb hartimin e dokumetve strategjike dhe zbatimin e legjislacionit nga fush\u00eb veprimtaria e Agjencis\u00eb Pyjore;<br \/><strong>\u00a0 \u00a0 \u00a01.2.<\/strong> Ofron mb\u00ebshtetje ligjore p\u00ebr hartimin e procedurave dhe standardeve sa kan\u00eb t\u00eb b\u00ebjn\u00eb me aktivitetet e Agjencis\u00eb Pyjore;<br \/><strong>\u00a0 \u00a0 \u00a01.3.<\/strong> Ofron mb\u00ebshtetje ligjore sipas k\u00ebrkes\u00ebs p\u00ebr t\u00eb gjitha aktivitetet tjera t\u00eb Agjencis\u00eb Pyjore t\u00eb\nKosov\u00ebs dhe Drejtorateve Koordinuese t\u00eb Agjencis\u00eb Pyjore;<br \/><strong>\u00a0 \u00a0 \u00a01.4.<\/strong> Siguron harmonizimin e legjislacionit t\u00eb Agjencis\u00eb Pyjore me legjislacionin e Bashkimit Evropian\n(acqui t\u00eb BE-s\u00eb) si dhe me ligjet e aplikueshme n\u00eb Republik\u00ebn e Kosov\u00ebs,<br \/><strong>\u00a0 \u00a0 \u00a01.5.<\/strong> Ofron k\u00ebshilla ligjore dhe rekomandime nga fush\u00ebveprimatria e Agjnecis\u00eb Pyjore;<br \/><strong>\u00a0 \u00a0 \u00a01.6.<\/strong> Bashk\u00ebpunon me Departamentin Ligjor n\u00eb Ministrin\u00eb e Bujq\u00ebsis\u00eb, Pylltaris\u00eb dhe Zhvillimit Rural dhe Ministrin\u00eb e Drejt\u00ebsis\u00eb p\u00ebr p\u00ebrfaq\u00ebsimin e Agjencis\u00eb Pyjore n\u00eb konteste gjyq\u00ebsore.<br \/><strong>2.<\/strong> Udh\u00ebheq\u00ebsi i Drejtoratit ligjor raporton tek Drejtori i P\u00ebrgjithsh\u00ebm i Agjencis\u00eb Pyjore t\u00eb Kosov\u00ebs.<br \/><strong>3.<\/strong> N\u00eb kuad\u00ebr t\u00eb Drejtoratit Ligjor dhe Sh\u00ebrbime b\u00ebjn\u00eb pjes\u00eb:<br \/><strong>\u00a0 \u00a0 \u00a03.1.<\/strong> Sektori p\u00ebr hartimin dhe harmonizimin e legjislacionit;<br \/><strong>\u00a0 \u00a0 \u00a03.2.<\/strong> Sektori p\u00ebr Mbik\u00ebqyrjen e zbatimit t\u00eb legjislacionit dhe mb\u00ebshtetje ligjore p\u00ebr strukturat\norganizative t\u00eb Agjencis\u00eb Pyjore.<br \/><strong>4.<\/strong> Numri i t\u00eb pun\u00ebsuarve n\u00eb Drejtoratin p\u00ebr Ligjore \u0451sht\u0451 shtat\u00eb (7).<\/p>\t\t\t\t\t\t<\/div>\n\t\t\t\t<\/div>\n\t\t\t\t<\/div>\n\t\t\t\t\t<\/div>\n\t\t\t\t<\/div>\n\t\t\t\t<\/div>","protected":false},"excerpt":{"rendered":"<p>Article 21LEGAL DIRECTORATE 1. The duties and responsibilities of the Legal Directorate are:\u00a0 \u00a0 \u00a01.1. Provides legal support in the drafting of strategic documents and the implementation of legislation in the field of activity of the Forestry Agency;\u00a0 \u00a0 \u00a01.2. Provides legal support for the drafting of procedures and standards related to the activities of [&hellip;]<\/p>","protected":false},"author":1,"featured_media":0,"parent":6485,"menu_order":0,"comment_status":"closed","ping_status":"closed","template":"","meta":{"inline_featured_image":false,"ngg_post_thumbnail":0,"footnotes":""},"class_list":["post-6731","page","type-page","status-publish","hentry"],"yoast_head":"<!-- This site is optimized with the Yoast SEO plugin v25.5 - https:\/\/yoast.com\/wordpress\/plugins\/seo\/ -->\n<title>Legal Directorate - Agjencia Pyjore e Kosov\u00ebs<\/title>\n<meta name=\"robots\" content=\"index, follow, max-snippet:-1, max-image-preview:large, max-video-preview:-1\" \/>\n<link rel=\"canonical\" href=\"https:\/\/apkrks.net\/sq\/directorates\/legal-directorate\" \/>\n<script type=\"application\/ld+json\" class=\"yoast-schema-graph\">{\"@context\":\"https:\/\/schema.org\",\"@graph\":[{\"@type\":\"WebPage\",\"@id\":\"https:\/\/apkrks.net\/sq\/directorates\/legal-directorate\",\"url\":\"https:\/\/apkrks.net\/sq\/directorates\/legal-directorate\",\"name\":\"Legal Directorate - Agjencia Pyjore e Kosov\u00ebs\",\"isPartOf\":{\"@id\":\"https:\/\/apkrks.net\/sq\/#website\"},\"datePublished\":\"2024-06-18T14:00:07+00:00\",\"dateModified\":\"2024-07-19T13:34:40+00:00\",\"breadcrumb\":{\"@id\":\"https:\/\/apkrks.net\/sq\/directorates\/legal-directorate#breadcrumb\"},\"inLanguage\":\"sq\",\"potentialAction\":[{\"@type\":\"ReadAction\",\"target\":[\"https:\/\/apkrks.net\/sq\/directorates\/legal-directorate\"]}]},{\"@type\":\"BreadcrumbList\",\"@id\":\"https:\/\/apkrks.net\/sq\/directorates\/legal-directorate#breadcrumb\",\"itemListElement\":[{\"@type\":\"ListItem\",\"position\":1,\"name\":\"Home\",\"item\":\"https:\/\/apkrks.net\/\"},{\"@type\":\"ListItem\",\"position\":2,\"name\":\"Directorates\",\"item\":\"https:\/\/apkrks.net\/sq\/directorates\"},{\"@type\":\"ListItem\",\"position\":3,\"name\":\"Legal Directorate\"}]},{\"@type\":\"WebSite\",\"@id\":\"https:\/\/apkrks.net\/sq\/#website\",\"url\":\"https:\/\/apkrks.net\/sq\/\",\"name\":\"Agjencia Pyjore e Kosov\u00ebs\",\"description\":\"\",\"publisher\":{\"@id\":\"https:\/\/apkrks.net\/sq\/#organization\"},\"alternateName\":\"Agjencioni Pyjor i Kosov\u00ebs\",\"potentialAction\":[{\"@type\":\"SearchAction\",\"target\":{\"@type\":\"EntryPoint\",\"urlTemplate\":\"https:\/\/apkrks.net\/sq\/?s={search_term_string}\"},\"query-input\":{\"@type\":\"PropertyValueSpecification\",\"valueRequired\":true,\"valueName\":\"search_term_string\"}}],\"inLanguage\":\"sq\"},{\"@type\":\"Organization\",\"@id\":\"https:\/\/apkrks.net\/sq\/#organization\",\"name\":\"Agjencia Pyjore e Kosov\u00ebs\",\"alternateName\":\"Agjencioni Pyjor i Kosov\u00ebs\",\"url\":\"https:\/\/apkrks.net\/sq\/\",\"logo\":{\"@type\":\"ImageObject\",\"inLanguage\":\"sq\",\"@id\":\"https:\/\/apkrks.net\/sq\/#\/schema\/logo\/image\/\",\"url\":\"https:\/\/apkrks.net\/wp-content\/uploads\/2024\/06\/Emblema_e_qeverise_se_kosoves.png\",\"contentUrl\":\"https:\/\/apkrks.net\/wp-content\/uploads\/2024\/06\/Emblema_e_qeverise_se_kosoves.png\",\"width\":217,\"height\":240,\"caption\":\"Agjencia Pyjore e Kosov\u00ebs\"},\"image\":{\"@id\":\"https:\/\/apkrks.net\/sq\/#\/schema\/logo\/image\/\"},\"sameAs\":[\"https:\/\/www.facebook.com\/profile.php?id=100064789090459\",\"https:\/\/www.youtube.com\/@AgjenciaPyjoreeKosoves\"]}]}<\/script>\n<!-- \/ Yoast SEO plugin. -->","yoast_head_json":{"title":"Legal Directorate - Agjencia Pyjore e Kosov\u00ebs","robots":{"index":"index","follow":"follow","max-snippet":"max-snippet:-1","max-image-preview":"max-image-preview:large","max-video-preview":"max-video-preview:-1"},"canonical":"https:\/\/apkrks.net\/sq\/directorates\/legal-directorate","schema":{"@context":"https:\/\/schema.org","@graph":[{"@type":"WebPage","@id":"https:\/\/apkrks.net\/sq\/directorates\/legal-directorate","url":"https:\/\/apkrks.net\/sq\/directorates\/legal-directorate","name":"Legal Directorate - Agjencia Pyjore e Kosov\u00ebs","isPartOf":{"@id":"https:\/\/apkrks.net\/sq\/#website"},"datePublished":"2024-06-18T14:00:07+00:00","dateModified":"2024-07-19T13:34:40+00:00","breadcrumb":{"@id":"https:\/\/apkrks.net\/sq\/directorates\/legal-directorate#breadcrumb"},"inLanguage":"sq","potentialAction":[{"@type":"ReadAction","target":["https:\/\/apkrks.net\/sq\/directorates\/legal-directorate"]}]},{"@type":"BreadcrumbList","@id":"https:\/\/apkrks.net\/sq\/directorates\/legal-directorate#breadcrumb","itemListElement":[{"@type":"ListItem","position":1,"name":"Home","item":"https:\/\/apkrks.net\/"},{"@type":"ListItem","position":2,"name":"Directorates","item":"https:\/\/apkrks.net\/sq\/directorates"},{"@type":"ListItem","position":3,"name":"Legal Directorate"}]},{"@type":"WebSite","@id":"https:\/\/apkrks.net\/sq\/#website","url":"https:\/\/apkrks.net\/sq\/","name":"Agjencia Pyjore e Kosov\u00ebs","description":"","publisher":{"@id":"https:\/\/apkrks.net\/sq\/#organization"},"alternateName":"Agjencioni Pyjor i Kosov\u00ebs","potentialAction":[{"@type":"SearchAction","target":{"@type":"EntryPoint","urlTemplate":"https:\/\/apkrks.net\/sq\/?s={search_term_string}"},"query-input":{"@type":"PropertyValueSpecification","valueRequired":true,"valueName":"search_term_string"}}],"inLanguage":"sq"},{"@type":"Organization","@id":"https:\/\/apkrks.net\/sq\/#organization","name":"Agjencia Pyjore e Kosov\u00ebs","alternateName":"Agjencioni Pyjor i Kosov\u00ebs","url":"https:\/\/apkrks.net\/sq\/","logo":{"@type":"ImageObject","inLanguage":"sq","@id":"https:\/\/apkrks.net\/sq\/#\/schema\/logo\/image\/","url":"https:\/\/apkrks.net\/wp-content\/uploads\/2024\/06\/Emblema_e_qeverise_se_kosoves.png","contentUrl":"https:\/\/apkrks.net\/wp-content\/uploads\/2024\/06\/Emblema_e_qeverise_se_kosoves.png","width":217,"height":240,"caption":"Agjencia Pyjore e Kosov\u00ebs"},"image":{"@id":"https:\/\/apkrks.net\/sq\/#\/schema\/logo\/image\/"},"sameAs":["https:\/\/www.facebook.com\/profile.php?id=100064789090459","https:\/\/www.youtube.com\/@AgjenciaPyjoreeKosoves"]}]}},"_links":{"self":[{"href":"http:\/\/apkrks.net\/sq\/wp-json\/wp\/v2\/pages\/6731"}],"collection":[{"href":"http:\/\/apkrks.net\/sq\/wp-json\/wp\/v2\/pages"}],"about":[{"href":"http:\/\/apkrks.net\/sq\/wp-json\/wp\/v2\/types\/page"}],"author":[{"embeddable":true,"href":"http:\/\/apkrks.net\/sq\/wp-json\/wp\/v2\/users\/1"}],"replies":[{"embeddable":true,"href":"http:\/\/apkrks.net\/sq\/wp-json\/wp\/v2\/comments?post=6731"}],"version-history":[{"count":5,"href":"http:\/\/apkrks.net\/sq\/wp-json\/wp\/v2\/pages\/6731\/revisions"}],"predecessor-version":[{"id":7815,"href":"http:\/\/apkrks.net\/sq\/wp-json\/wp\/v2\/pages\/6731\/revisions\/7815"}],"up":[{"embeddable":true,"href":"http:\/\/apkrks.net\/sq\/wp-json\/wp\/v2\/pages\/6485"}],"wp:attachment":[{"href":"http:\/\/apkrks.net\/sq\/wp-json\/wp\/v2\/media?parent=6731"}],"curies":[{"name":"wp","href":"https:\/\/api.w.org\/{rel}","templated":true}]}}