{"id":7354,"date":"2024-07-12T12:35:38","date_gmt":"2024-07-12T12:35:38","guid":{"rendered":"https:\/\/apkrks.net\/?page_id=7354"},"modified":"2024-07-18T09:35:36","modified_gmt":"2024-07-18T09:35:36","slug":"gcp-kos-007-swe","status":"publish","type":"page","link":"http:\/\/apkrks.net\/sr\/international-support\/gcp-kos-007-swe","title":{"rendered":"GCP\/KOS\/007\/SWE"},"content":{"rendered":"<div data-elementor-type=\"wp-page\" data-elementor-id=\"7354\" class=\"elementor elementor-7354\">\n\t\t\t\t<div class=\"elementor-element elementor-element-afd436a e-flex e-con-boxed e-con e-parent\" data-id=\"afd436a\" data-element_type=\"container\">\n\t\t\t\t\t<div class=\"e-con-inner\">\n\t\t\t\t<div class=\"elementor-element elementor-element-15b3b37 elementor-widget elementor-widget-text-editor\" data-id=\"15b3b37\" data-element_type=\"widget\" data-widget_type=\"text-editor.default\">\n\t\t\t\t<div class=\"elementor-widget-container\">\n\t\t\t<style>\/*! elementor - v3.23.0 - 15-07-2024 *\/\n.elementor-widget-text-editor.elementor-drop-cap-view-stacked .elementor-drop-cap{background-color:#69727d;color:#fff}.elementor-widget-text-editor.elementor-drop-cap-view-framed .elementor-drop-cap{color:#69727d;border:3px solid;background-color:transparent}.elementor-widget-text-editor:not(.elementor-drop-cap-view-default) .elementor-drop-cap{margin-top:8px}.elementor-widget-text-editor:not(.elementor-drop-cap-view-default) .elementor-drop-cap-letter{width:1em;height:1em}.elementor-widget-text-editor .elementor-drop-cap{float:left;text-align:center;line-height:1;font-size:50px}.elementor-widget-text-editor .elementor-drop-cap-letter{display:inline-block}<\/style>\t\t\t\tProjekat <b>\u201ePodr\u0161ka ja\u010danju odr\u017eivog i vi\u0161enamenskog gazdovanja \u0161umama u cilju pobolj\u0161anja \u017eivota na selu i re\u0161avanja klimatskih promena na Kosovu\u201c<\/b> \u2013 GCP\/KOS\/007\/SVE ima za cilj povec\u0301anje doprinosa sektora \u0161umarstva privredi Kosova kroz participativno i rodno odgovorno upravljanje \u0161umama i oja\u010dano je u skladu sa relevantnim pravilima o \u0161umama i podr\u017eano lancima vrednosti za smanjenje siroma\u0161tva.\t\t\t\t\t\t<\/div>\n\t\t\t\t<\/div>\n\t\t\t\t<div class=\"elementor-element elementor-element-fee24cb elementor-widget elementor-widget-heading\" data-id=\"fee24cb\" data-element_type=\"widget\" data-widget_type=\"heading.default\">\n\t\t\t\t<div class=\"elementor-widget-container\">\n\t\t\t<style>\/*! elementor - v3.23.0 - 15-07-2024 *\/\n.elementor-heading-title{padding:0;margin:0;line-height:1}.elementor-widget-heading .elementor-heading-title[class*=elementor-size-]>a{color:inherit;font-size:inherit;line-height:inherit}.elementor-widget-heading .elementor-heading-title.elementor-size-small{font-size:15px}.elementor-widget-heading .elementor-heading-title.elementor-size-medium{font-size:19px}.elementor-widget-heading .elementor-heading-title.elementor-size-large{font-size:29px}.elementor-widget-heading .elementor-heading-title.elementor-size-xl{font-size:39px}.elementor-widget-heading .elementor-heading-title.elementor-size-xxl{font-size:59px}<\/style><h2 class=\"elementor-heading-title elementor-size-default\">\u010cinjenice<\/h2>\t\t<\/div>\n\t\t\t\t<\/div>\n\t\t\t\t<div class=\"elementor-element elementor-element-33d7c8a elementor-widget elementor-widget-text-editor\" data-id=\"33d7c8a\" data-element_type=\"widget\" data-widget_type=\"text-editor.default\">\n\t\t\t\t<div class=\"elementor-widget-container\">\n\t\t\t\t\t\t\t<p><strong>NAZIV PROJEKTA:\u00a0<\/strong> \u201ePodr\u0161ka ja\u010danju odr\u017eivog i vi\u0161enamenskog gazdovanja \u0161umama u cilju pobolj\u0161anja \u017eivota na selu i re\u0161avanja klimatskih promena na Kosovu\u201c<\/p><p><strong>OP\u0160TI CILJEVI:<\/strong>\u00a0Podr\u0161ka povec\u0301anju doprinosa sektora \u0161umarstva kosovskoj ekonomiji i smanjenju siroma\u0161tva u ruralnim oblastima kroz efikasno i rodno odgovorno upravljanje \u0161umama<\/p><p><strong>LOKACIJA:<\/strong> Kosovo<\/p><p><strong>SEKTOR:<\/strong> \u017divotna sredina \/ \u0160ume<\/p><p><strong>TRAJANJE: <\/strong>2 godine (1. januara 2022. do 1. januara 2024.)<\/p><p><strong>VREDNOST: <\/strong>EUR 1.5 Million<\/p><p><strong>AGENCIJA ZA IMPLEMENTACIJU:<\/strong> FAO (Food and Agriculture Organization of the United Nations)<\/p><p><strong>PARTNERI:<\/strong>\u00a0Ambasada \u0160vedske u Pri\u0161tini, Ministarstvo poljoprivrede, \u0161umarstva i ruralnog razvoja na Kosovu, Ministarstvo \u017eivotne sredine, prostornog planiranja i infrastrukture na Kosovu<\/p><p><strong>KORISNICI:<\/strong>\u00a0Ministarstvo poljoprivrede, \u0161umarstva i ruralnog razvoja i Kosovska agencija za \u0161ume, direkcije za \u0161umarstvo na op\u0161tinskom nivou, korisnici \u0161uma, mala i srednja preduzec\u0301a uklju\u010dena u aktivnosti \u0161umarstva, op\u0161ta javnost.<\/p><p><strong>AKTIVNOSTI:<\/strong> Uspostaviti kosovsku radnu grupu za zakonitost drveta i obezbediti njen sekretarijat. Oja\u010dati kapacitete javnih slu\u017ebi i obezbediti opremu za otkrivanje i suzbijanje nelegalne se\u010de, transporta i trgovine; Podic\u0301i svijest javnosti o pitanjima zakonitosti u \u0161umarstvu i prometu drvne gra\u0111e; Pratiti implementaciju medijskih ugovora i proceniti uticaj; Operacionalizovati informacioni sistem o \u0161umama Kosova za transparentno dono\u0161enje odluka u odr\u017eivom gazdovanju \u0161umama; Organizovanje doga\u0111aja za sektorsku reviziju i izradu izve\u0161taja o napretku sektora Podr\u017eati sprovo\u0111enje akcionog plana Nacionalnog programa zdravlja \u0161uma (NFHP) za prac\u0301enje i prevenciju izbijanja \u0161teto\u010dina i bolesti; Podr\u017eati implementaciju Nacionalnog programa po\u0161umljavanja i po\u0161umljavanja (NARP), koji uklju\u010duje \u017eene, mlade, etni\u010dke manjine i ruralna MSP; Pobolj\u0161ati proizvodnju sadnica li\u0161c\u0301ara; Identifikujte moguc\u0301nosti za promovisanje vi\u0161enamenskog \u0161umarstva: oblasti prihvatljivosti, veli\u010dina ciljne oblasti, ciljne grupe (etni\u010dka pripadnost, pol), sistem davanja i prac\u0301enja, itd. Obezbedite prakti\u010dnu obuku o vi\u0161enamenskim tehnikama upravljanja, prekomercijalnim \u0161umskouzgojnim radovima (rekreacija, ND\u0160P, po\u0161umljavanje me\u0161ovitih \u0161uma, po\u0161umljavanje, negovanje, navodnjavanje i prvo prore\u0111ivanje) Razviti rodno osetljive lance vrednosti \u0161uma za smanjenje neregulisane se\u010de i ubla\u017eiti siroma\u0161tvo; Izgraditi kapacitete za prevenciju \u0161umskih po\u017eara i pripravnost i integrisati ih u planiranje gazdovanja \u0161umama; Obuka na poslu 200 vatrogasaca i volontera za prevenciju po\u017eara i radnika u javnim \u0161umama Nabavka i distribucija opreme (prenosivi aparati za ga\u0161enje po\u017eara, pumpe, creva, itd.) i obuka krajnjih korisnika<\/p><p><strong>Rezultati:<\/strong>\u00a0Pobolj\u0161ati zakonitost drvne gra\u0111e, trgovinu i sprovo\u0111enje zakona u sektoru \u0161umarstva; Povec\u0301ati transparentnost i oja\u010dati institucionalne kapacitete za dobro upravljanje i implementaciju \u0161umarskih politika, strategija i programa; Uvesti vi\u0161enamensko gazdovanje \u0161umama i inkluzivne lance vrednosti \u0161uma za smanjenje siroma\u0161tva \u017eena i mu\u0161karaca na selu.<\/p>\t\t\t\t\t\t<\/div>\n\t\t\t\t<\/div>\n\t\t\t\t\t<\/div>\n\t\t\t\t<\/div>\n\t\t\t\t<\/div>","protected":false},"excerpt":{"rendered":"<p>The project \u201cSupport to strengthening sustainable and multipurpose forest management to improve rural livelihoods and address climate change in Kosovo\u201d &#8211; GCP\/KOS\/007\/SWE aims at increasing the contribution of forest sectors to the Kosovo economy through a participatory and gender-responsive forest management and is strengthened in accordance with relevant rules on forests and supported with value-chains [&hellip;]<\/p>","protected":false},"author":1,"featured_media":6765,"parent":146,"menu_order":0,"comment_status":"closed","ping_status":"closed","template":"","meta":{"inline_featured_image":false,"ngg_post_thumbnail":0,"footnotes":""},"class_list":["post-7354","page","type-page","status-publish","has-post-thumbnail","hentry"],"yoast_head":"<!-- This site is optimized with the Yoast SEO plugin v25.5 - https:\/\/yoast.com\/wordpress\/plugins\/seo\/ -->\n<title>GCP\/KOS\/007\/SWE - Agjencia Pyjore e Kosov\u00ebs<\/title>\n<meta name=\"robots\" content=\"index, follow, max-snippet:-1, max-image-preview:large, max-video-preview:-1\" \/>\n<link rel=\"canonical\" href=\"http:\/\/apkrks.net\/sr\/international-support\/gcp-kos-007-swe\/\" \/>\n<script type=\"application\/ld+json\" class=\"yoast-schema-graph\">{\"@context\":\"https:\/\/schema.org\",\"@graph\":[{\"@type\":\"WebPage\",\"@id\":\"https:\/\/apkrks.net\/international-support\/gcp-kos-007-swe\",\"url\":\"https:\/\/apkrks.net\/international-support\/gcp-kos-007-swe\",\"name\":\"GCP\/KOS\/007\/SWE - Agjencia Pyjore e Kosov\u00ebs\",\"isPartOf\":{\"@id\":\"https:\/\/apkrks.net\/sq\/#website\"},\"primaryImageOfPage\":{\"@id\":\"https:\/\/apkrks.net\/international-support\/gcp-kos-007-swe#primaryimage\"},\"image\":{\"@id\":\"https:\/\/apkrks.net\/international-support\/gcp-kos-007-swe#primaryimage\"},\"thumbnailUrl\":\"https:\/\/apkrks.net\/wp-content\/uploads\/2024\/06\/pk2.jpg\",\"datePublished\":\"2024-07-12T12:35:38+00:00\",\"dateModified\":\"2024-07-18T09:35:36+00:00\",\"breadcrumb\":{\"@id\":\"https:\/\/apkrks.net\/international-support\/gcp-kos-007-swe#breadcrumb\"},\"inLanguage\":\"sr-RS\",\"potentialAction\":[{\"@type\":\"ReadAction\",\"target\":[\"https:\/\/apkrks.net\/international-support\/gcp-kos-007-swe\"]}]},{\"@type\":\"ImageObject\",\"inLanguage\":\"sr-RS\",\"@id\":\"https:\/\/apkrks.net\/international-support\/gcp-kos-007-swe#primaryimage\",\"url\":\"https:\/\/apkrks.net\/wp-content\/uploads\/2024\/06\/pk2.jpg\",\"contentUrl\":\"https:\/\/apkrks.net\/wp-content\/uploads\/2024\/06\/pk2.jpg\",\"width\":1024,\"height\":576},{\"@type\":\"BreadcrumbList\",\"@id\":\"https:\/\/apkrks.net\/international-support\/gcp-kos-007-swe#breadcrumb\",\"itemListElement\":[{\"@type\":\"ListItem\",\"position\":1,\"name\":\"Home\",\"item\":\"https:\/\/apkrks.net\/\"},{\"@type\":\"ListItem\",\"position\":2,\"name\":\"International support\",\"item\":\"https:\/\/apkrks.net\/international-support\"},{\"@type\":\"ListItem\",\"position\":3,\"name\":\"GCP\/KOS\/007\/SWE\"}]},{\"@type\":\"WebSite\",\"@id\":\"https:\/\/apkrks.net\/sq\/#website\",\"url\":\"https:\/\/apkrks.net\/sq\/\",\"name\":\"Agjencia Pyjore e Kosov\u00ebs\",\"description\":\"\",\"publisher\":{\"@id\":\"https:\/\/apkrks.net\/sq\/#organization\"},\"alternateName\":\"Agjencioni Pyjor i Kosov\u00ebs\",\"potentialAction\":[{\"@type\":\"SearchAction\",\"target\":{\"@type\":\"EntryPoint\",\"urlTemplate\":\"https:\/\/apkrks.net\/sq\/?s={search_term_string}\"},\"query-input\":{\"@type\":\"PropertyValueSpecification\",\"valueRequired\":true,\"valueName\":\"search_term_string\"}}],\"inLanguage\":\"sr-RS\"},{\"@type\":\"Organization\",\"@id\":\"https:\/\/apkrks.net\/sq\/#organization\",\"name\":\"Agjencia Pyjore e Kosov\u00ebs\",\"alternateName\":\"Agjencioni Pyjor i Kosov\u00ebs\",\"url\":\"https:\/\/apkrks.net\/sq\/\",\"logo\":{\"@type\":\"ImageObject\",\"inLanguage\":\"sr-RS\",\"@id\":\"https:\/\/apkrks.net\/sq\/#\/schema\/logo\/image\/\",\"url\":\"https:\/\/apkrks.net\/wp-content\/uploads\/2024\/06\/Emblema_e_qeverise_se_kosoves.png\",\"contentUrl\":\"https:\/\/apkrks.net\/wp-content\/uploads\/2024\/06\/Emblema_e_qeverise_se_kosoves.png\",\"width\":217,\"height\":240,\"caption\":\"Agjencia Pyjore e Kosov\u00ebs\"},\"image\":{\"@id\":\"https:\/\/apkrks.net\/sq\/#\/schema\/logo\/image\/\"},\"sameAs\":[\"https:\/\/www.facebook.com\/profile.php?id=100064789090459\",\"https:\/\/www.youtube.com\/@AgjenciaPyjoreeKosoves\"]}]}<\/script>\n<!-- \/ Yoast SEO plugin. -->","yoast_head_json":{"title":"GCP\/KOS\/007\/SWE - Agjencia Pyjore e Kosov\u00ebs","robots":{"index":"index","follow":"follow","max-snippet":"max-snippet:-1","max-image-preview":"max-image-preview:large","max-video-preview":"max-video-preview:-1"},"canonical":"http:\/\/apkrks.net\/sr\/international-support\/gcp-kos-007-swe\/","schema":{"@context":"https:\/\/schema.org","@graph":[{"@type":"WebPage","@id":"https:\/\/apkrks.net\/international-support\/gcp-kos-007-swe","url":"https:\/\/apkrks.net\/international-support\/gcp-kos-007-swe","name":"GCP\/KOS\/007\/SWE - Agjencia Pyjore e Kosov\u00ebs","isPartOf":{"@id":"https:\/\/apkrks.net\/sq\/#website"},"primaryImageOfPage":{"@id":"https:\/\/apkrks.net\/international-support\/gcp-kos-007-swe#primaryimage"},"image":{"@id":"https:\/\/apkrks.net\/international-support\/gcp-kos-007-swe#primaryimage"},"thumbnailUrl":"https:\/\/apkrks.net\/wp-content\/uploads\/2024\/06\/pk2.jpg","datePublished":"2024-07-12T12:35:38+00:00","dateModified":"2024-07-18T09:35:36+00:00","breadcrumb":{"@id":"https:\/\/apkrks.net\/international-support\/gcp-kos-007-swe#breadcrumb"},"inLanguage":"sr-RS","potentialAction":[{"@type":"ReadAction","target":["https:\/\/apkrks.net\/international-support\/gcp-kos-007-swe"]}]},{"@type":"ImageObject","inLanguage":"sr-RS","@id":"https:\/\/apkrks.net\/international-support\/gcp-kos-007-swe#primaryimage","url":"https:\/\/apkrks.net\/wp-content\/uploads\/2024\/06\/pk2.jpg","contentUrl":"https:\/\/apkrks.net\/wp-content\/uploads\/2024\/06\/pk2.jpg","width":1024,"height":576},{"@type":"BreadcrumbList","@id":"https:\/\/apkrks.net\/international-support\/gcp-kos-007-swe#breadcrumb","itemListElement":[{"@type":"ListItem","position":1,"name":"Home","item":"https:\/\/apkrks.net\/"},{"@type":"ListItem","position":2,"name":"International support","item":"https:\/\/apkrks.net\/international-support"},{"@type":"ListItem","position":3,"name":"GCP\/KOS\/007\/SWE"}]},{"@type":"WebSite","@id":"https:\/\/apkrks.net\/sq\/#website","url":"https:\/\/apkrks.net\/sq\/","name":"Agjencia Pyjore e Kosov\u00ebs","description":"","publisher":{"@id":"https:\/\/apkrks.net\/sq\/#organization"},"alternateName":"Agjencioni Pyjor i Kosov\u00ebs","potentialAction":[{"@type":"SearchAction","target":{"@type":"EntryPoint","urlTemplate":"https:\/\/apkrks.net\/sq\/?s={search_term_string}"},"query-input":{"@type":"PropertyValueSpecification","valueRequired":true,"valueName":"search_term_string"}}],"inLanguage":"sr-RS"},{"@type":"Organization","@id":"https:\/\/apkrks.net\/sq\/#organization","name":"Agjencia Pyjore e Kosov\u00ebs","alternateName":"Agjencioni Pyjor i Kosov\u00ebs","url":"https:\/\/apkrks.net\/sq\/","logo":{"@type":"ImageObject","inLanguage":"sr-RS","@id":"https:\/\/apkrks.net\/sq\/#\/schema\/logo\/image\/","url":"https:\/\/apkrks.net\/wp-content\/uploads\/2024\/06\/Emblema_e_qeverise_se_kosoves.png","contentUrl":"https:\/\/apkrks.net\/wp-content\/uploads\/2024\/06\/Emblema_e_qeverise_se_kosoves.png","width":217,"height":240,"caption":"Agjencia Pyjore e Kosov\u00ebs"},"image":{"@id":"https:\/\/apkrks.net\/sq\/#\/schema\/logo\/image\/"},"sameAs":["https:\/\/www.facebook.com\/profile.php?id=100064789090459","https:\/\/www.youtube.com\/@AgjenciaPyjoreeKosoves"]}]}},"_links":{"self":[{"href":"http:\/\/apkrks.net\/sr\/wp-json\/wp\/v2\/pages\/7354"}],"collection":[{"href":"http:\/\/apkrks.net\/sr\/wp-json\/wp\/v2\/pages"}],"about":[{"href":"http:\/\/apkrks.net\/sr\/wp-json\/wp\/v2\/types\/page"}],"author":[{"embeddable":true,"href":"http:\/\/apkrks.net\/sr\/wp-json\/wp\/v2\/users\/1"}],"replies":[{"embeddable":true,"href":"http:\/\/apkrks.net\/sr\/wp-json\/wp\/v2\/comments?post=7354"}],"version-history":[{"count":37,"href":"http:\/\/apkrks.net\/sr\/wp-json\/wp\/v2\/pages\/7354\/revisions"}],"predecessor-version":[{"id":7665,"href":"http:\/\/apkrks.net\/sr\/wp-json\/wp\/v2\/pages\/7354\/revisions\/7665"}],"up":[{"embeddable":true,"href":"http:\/\/apkrks.net\/sr\/wp-json\/wp\/v2\/pages\/146"}],"wp:featuredmedia":[{"embeddable":true,"href":"http:\/\/apkrks.net\/sr\/wp-json\/wp\/v2\/media\/6765"}],"wp:attachment":[{"href":"http:\/\/apkrks.net\/sr\/wp-json\/wp\/v2\/media?parent=7354"}],"curies":[{"name":"wp","href":"https:\/\/api.w.org\/{rel}","templated":true}]}}