{"id":6727,"date":"2024-06-18T13:58:41","date_gmt":"2024-06-18T13:58:41","guid":{"rendered":"https:\/\/apkrks.net\/?page_id=6727"},"modified":"2024-07-22T09:26:53","modified_gmt":"2024-07-22T09:26:53","slug":"directorate-for-research-forest-design-and-plantation-production-in-peja","status":"publish","type":"page","link":"https:\/\/apkrks.net\/sq\/directorates\/directorate-for-research-forest-design-and-plantation-production-in-peja","title":{"rendered":"Drejtorati p\u00ebr Hulumtime, Projektime n\u00eb Pyje dhe Prodhim Fidanor n\u00eb Pej\u00eb"},"content":{"rendered":"<div data-elementor-type=\"wp-page\" data-elementor-id=\"6727\" class=\"elementor elementor-6727\">\n\t\t\t\t<div class=\"elementor-element elementor-element-f82d231 e-flex e-con-boxed e-con e-parent\" data-id=\"f82d231\" data-element_type=\"container\">\n\t\t\t\t\t<div class=\"e-con-inner\">\n\t\t<div class=\"elementor-element elementor-element-a62fa29 e-con-full e-flex e-con e-child\" data-id=\"a62fa29\" data-element_type=\"container\" data-settings=\"{&quot;background_background&quot;:&quot;classic&quot;}\">\n\t\t\t\t<div class=\"elementor-element elementor-element-91ca5f9 elementor-widget elementor-widget-text-editor\" data-id=\"91ca5f9\" data-element_type=\"widget\" data-widget_type=\"text-editor.default\">\n\t\t\t\t<div class=\"elementor-widget-container\">\n\t\t\t<style>\/*! elementor - v3.23.0 - 15-07-2024 *\/\n.elementor-widget-text-editor.elementor-drop-cap-view-stacked .elementor-drop-cap{background-color:#69727d;color:#fff}.elementor-widget-text-editor.elementor-drop-cap-view-framed .elementor-drop-cap{color:#69727d;border:3px solid;background-color:transparent}.elementor-widget-text-editor:not(.elementor-drop-cap-view-default) .elementor-drop-cap{margin-top:8px}.elementor-widget-text-editor:not(.elementor-drop-cap-view-default) .elementor-drop-cap-letter{width:1em;height:1em}.elementor-widget-text-editor .elementor-drop-cap{float:left;text-align:center;line-height:1;font-size:50px}.elementor-widget-text-editor .elementor-drop-cap-letter{display:inline-block}<\/style>\t\t\t\t<p><strong>Neni 13<br \/>Drejtorati p\u00ebr Hulumtime, Projektime n\u00eb Pyje dhe Prodhim fidanor n\u00eb Pej\u00eb<br \/><\/strong><\/p>\t\t\t\t\t\t<\/div>\n\t\t\t\t<\/div>\n\t\t\t\t<div class=\"elementor-element elementor-element-ec13dbb elementor-widget elementor-widget-text-editor\" data-id=\"ec13dbb\" data-element_type=\"widget\" data-widget_type=\"text-editor.default\">\n\t\t\t\t<div class=\"elementor-widget-container\">\n\t\t\t\t\t\t\t<p><strong>1.<\/strong> Detyrat dhe p\u0451rgjegj\u0451sit\u0451 e Drejtoratit p\u00ebr Hulumtime, Projektime n\u00eb Pyje dhe prodhim fidanor jan\u00eb:<br \/><strong>\u00a0 \u00a0 \u00a01.1.<\/strong> Kryen hulumtime dhe projektime silvikulturore;<br \/><strong>\u00a0 \u00a0 \u00a01.2.<\/strong> Siguron zbatimin e politikave dhe legjislacionit t\u00eb aplikuesh\u00ebm n\u00eb fush\u00ebn e hulumtimit dhe\nprojektimit pyjor;<br \/><strong>\u00a0 \u00a0 \u00a01.3.<\/strong> Monitoron dhe harton analiza dhe raporte mbi prodhimin fidanor dhe pyll\u00ebzime si dhe ofron\nrekomandime profesionale.<br \/><strong>2.<\/strong> Udh\u00ebheq\u00ebsi i Drejtoratit p\u00ebr Hulumtime, Projektime n\u00eb Pyje raporton tek Drejtori i P\u00ebrgjithsh\u00ebm i\nAgjencis\u00eb Pyjore t\u00eb Kosov\u00ebs.<br \/><strong>3.<\/strong> N\u00eb kuad\u00ebr t\u00eb Drejtoris\u00eb p\u00ebr Hulumtime, Projektime n\u00eb Pyje b\u00ebjn\u00eb pjes\u00eb:<br \/><strong>\u00a0 \u00a0 \u00a03.1.<\/strong> Sektori p\u00ebr Hulumtime dhe Projektime; dhe<br \/><strong>\u00a0 \u00a0 \u00a03.2.<\/strong> Sektori p\u00ebr Prodhim Fidanor.<br \/><strong>4.<\/strong> Numri i t\u00eb pun\u00ebsuarve n\u00eb Drejtoratin p\u00ebr Hulumtime, Projektime n\u00eb Pyje \u00ebsht\u00eb dhjet\u0451 (10).<\/p>\t\t\t\t\t\t<\/div>\n\t\t\t\t<\/div>\n\t\t\t\t<div class=\"elementor-element elementor-element-61d7723 elementor-widget elementor-widget-text-editor\" data-id=\"61d7723\" data-element_type=\"widget\" data-widget_type=\"text-editor.default\">\n\t\t\t\t<div class=\"elementor-widget-container\">\n\t\t\t\t\t\t\t<p><strong>Neni 14<br \/>Sektori p\u00cbr Hulumtime dhe Projektime n\u00eb Pyje<br \/><\/strong><\/p>\t\t\t\t\t\t<\/div>\n\t\t\t\t<\/div>\n\t\t\t\t<div class=\"elementor-element elementor-element-7bcee9e elementor-widget elementor-widget-text-editor\" data-id=\"7bcee9e\" data-element_type=\"widget\" data-widget_type=\"text-editor.default\">\n\t\t\t\t<div class=\"elementor-widget-container\">\n\t\t\t\t\t\t\t<p><strong>1.<\/strong> Detyrat dhe p\u00ebrgjegj\u00ebsit\u00eb e Sektorit p\u0451r Hulumtime dhe Projektime n\u00eb Pyje jan\u00eb:<br \/><strong>\u00a0 \u00a0 \u00a01.1.<\/strong> Koordinon aktivitetet n\u00eb mbrojtjen e pyjeve nga s\u00ebmundjet, d\u00ebmtuesit dhe faktor\u00ebt e tjer\u00eb si dhe\nhulumtimi dhe projektimi i planeve dhe programeve n\u00eb funksion t\u00eb arritjes s\u00eb objektivit dhe misionit t\u00eb Drejtoratit p\u00ebr Hulumtime, Projektime n\u00eb Pyje dhe Prodhim fidanor;<br \/><strong>\u00a0 \u00a0 \u00a01.2.<\/strong> Hulumton dhe harton analiza dhe raporte mbi metodat e mbarshtrimit me pyje, mbi metodat e\ntrajtimit t\u00eb pyjeve t\u00eb larta dhe pyjeve t\u00eb ulta, mbi s\u00ebmundjet dhe insektet q\u00eb atakohen pyjet e Kosov\u00ebs dhe teknologjin\u00eb e shfryt\u00ebzimit t\u00eb pyjeve;<br \/><strong>\u00a0 \u00a0 \u00a01.3.<\/strong> Ofron k\u00ebshilla p\u00ebr sektorin pyjor, sipas k\u00ebrkes\u00ebs.<br \/><strong>2.<\/strong> Udh\u00ebheq\u00ebsi i Sektorit p\u0451r Hulumtime dhe Projektime n\u00eb Pyje raporton tek Drejtori i Drejtoratit p\u00ebr\nHulumtime, Projektime ne Pyje dhe Prodhim Fidanor.<br \/><strong>3.<\/strong> Numri i t\u00eb pun\u00ebsuarve n\u00eb Sektorin p\u0451r Hulumtime dhe Projektime n\u00eb Pyje \u0451sht\u0451 tre (3).<\/p>\t\t\t\t\t\t<\/div>\n\t\t\t\t<\/div>\n\t\t\t\t<div class=\"elementor-element elementor-element-0ec7f42 elementor-widget elementor-widget-text-editor\" data-id=\"0ec7f42\" data-element_type=\"widget\" data-widget_type=\"text-editor.default\">\n\t\t\t\t<div class=\"elementor-widget-container\">\n\t\t\t\t\t\t\t<p><strong>Neni 15<br \/>Sektori p\u00ebr prodhim fidanor<br \/><\/strong><\/p>\t\t\t\t\t\t<\/div>\n\t\t\t\t<\/div>\n\t\t\t\t<div class=\"elementor-element elementor-element-fcb02d1 elementor-widget elementor-widget-text-editor\" data-id=\"fcb02d1\" data-element_type=\"widget\" data-widget_type=\"text-editor.default\">\n\t\t\t\t<div class=\"elementor-widget-container\">\n\t\t\t\t\t\t\t<p><strong>1.<\/strong> Detyrat dhe p\u0451rgjegj\u0451sit\u0451 e Sektorit p\u00ebr prodhim fidanor jan\u00eb:<br \/><strong>\u00a0 \u00a0 \u00a01.1.<\/strong> Planifikimi i prodhimit t\u00eb fidan\u00ebve dhe hartimi i buxhetit p\u00ebr prodhimin fidanor,<br \/><strong>\u00a0 \u00a0 \u00a01.2.<\/strong>B\u00ebn p\u00ebrpunimin e tok\u00ebs n\u00eb t\u00eb gjitha fazat e pun\u00ebs, p\u00ebrgatitjen e leheve p\u00ebr mbjellje, p\u00ebrzierjen e\nkemikalieve p\u00ebr stratifikimin e farave pyjore, hedh far\u00ebn n\u00eb lehet e p\u00ebrgatitura me par\u00eb dhe n\u00eb kaseta, b\u00ebn mbushjen e kasetave dhe renditjen e tyre, ben\u00eb prashitjen , herrjen e fidan\u00ebve n\u00eb sera dhe n\u00eb ambientet e hapura;<br \/><strong>\u00a0 \u00a0 \u00a01.3.<\/strong> B\u0451n st\u00ebrpikjen e fidan\u00ebve me preparate kimike p\u00ebr mbrojtjen e fidan\u00ebve nga s\u00ebmundjet dhe\nd\u00ebmtuesit sipas receteve t\u00eb ekspertit pyjor;<br \/><strong>\u00a0 \u00a0 \u00a01.4.<\/strong> B\u00ebn nxjerrjen e fidan\u00ebve, trapimin dhe ngarkimin e fidan\u00ebve ne autot e bler\u00ebsit si dhe udh\u00ebheq\npunimet n\u00eb renovimin e serave.<br \/><strong>2.<\/strong> Udh\u00ebheq\u00ebsi i Sektorit p\u0451r prodhim fidanor raporton tek Drejtorati p\u00ebr K\u00ebrkime, Hulumtime, Projektime\ndhe Prodhim Fidanor.<br \/><strong>3. <\/strong>Numri i t\u00eb pun\u00ebsuarve n\u00eb Sektorin p\u00ebr prodhim fidanor \u0451sht\u0451 pes\u00eb (5).<\/p>\t\t\t\t\t\t<\/div>\n\t\t\t\t<\/div>\n\t\t\t\t<\/div>\n\t\t\t\t\t<\/div>\n\t\t\t\t<\/div>\n\t\t\t\t<\/div>","protected":false},"excerpt":{"rendered":"<p>Article 13DIRECTORATE FOR RESEARCH, FOREST DESIGN AND PLANTING PRODUCTION IN PEJA 1. The duties and responsibilities of the Directorate for Research, Design in Forests and seedling production are:\u00a0 \u00a0 \u00a01.1. Conduct research and silvicultural projects;\u00a0 \u00a0 \u00a01.2. Ensures the implementation of applicable policies and legislation in the field of forest research and design;\u00a0 \u00a0 \u00a01.3. [&hellip;]<\/p>","protected":false},"author":1,"featured_media":0,"parent":6485,"menu_order":0,"comment_status":"closed","ping_status":"closed","template":"","meta":{"inline_featured_image":false,"ngg_post_thumbnail":0,"footnotes":""},"class_list":["post-6727","page","type-page","status-publish","hentry"],"yoast_head":"<!-- This site is optimized with the Yoast SEO plugin v25.5 - https:\/\/yoast.com\/wordpress\/plugins\/seo\/ -->\n<title>Directorate for Research, Forest Design and Planting Production in Peja - Agjencia Pyjore e Kosov\u00ebs<\/title>\n<meta name=\"robots\" content=\"index, follow, max-snippet:-1, max-image-preview:large, max-video-preview:-1\" \/>\n<link rel=\"canonical\" href=\"https:\/\/apkrks.net\/sq\/directorates\/directorate-for-research-forest-design-and-plantation-production-in-peja\" \/>\n<script type=\"application\/ld+json\" class=\"yoast-schema-graph\">{\"@context\":\"https:\/\/schema.org\",\"@graph\":[{\"@type\":\"WebPage\",\"@id\":\"https:\/\/apkrks.net\/sq\/directorates\/directorate-for-research-forest-design-and-plantation-production-in-peja\",\"url\":\"https:\/\/apkrks.net\/sq\/directorates\/directorate-for-research-forest-design-and-plantation-production-in-peja\",\"name\":\"Directorate for Research, Forest Design and Planting Production in Peja - Agjencia Pyjore e Kosov\u00ebs\",\"isPartOf\":{\"@id\":\"https:\/\/apkrks.net\/sq\/#website\"},\"datePublished\":\"2024-06-18T13:58:41+00:00\",\"dateModified\":\"2024-07-22T09:26:53+00:00\",\"breadcrumb\":{\"@id\":\"https:\/\/apkrks.net\/sq\/directorates\/directorate-for-research-forest-design-and-plantation-production-in-peja#breadcrumb\"},\"inLanguage\":\"sq\",\"potentialAction\":[{\"@type\":\"ReadAction\",\"target\":[\"https:\/\/apkrks.net\/sq\/directorates\/directorate-for-research-forest-design-and-plantation-production-in-peja\"]}]},{\"@type\":\"BreadcrumbList\",\"@id\":\"https:\/\/apkrks.net\/sq\/directorates\/directorate-for-research-forest-design-and-plantation-production-in-peja#breadcrumb\",\"itemListElement\":[{\"@type\":\"ListItem\",\"position\":1,\"name\":\"Home\",\"item\":\"https:\/\/apkrks.net\/\"},{\"@type\":\"ListItem\",\"position\":2,\"name\":\"Directorates\",\"item\":\"https:\/\/apkrks.net\/sq\/directorates\"},{\"@type\":\"ListItem\",\"position\":3,\"name\":\"Directorate for Research, Forest Design and Planting Production in Peja\"}]},{\"@type\":\"WebSite\",\"@id\":\"https:\/\/apkrks.net\/sq\/#website\",\"url\":\"https:\/\/apkrks.net\/sq\/\",\"name\":\"Agjencia Pyjore e Kosov\u00ebs\",\"description\":\"\",\"publisher\":{\"@id\":\"https:\/\/apkrks.net\/sq\/#organization\"},\"alternateName\":\"Agjencioni Pyjor i Kosov\u00ebs\",\"potentialAction\":[{\"@type\":\"SearchAction\",\"target\":{\"@type\":\"EntryPoint\",\"urlTemplate\":\"https:\/\/apkrks.net\/sq\/?s={search_term_string}\"},\"query-input\":{\"@type\":\"PropertyValueSpecification\",\"valueRequired\":true,\"valueName\":\"search_term_string\"}}],\"inLanguage\":\"sq\"},{\"@type\":\"Organization\",\"@id\":\"https:\/\/apkrks.net\/sq\/#organization\",\"name\":\"Agjencia Pyjore e Kosov\u00ebs\",\"alternateName\":\"Agjencioni Pyjor i Kosov\u00ebs\",\"url\":\"https:\/\/apkrks.net\/sq\/\",\"logo\":{\"@type\":\"ImageObject\",\"inLanguage\":\"sq\",\"@id\":\"https:\/\/apkrks.net\/sq\/#\/schema\/logo\/image\/\",\"url\":\"https:\/\/apkrks.net\/wp-content\/uploads\/2024\/06\/Emblema_e_qeverise_se_kosoves.png\",\"contentUrl\":\"https:\/\/apkrks.net\/wp-content\/uploads\/2024\/06\/Emblema_e_qeverise_se_kosoves.png\",\"width\":217,\"height\":240,\"caption\":\"Agjencia Pyjore e Kosov\u00ebs\"},\"image\":{\"@id\":\"https:\/\/apkrks.net\/sq\/#\/schema\/logo\/image\/\"},\"sameAs\":[\"https:\/\/www.facebook.com\/profile.php?id=100064789090459\",\"https:\/\/www.youtube.com\/@AgjenciaPyjoreeKosoves\"]}]}<\/script>\n<!-- \/ Yoast SEO plugin. -->","yoast_head_json":{"title":"Directorate for Research, Forest Design and Planting Production in Peja - Agjencia Pyjore e Kosov\u00ebs","robots":{"index":"index","follow":"follow","max-snippet":"max-snippet:-1","max-image-preview":"max-image-preview:large","max-video-preview":"max-video-preview:-1"},"canonical":"https:\/\/apkrks.net\/sq\/directorates\/directorate-for-research-forest-design-and-plantation-production-in-peja","schema":{"@context":"https:\/\/schema.org","@graph":[{"@type":"WebPage","@id":"https:\/\/apkrks.net\/sq\/directorates\/directorate-for-research-forest-design-and-plantation-production-in-peja","url":"https:\/\/apkrks.net\/sq\/directorates\/directorate-for-research-forest-design-and-plantation-production-in-peja","name":"Directorate for Research, Forest Design and Planting Production in Peja - Agjencia Pyjore e Kosov\u00ebs","isPartOf":{"@id":"https:\/\/apkrks.net\/sq\/#website"},"datePublished":"2024-06-18T13:58:41+00:00","dateModified":"2024-07-22T09:26:53+00:00","breadcrumb":{"@id":"https:\/\/apkrks.net\/sq\/directorates\/directorate-for-research-forest-design-and-plantation-production-in-peja#breadcrumb"},"inLanguage":"sq","potentialAction":[{"@type":"ReadAction","target":["https:\/\/apkrks.net\/sq\/directorates\/directorate-for-research-forest-design-and-plantation-production-in-peja"]}]},{"@type":"BreadcrumbList","@id":"https:\/\/apkrks.net\/sq\/directorates\/directorate-for-research-forest-design-and-plantation-production-in-peja#breadcrumb","itemListElement":[{"@type":"ListItem","position":1,"name":"Home","item":"https:\/\/apkrks.net\/"},{"@type":"ListItem","position":2,"name":"Directorates","item":"https:\/\/apkrks.net\/sq\/directorates"},{"@type":"ListItem","position":3,"name":"Directorate for Research, Forest Design and Planting Production in Peja"}]},{"@type":"WebSite","@id":"https:\/\/apkrks.net\/sq\/#website","url":"https:\/\/apkrks.net\/sq\/","name":"Agjencia Pyjore e Kosov\u00ebs","description":"","publisher":{"@id":"https:\/\/apkrks.net\/sq\/#organization"},"alternateName":"Agjencioni Pyjor i Kosov\u00ebs","potentialAction":[{"@type":"SearchAction","target":{"@type":"EntryPoint","urlTemplate":"https:\/\/apkrks.net\/sq\/?s={search_term_string}"},"query-input":{"@type":"PropertyValueSpecification","valueRequired":true,"valueName":"search_term_string"}}],"inLanguage":"sq"},{"@type":"Organization","@id":"https:\/\/apkrks.net\/sq\/#organization","name":"Agjencia Pyjore e Kosov\u00ebs","alternateName":"Agjencioni Pyjor i Kosov\u00ebs","url":"https:\/\/apkrks.net\/sq\/","logo":{"@type":"ImageObject","inLanguage":"sq","@id":"https:\/\/apkrks.net\/sq\/#\/schema\/logo\/image\/","url":"https:\/\/apkrks.net\/wp-content\/uploads\/2024\/06\/Emblema_e_qeverise_se_kosoves.png","contentUrl":"https:\/\/apkrks.net\/wp-content\/uploads\/2024\/06\/Emblema_e_qeverise_se_kosoves.png","width":217,"height":240,"caption":"Agjencia Pyjore e Kosov\u00ebs"},"image":{"@id":"https:\/\/apkrks.net\/sq\/#\/schema\/logo\/image\/"},"sameAs":["https:\/\/www.facebook.com\/profile.php?id=100064789090459","https:\/\/www.youtube.com\/@AgjenciaPyjoreeKosoves"]}]}},"_links":{"self":[{"href":"https:\/\/apkrks.net\/sq\/wp-json\/wp\/v2\/pages\/6727"}],"collection":[{"href":"https:\/\/apkrks.net\/sq\/wp-json\/wp\/v2\/pages"}],"about":[{"href":"https:\/\/apkrks.net\/sq\/wp-json\/wp\/v2\/types\/page"}],"author":[{"embeddable":true,"href":"https:\/\/apkrks.net\/sq\/wp-json\/wp\/v2\/users\/1"}],"replies":[{"embeddable":true,"href":"https:\/\/apkrks.net\/sq\/wp-json\/wp\/v2\/comments?post=6727"}],"version-history":[{"count":11,"href":"https:\/\/apkrks.net\/sq\/wp-json\/wp\/v2\/pages\/6727\/revisions"}],"predecessor-version":[{"id":7876,"href":"https:\/\/apkrks.net\/sq\/wp-json\/wp\/v2\/pages\/6727\/revisions\/7876"}],"up":[{"embeddable":true,"href":"https:\/\/apkrks.net\/sq\/wp-json\/wp\/v2\/pages\/6485"}],"wp:attachment":[{"href":"https:\/\/apkrks.net\/sq\/wp-json\/wp\/v2\/media?parent=6727"}],"curies":[{"name":"wp","href":"https:\/\/api.w.org\/{rel}","templated":true}]}}