{"id":6733,"date":"2024-06-18T14:00:29","date_gmt":"2024-06-18T14:00:29","guid":{"rendered":"https:\/\/apkrks.net\/?page_id=6733"},"modified":"2024-07-22T09:54:24","modified_gmt":"2024-07-22T09:54:24","slug":"regional-coordinating-directorates","status":"publish","type":"page","link":"https:\/\/apkrks.net\/sq\/directorates\/regional-coordinating-directorates","title":{"rendered":"Drejtoratet Koordinuese Rajonale"},"content":{"rendered":"<div data-elementor-type=\"wp-page\" data-elementor-id=\"6733\" class=\"elementor elementor-6733\">\n\t\t\t\t<div class=\"elementor-element elementor-element-5636014 e-flex e-con-boxed e-con e-parent\" data-id=\"5636014\" data-element_type=\"container\">\n\t\t\t\t\t<div class=\"e-con-inner\">\n\t\t<div class=\"elementor-element elementor-element-066da2c e-con-full e-flex e-con e-child\" data-id=\"066da2c\" data-element_type=\"container\" data-settings=\"{&quot;background_background&quot;:&quot;classic&quot;}\">\n\t\t\t\t<div class=\"elementor-element elementor-element-6af56c7 elementor-widget elementor-widget-text-editor\" data-id=\"6af56c7\" data-element_type=\"widget\" data-widget_type=\"text-editor.default\">\n\t\t\t\t<div class=\"elementor-widget-container\">\n\t\t\t<style>\/*! elementor - v3.23.0 - 15-07-2024 *\/\n.elementor-widget-text-editor.elementor-drop-cap-view-stacked .elementor-drop-cap{background-color:#69727d;color:#fff}.elementor-widget-text-editor.elementor-drop-cap-view-framed .elementor-drop-cap{color:#69727d;border:3px solid;background-color:transparent}.elementor-widget-text-editor:not(.elementor-drop-cap-view-default) .elementor-drop-cap{margin-top:8px}.elementor-widget-text-editor:not(.elementor-drop-cap-view-default) .elementor-drop-cap-letter{width:1em;height:1em}.elementor-widget-text-editor .elementor-drop-cap{float:left;text-align:center;line-height:1;font-size:50px}.elementor-widget-text-editor .elementor-drop-cap-letter{display:inline-block}<\/style>\t\t\t\t<p><strong>Neni 16<br \/>Drejtoratet Koordinuese Rajonale t\u00eb APK-s\u00eb me seli n\u00eb: Prishtin\u00eb, Gjilan, Ferizaj, Prizren, Pej\u00eb dhe\nMitrovic\u00eb<br \/><\/strong><\/p>\t\t\t\t\t\t<\/div>\n\t\t\t\t<\/div>\n\t\t\t\t<div class=\"elementor-element elementor-element-760a1e3 elementor-widget elementor-widget-text-editor\" data-id=\"760a1e3\" data-element_type=\"widget\" data-widget_type=\"text-editor.default\">\n\t\t\t\t<div class=\"elementor-widget-container\">\n\t\t\t\t\t\t\t<p><strong>1.<\/strong> Detyrat dhe p\u0451rgjegj\u0451sit\u0451 e Drejtorateve Koordinuese Rajonale \u00eb APK-s\u00eb jan\u00eb:<br \/><strong>\u00a0 \u00a0 \u00a01.1.<\/strong> Menaxhon me pyjet n\u0451 sfer\u00ebn e mbrojtjes nga faktor\u00ebt biotik dhe abiotik, Planifikimi afatgjat\u00eb dhe menaxhimi i q\u00ebndruesh\u00ebm i pyjeve n\u0451 sfer\u00ebn e shfryt\u00ebzimit dhe koncesionimit t\u0451 pyjeve dhe tokave pyjore, at\u0451 silvikultur\u00ebs pyjore n\u0451 pyjet private dhe publike si dhe monitorimi i aktiviteteve n\u0451 l\u0451min e dh\u00ebnies s\u0451 lejeve dhe mbrojtjes nga aktivitetet ilegale n\u0451 nivel regjioni si dhe koordinimi i k\u00ebtyre\naktiviteteve me strukturat udh\u00ebheq\u00ebse t\u0451 nivelit qendror dhe lokal t\u0451 Republik\u00ebs s\u0451 Kosov\u00ebs;<br \/><strong>\u00a0 \u00a0 \u00a01.2.<\/strong> Menaxhon dhe zbaton politika t\u0451 p\u00ebrgjithshme t\u0451 zhvillimit dhe synimet strategjike mbi baz\u0451n e\nligjit dhe menaxhimit t\u0451 q\u0451ndruesh\u0451m t\u0451 burimeve drusore \/ jo drusore dhe faun\u00ebs s\u0451 eg\u00ebr n\u0451 nivel t\u0451\nDrejtoratit koordinues;<br \/>Planifikon dhe koordinon aktivitetet n\u0451 monitorimin dhe identifikimin e aktiviteteve q\u00eb bien ndesh dhe jan\u00eb n\u0451 kund\u00ebrshtim me ligjin dhe aktet n\u00ebnligjore t\u0451 menaxhimit t\u0451 q\u0451ndruesh\u0451m t\u0451 burimeve pyjore, jo drusore dhe t\u0451 faun\u00ebs s\u0451 eg\u00ebr, propozon dhe ngrit\u0451 procedura t\u0451 masave parandaluese dhe disiplinore p\u0451r bart\u00ebsit e p\u0451rgjegj\u0451sive.<br \/><strong>2.<\/strong> The leader of the Coordinating Directorate of the KFA reports to the General Director of the of Kosovo Forestry Agency .<br \/><strong>3.<\/strong> Numri i t\u00eb pun\u00ebsuarve sipas Drejtorive Koordinuese Rajonale \u00ebsht\u00eb:<br \/><strong>\u00a0 \u00a0 \u00a03.1<\/strong>. Drejtorati Koordinues i APK-s\u00eb n\u00eb Prishtin\u00eb ka t\u00eb pun\u00ebsuar tremb\u00ebdhjet\u00eb (13),<br \/><strong>\u00a0 \u00a0 \u00a03.2.<\/strong> Drejtorati Koordinues i APK-s\u00eb n\u00eb Gjilan ka t\u00eb pun\u00ebsuar dymb\u00ebdhjet\u00eb (12),<br \/><strong>\u00a0 \u00a0 \u00a03.3.<\/strong> Drejtorati Koordinues i APK-s\u00eb n\u00eb Ferizaj ka t\u00eb pun\u00ebsuar dhjet\u00eb (10),<br \/><strong>\u00a0 \u00a0 \u00a03.4.<\/strong> Drejtorati Koordinues i APK-s\u00eb n\u00eb Prizren ka t\u00eb pun\u00ebsuar nj\u00ebmb\u00ebdhjet\u00eb (11),<br \/><strong>\u00a0 \u00a0 \u00a03.5.<\/strong> Drejtorati Koordinues i APK-s\u00eb n\u00eb Pej\u00eb ka t\u00eb pun\u00ebsuar kat\u00ebrmb\u00ebdhjet\u00eb (14),<br \/><strong>\u00a0 \u00a0 \u00a03.6.<\/strong> Drejtorati Koordinues i APK-s\u00eb n\u00eb Mitrovic\u00eb ka t\u00eb pun\u00ebsuar dhjet\u00eb (10).<br \/><strong>4.<\/strong> N\u0451 kuad\u00ebr t\u0451 Drejtorateve Koordinuese t\u0451 APK-s\u0451 b\u00ebjn\u00eb pjes\u00eb:<br \/><strong>\u00a0 \u00a0 \u00a04.1.<\/strong> Sektori p\u0451r Menxhim me Pyje.<br \/><strong>5.<\/strong> Numri i t\u00eb pun\u00ebsuarve n\u00eb Drejtoratet Koordinuese Rajonale t\u00eb APK-s\u00eb gjithsejt\u00eb \u00ebsht\u00eb shtat\u00ebdhjet\u00eb\n(70).<\/p>\t\t\t\t\t\t<\/div>\n\t\t\t\t<\/div>\n\t\t\t\t<div class=\"elementor-element elementor-element-213f767 elementor-widget elementor-widget-text-editor\" data-id=\"213f767\" data-element_type=\"widget\" data-widget_type=\"text-editor.default\">\n\t\t\t\t<div class=\"elementor-widget-container\">\n\t\t\t\t\t\t\t<p><strong>Neni 17<br \/>Sektori i menaxhimit me Pyje<br \/><\/strong><\/p>\t\t\t\t\t\t<\/div>\n\t\t\t\t<\/div>\n\t\t\t\t<div class=\"elementor-element elementor-element-1669b68 elementor-widget elementor-widget-text-editor\" data-id=\"1669b68\" data-element_type=\"widget\" data-widget_type=\"text-editor.default\">\n\t\t\t\t<div class=\"elementor-widget-container\">\n\t\t\t\t\t\t\t<p><strong>1.<\/strong> Detyrat dhe p\u0451rgjegj\u0451sit\u0451 e Sektorit t\u00eb menaxhimit me Pyje jan\u00eb:<br \/><strong>\u00a0 \u00a0 \u00a01.1.<\/strong> Organizon dhe monitoron kryerjen e pun\u00ebve sipas ligjit p\u00ebr pyjet e Kosov\u00ebs n\u00eb l\u00ebmin e\nsilvikultur\u00ebs, shfryt\u00ebzimit, konsesionimit, mbrojtjes dhe monitorimit t\u00eb pyjeve publike dhe private n\u00eb\nkuad\u00ebr t\u00eb Drejtoratit Koordinues;<br \/><strong>\u00a0 \u00a0 \u00a01.2.<\/strong> Mban kontakte dhe sipas autorizimit t\u00eb Drejtorit t\u00eb Drejtoris\u00eb koordinuese e p\u00ebrfaq\u00ebson at\u00eb\nlidhur me gjendjen n\u00eb sfer\u00ebn e pyjeve n\u00eb aspektin e planeve menaxhuese afatgjata, vjetore,\noperacionale apo ato vjetore p\u00ebr pyjet publike apo ato private;<br \/><strong>\u00a0 \u00a0 \u00a01.3.<\/strong> Propozon, harton dhe monitoron aktivitet ne pyll\u00ebzimet n\u00eb nivel t\u00eb drejtoris\u00eb koordinuese;<br \/><strong>\u00a0 \u00a0 \u00a01.4.<\/strong> Grumbullon t\u00eb dh\u00ebna nga tereni p\u00ebr mbrojtjen e pyjeve, silvikultur\u00eb, dhe shfryt\u00ebzim, propozon\ndhe harmonizon planet p\u0451r pyll\u00ebzim, prerje, rrallime, pastrime, rrallime paratregtare, hapje te rrug\u00ebve te reja n\u00ebp\u00ebr ngastra ku do t\u00eb kryhen punimet;<br \/><strong>\u00a0 \u00a0 \u00a01.5.<\/strong> Organizon dhe monitoron operator\u00ebt ekonomik qe operojn\u00eb me pyje dhe toka pyjore, p\u00ebrcjellj\npunimet e tyre,dhe kontrollon punimet e operator\u00ebve ekonomik ne pun\u00ebt Silvikulturore, shfryt\u00ebzim t\u00eb pyjeve apo mbrojtje t\u00eb pyjeve;<br \/><strong>\u00a0 \u00a0 \u00a01.6.<\/strong> Koordinon pun\u00ebt me zyrtar t\u00eb lart\u00eb t\u00eb l\u00ebmive p\u00ebrkat\u00ebse p\u00ebr pyll\u00ebzim, koordinon hartimin e\nprogrameve p\u00ebr pyll\u00ebzime si dhe pjes\u00ebmarrja aktive n\u00eb organizimin e pyll\u00ebzimeve dhe mbykqyrjen e pyll\u00ebzimeve n\u00ebp\u00ebr komuna p\u00ebrkat\u00ebse dhe ne nivel te Drejtoris\u00eb Koordinuese;<br \/><strong>\u00a0 \u00a0 \u00a01.7.<\/strong> Organizon dhe monitoron pun\u00ebt me AP komunale s\u00eb bashku me inxhinier sektorial, inspektor\npyjesh dhe teknik p\u00ebrkat\u00ebs sipas organizimit t\u00eb brendsh\u00ebm t\u00eb APK \u2013DK;<br \/><strong>\u00a0 \u00a0 \u00a01.8.<\/strong> Udh\u00ebheq dhe koordinon pun\u00ebt n\u00eb mes t\u00eb sektor\u00ebve t\u00eb pylltaris\u00eb dhe zyrtareve juridik apo\nekonomik dhe informon drejtorin p\u00ebr gjendjen n\u00eb teren aktivistet n\u00eb sfer\u00ebn e punimeve n\u00eb fush\u00ebn\njuridike apo ekonomike.<br \/><strong>2.<\/strong> Udh\u00ebheq\u00ebsi i Sektorit t\u00eb menaxhimit me Pyje raporton tek udh\u00ebheq\u00ebsi i Drejtoris\u00eb koordinuese.<br \/><strong>3.<\/strong> Numri i t\u00eb pun\u00ebsuarve n\u00eb sektorin e menaxhimit me pyje \u0451sht\u0451 pes\u00ebdhjet\u00eb e nj\u00eb (51).<\/p>\t\t\t\t\t\t<\/div>\n\t\t\t\t<\/div>\n\t\t\t\t<\/div>\n\t\t\t\t\t<\/div>\n\t\t\t\t<\/div>\n\t\t\t\t<\/div>","protected":false},"excerpt":{"rendered":"<p>Article 16Regional Coordinating Directorates of KFA with headquarters in: Prishtina, Gjilan, Ferizaj, Prizren, Peja and Mitrovica 1. The duties and responsibilities of the Regional Coordinating Directorates of the KFA are:\u00a0 \u00a0 \u00a01.1. Manages forests in the sphere of protection from biotic and abiotic factors, long-term planning and sustainable management of forests in the sphere of [&hellip;]<\/p>","protected":false},"author":1,"featured_media":0,"parent":6485,"menu_order":0,"comment_status":"closed","ping_status":"closed","template":"","meta":{"inline_featured_image":false,"ngg_post_thumbnail":0,"footnotes":""},"class_list":["post-6733","page","type-page","status-publish","hentry"],"yoast_head":"<!-- This site is optimized with the Yoast SEO plugin v25.5 - https:\/\/yoast.com\/wordpress\/plugins\/seo\/ -->\n<title>Regional Coordinating Directorates - Agjencia Pyjore e Kosov\u00ebs<\/title>\n<meta name=\"robots\" content=\"index, follow, max-snippet:-1, max-image-preview:large, max-video-preview:-1\" \/>\n<link rel=\"canonical\" href=\"https:\/\/apkrks.net\/sq\/directorates\/regional-coordinating-directorates\" \/>\n<script type=\"application\/ld+json\" class=\"yoast-schema-graph\">{\"@context\":\"https:\/\/schema.org\",\"@graph\":[{\"@type\":\"WebPage\",\"@id\":\"https:\/\/apkrks.net\/sq\/directorates\/regional-coordinating-directorates\",\"url\":\"https:\/\/apkrks.net\/sq\/directorates\/regional-coordinating-directorates\",\"name\":\"Regional Coordinating Directorates - Agjencia Pyjore e Kosov\u00ebs\",\"isPartOf\":{\"@id\":\"https:\/\/apkrks.net\/sq\/#website\"},\"datePublished\":\"2024-06-18T14:00:29+00:00\",\"dateModified\":\"2024-07-22T09:54:24+00:00\",\"breadcrumb\":{\"@id\":\"https:\/\/apkrks.net\/sq\/directorates\/regional-coordinating-directorates#breadcrumb\"},\"inLanguage\":\"sq\",\"potentialAction\":[{\"@type\":\"ReadAction\",\"target\":[\"https:\/\/apkrks.net\/sq\/directorates\/regional-coordinating-directorates\"]}]},{\"@type\":\"BreadcrumbList\",\"@id\":\"https:\/\/apkrks.net\/sq\/directorates\/regional-coordinating-directorates#breadcrumb\",\"itemListElement\":[{\"@type\":\"ListItem\",\"position\":1,\"name\":\"Home\",\"item\":\"https:\/\/apkrks.net\/\"},{\"@type\":\"ListItem\",\"position\":2,\"name\":\"Directorates\",\"item\":\"https:\/\/apkrks.net\/sq\/directorates\"},{\"@type\":\"ListItem\",\"position\":3,\"name\":\"Regional Coordinating Directorates\"}]},{\"@type\":\"WebSite\",\"@id\":\"https:\/\/apkrks.net\/sq\/#website\",\"url\":\"https:\/\/apkrks.net\/sq\/\",\"name\":\"Agjencia Pyjore e Kosov\u00ebs\",\"description\":\"\",\"publisher\":{\"@id\":\"https:\/\/apkrks.net\/sq\/#organization\"},\"alternateName\":\"Agjencioni Pyjor i Kosov\u00ebs\",\"potentialAction\":[{\"@type\":\"SearchAction\",\"target\":{\"@type\":\"EntryPoint\",\"urlTemplate\":\"https:\/\/apkrks.net\/sq\/?s={search_term_string}\"},\"query-input\":{\"@type\":\"PropertyValueSpecification\",\"valueRequired\":true,\"valueName\":\"search_term_string\"}}],\"inLanguage\":\"sq\"},{\"@type\":\"Organization\",\"@id\":\"https:\/\/apkrks.net\/sq\/#organization\",\"name\":\"Agjencia Pyjore e Kosov\u00ebs\",\"alternateName\":\"Agjencioni Pyjor i Kosov\u00ebs\",\"url\":\"https:\/\/apkrks.net\/sq\/\",\"logo\":{\"@type\":\"ImageObject\",\"inLanguage\":\"sq\",\"@id\":\"https:\/\/apkrks.net\/sq\/#\/schema\/logo\/image\/\",\"url\":\"https:\/\/apkrks.net\/wp-content\/uploads\/2024\/06\/Emblema_e_qeverise_se_kosoves.png\",\"contentUrl\":\"https:\/\/apkrks.net\/wp-content\/uploads\/2024\/06\/Emblema_e_qeverise_se_kosoves.png\",\"width\":217,\"height\":240,\"caption\":\"Agjencia Pyjore e Kosov\u00ebs\"},\"image\":{\"@id\":\"https:\/\/apkrks.net\/sq\/#\/schema\/logo\/image\/\"},\"sameAs\":[\"https:\/\/www.facebook.com\/profile.php?id=100064789090459\",\"https:\/\/www.youtube.com\/@AgjenciaPyjoreeKosoves\"]}]}<\/script>\n<!-- \/ Yoast SEO plugin. -->","yoast_head_json":{"title":"Regional Coordinating Directorates - Agjencia Pyjore e Kosov\u00ebs","robots":{"index":"index","follow":"follow","max-snippet":"max-snippet:-1","max-image-preview":"max-image-preview:large","max-video-preview":"max-video-preview:-1"},"canonical":"https:\/\/apkrks.net\/sq\/directorates\/regional-coordinating-directorates","schema":{"@context":"https:\/\/schema.org","@graph":[{"@type":"WebPage","@id":"https:\/\/apkrks.net\/sq\/directorates\/regional-coordinating-directorates","url":"https:\/\/apkrks.net\/sq\/directorates\/regional-coordinating-directorates","name":"Regional Coordinating Directorates - Agjencia Pyjore e Kosov\u00ebs","isPartOf":{"@id":"https:\/\/apkrks.net\/sq\/#website"},"datePublished":"2024-06-18T14:00:29+00:00","dateModified":"2024-07-22T09:54:24+00:00","breadcrumb":{"@id":"https:\/\/apkrks.net\/sq\/directorates\/regional-coordinating-directorates#breadcrumb"},"inLanguage":"sq","potentialAction":[{"@type":"ReadAction","target":["https:\/\/apkrks.net\/sq\/directorates\/regional-coordinating-directorates"]}]},{"@type":"BreadcrumbList","@id":"https:\/\/apkrks.net\/sq\/directorates\/regional-coordinating-directorates#breadcrumb","itemListElement":[{"@type":"ListItem","position":1,"name":"Home","item":"https:\/\/apkrks.net\/"},{"@type":"ListItem","position":2,"name":"Directorates","item":"https:\/\/apkrks.net\/sq\/directorates"},{"@type":"ListItem","position":3,"name":"Regional Coordinating Directorates"}]},{"@type":"WebSite","@id":"https:\/\/apkrks.net\/sq\/#website","url":"https:\/\/apkrks.net\/sq\/","name":"Agjencia Pyjore e Kosov\u00ebs","description":"","publisher":{"@id":"https:\/\/apkrks.net\/sq\/#organization"},"alternateName":"Agjencioni Pyjor i Kosov\u00ebs","potentialAction":[{"@type":"SearchAction","target":{"@type":"EntryPoint","urlTemplate":"https:\/\/apkrks.net\/sq\/?s={search_term_string}"},"query-input":{"@type":"PropertyValueSpecification","valueRequired":true,"valueName":"search_term_string"}}],"inLanguage":"sq"},{"@type":"Organization","@id":"https:\/\/apkrks.net\/sq\/#organization","name":"Agjencia Pyjore e Kosov\u00ebs","alternateName":"Agjencioni Pyjor i Kosov\u00ebs","url":"https:\/\/apkrks.net\/sq\/","logo":{"@type":"ImageObject","inLanguage":"sq","@id":"https:\/\/apkrks.net\/sq\/#\/schema\/logo\/image\/","url":"https:\/\/apkrks.net\/wp-content\/uploads\/2024\/06\/Emblema_e_qeverise_se_kosoves.png","contentUrl":"https:\/\/apkrks.net\/wp-content\/uploads\/2024\/06\/Emblema_e_qeverise_se_kosoves.png","width":217,"height":240,"caption":"Agjencia Pyjore e Kosov\u00ebs"},"image":{"@id":"https:\/\/apkrks.net\/sq\/#\/schema\/logo\/image\/"},"sameAs":["https:\/\/www.facebook.com\/profile.php?id=100064789090459","https:\/\/www.youtube.com\/@AgjenciaPyjoreeKosoves"]}]}},"_links":{"self":[{"href":"https:\/\/apkrks.net\/sq\/wp-json\/wp\/v2\/pages\/6733"}],"collection":[{"href":"https:\/\/apkrks.net\/sq\/wp-json\/wp\/v2\/pages"}],"about":[{"href":"https:\/\/apkrks.net\/sq\/wp-json\/wp\/v2\/types\/page"}],"author":[{"embeddable":true,"href":"https:\/\/apkrks.net\/sq\/wp-json\/wp\/v2\/users\/1"}],"replies":[{"embeddable":true,"href":"https:\/\/apkrks.net\/sq\/wp-json\/wp\/v2\/comments?post=6733"}],"version-history":[{"count":23,"href":"https:\/\/apkrks.net\/sq\/wp-json\/wp\/v2\/pages\/6733\/revisions"}],"predecessor-version":[{"id":7894,"href":"https:\/\/apkrks.net\/sq\/wp-json\/wp\/v2\/pages\/6733\/revisions\/7894"}],"up":[{"embeddable":true,"href":"https:\/\/apkrks.net\/sq\/wp-json\/wp\/v2\/pages\/6485"}],"wp:attachment":[{"href":"https:\/\/apkrks.net\/sq\/wp-json\/wp\/v2\/media?parent=6733"}],"curies":[{"name":"wp","href":"https:\/\/api.w.org\/{rel}","templated":true}]}}