{"id":6735,"date":"2024-06-18T14:01:05","date_gmt":"2024-06-18T14:01:05","guid":{"rendered":"https:\/\/apkrks.net\/?page_id=6735"},"modified":"2024-07-22T12:01:44","modified_gmt":"2024-07-22T12:01:44","slug":"directorate-for-finance-and-general-services","status":"publish","type":"page","link":"https:\/\/apkrks.net\/sq\/directorates\/directorate-for-finance-and-general-services","title":{"rendered":"Drejtorati p\u00ebr Financa dhe Sh\u00ebrbime t\u00eb P\u00ebrgjithshme"},"content":{"rendered":"<div data-elementor-type=\"wp-page\" data-elementor-id=\"6735\" class=\"elementor elementor-6735\">\n\t\t\t\t<div class=\"elementor-element elementor-element-d21012e e-flex e-con-boxed e-con e-parent\" data-id=\"d21012e\" data-element_type=\"container\">\n\t\t\t\t\t<div class=\"e-con-inner\">\n\t\t<div class=\"elementor-element elementor-element-f26355d e-con-full e-flex e-con e-child\" data-id=\"f26355d\" data-element_type=\"container\" data-settings=\"{&quot;background_background&quot;:&quot;classic&quot;}\">\n\t\t\t\t<div class=\"elementor-element elementor-element-8951a35 elementor-widget elementor-widget-text-editor\" data-id=\"8951a35\" data-element_type=\"widget\" data-widget_type=\"text-editor.default\">\n\t\t\t\t<div class=\"elementor-widget-container\">\n\t\t\t<style>\/*! elementor - v3.23.0 - 15-07-2024 *\/\n.elementor-widget-text-editor.elementor-drop-cap-view-stacked .elementor-drop-cap{background-color:#69727d;color:#fff}.elementor-widget-text-editor.elementor-drop-cap-view-framed .elementor-drop-cap{color:#69727d;border:3px solid;background-color:transparent}.elementor-widget-text-editor:not(.elementor-drop-cap-view-default) .elementor-drop-cap{margin-top:8px}.elementor-widget-text-editor:not(.elementor-drop-cap-view-default) .elementor-drop-cap-letter{width:1em;height:1em}.elementor-widget-text-editor .elementor-drop-cap{float:left;text-align:center;line-height:1;font-size:50px}.elementor-widget-text-editor .elementor-drop-cap-letter{display:inline-block}<\/style>\t\t\t\t<p><strong>Neni 22<br \/>Drejtorati p\u00ebr Financa dhe Sh\u00ebrbime t\u00eb P\u00ebrgjithshme<br \/><\/strong><\/p>\t\t\t\t\t\t<\/div>\n\t\t\t\t<\/div>\n\t\t\t\t<div class=\"elementor-element elementor-element-baae5d8 elementor-widget elementor-widget-text-editor\" data-id=\"baae5d8\" data-element_type=\"widget\" data-widget_type=\"text-editor.default\">\n\t\t\t\t<div class=\"elementor-widget-container\">\n\t\t\t\t\t\t\t<p><strong>1.<\/strong> Detyrat dhe p\u0451rgjegj\u0451sit\u0451 e Drejtoratit p\u00ebr Financa dhe Sh\u00ebrbime t\u00eb P\u00ebrgjithshme jan\u00eb:<br \/><strong>\u00a0 \u00a0 \u00a01.1.<\/strong> Menaxhon dhe mir\u00ebmban informatat p\u00ebr burimet njer\u00ebzore t\u00eb Agjencis\u00eb Pyjore t\u00eb Kosov\u00ebs,\nasiston menaxhmentin n\u00eb organizimin e brendsh\u00ebm, ofron mb\u00ebshtetje administrative, logjistike dhe t\u00eb sh\u00ebrbimeve t\u00eb teknologjis\u00eb informative;<br \/><strong>\u00a0 \u00a0 \u00a01.2.<\/strong> Siguron zbatimin e procedurave p\u00ebr p\u00ebrzgjedhjen dhe pun\u00ebsimin e personelit t\u00eb kualifikuar, n\u00eb\np\u00ebrputhje me legjislacionin n\u00eb fuqi;<br \/><strong>\u00a0 \u00a0 \u00a01.3.<\/strong> Koordinon p\u00ebrgatitjen, zbatimin, raportimin dhe vler\u00ebsimin e buxhetit t\u00eb agjencis\u00eb pyjore;<br \/><strong>\u00a0 \u00a0 \u00a01.4.<\/strong> Koordinon zbatimin me koh\u00eb t\u00eb detyrimeve financiare t\u00eb Agjencis\u00eb Pyjore t\u00eb Kosov\u00ebs;<br \/><strong>\u00a0 \u00a0 \u00a01.5.<\/strong> Zhvillon dhe ofron mb\u00ebshtetje p\u00ebr procedurat e prokurimit;<br \/><strong>\u00a0 \u00a0 \u00a01.6.<\/strong> Mir\u00ebmban pajisjet e TI-s\u00eb dhe ofron sh\u00ebrbime t\u00eb TI-s\u00eb;<br \/><strong>\u00a0 \u00a0 \u00a01.7.<\/strong> Menaxhon sistemin e arkivit dhe dokumentet e brendshme t\u00eb Agjencis\u00eb Pyjore t\u00eb Kosov\u00ebs;<br \/><strong>\u00a0 \u00a0 \u00a01.8.<\/strong> Ofron sh\u00ebrbime logjistike p\u00ebr Agjencin\u00eb Pyjore t\u00eb Kosov\u00ebs.<br \/><strong>2.<\/strong> Udh\u00ebheq\u00ebsi i Drejtoratit p\u00ebr Financa dhe Sh\u00ebrbimet e P\u00ebrgjithshme raporton tek Drejtori i P\u00ebrgjithsh\u00ebm\ni Agjencis\u00eb Pyjore t\u00eb Kosov\u00ebs.<br \/><strong>3.<\/strong> N\u00eb kuad\u00ebr t\u00eb Drejtorati p\u00ebr Financa dhe Sh\u00ebrbime t\u00eb P\u00ebrgjithshme b\u00ebjn\u00eb pjes\u00eb:<br \/><strong>\u00a0 \u00a0 \u00a03.1.<\/strong> Sektori p\u00ebr Burime Njer\u00ebzore;<br \/><strong>\u00a0 \u00a0 \u00a03.2.<\/strong> Sektori p\u00ebr Buxhet dhe Financa;<br \/><strong>\u00a0 \u00a0 \u00a03.3.<\/strong> Sektori i Sh\u00ebrbimeve Logjistike.<br \/><strong>4.<\/strong> Numri i t\u00eb pun\u00ebsuarve n\u00eb Drejtoratin p\u00ebr Financa dhe Sh\u00ebrbime t\u00eb P\u00ebrgjithshme \u0451sht\u0451 dhjet\u0451 (10).<\/p>\t\t\t\t\t\t<\/div>\n\t\t\t\t<\/div>\n\t\t\t\t<div class=\"elementor-element elementor-element-034e4e6 elementor-widget elementor-widget-text-editor\" data-id=\"034e4e6\" data-element_type=\"widget\" data-widget_type=\"text-editor.default\">\n\t\t\t\t<div class=\"elementor-widget-container\">\n\t\t\t\t\t\t\t<p><strong>Neni 23<br \/>Sektori i Burimeve Njer\u00ebzore<br \/><\/strong><\/p>\t\t\t\t\t\t<\/div>\n\t\t\t\t<\/div>\n\t\t\t\t<div class=\"elementor-element elementor-element-6b443da elementor-widget elementor-widget-text-editor\" data-id=\"6b443da\" data-element_type=\"widget\" data-widget_type=\"text-editor.default\">\n\t\t\t\t<div class=\"elementor-widget-container\">\n\t\t\t\t\t\t\t<p><strong>1.<\/strong> Detyrat dhe p\u0451rgjegj\u0451sit\u0451 e Sektorit t\u00eb Burimeve Njer\u00ebzore jan\u00eb:<br \/><strong>\u00a0 \u00a0 \u00a01.1.<\/strong> Koordinon planifikimin e burimeve njer\u00ebzore;<br \/><strong>\u00a0 \u00a0 \u00a01.2.<\/strong> Administron rekrutimin e personelit;<br \/><strong>\u00a0 \u00a0 \u00a01.3.<\/strong> Kontribuon n\u00eb rritjen e performanc\u00ebs s\u00eb personelit n\u00ebp\u00ebrmjet motivimit dhe zhvillimit t\u00eb planeve\ntrajnuese;<br \/><strong>\u00a0 \u00a0 \u00a01.4.<\/strong> Siguron zbatimin e procedurave p\u00ebr rekrutim dhe p\u00ebrzgjedhje, disiplin\u00eb, trajtim t\u00eb ankesave,\nk\u00ebrkesave t\u00eb pushimit, vler\u00ebsimit t\u00eb pun\u00ebs, etj,<br \/><strong>2.<\/strong> Udh\u00ebheq\u00ebsi i Sektorit p\u00ebr Burime Njer\u00ebzore raporton tek Drejtori i P\u00ebrgjithsh\u00ebm i Agjencis\u00eb Pyjore t\u00eb Kosov\u00ebs n\u00eb aspektin operacional, nd\u00ebrsa n\u00eb aspektin administrativ tek Udh\u00ebheq\u00ebsi i Drejtoratit p\u00ebr Financa dhe Sh\u00ebrbime t\u00eb P\u00ebrgjithshme.<br \/><strong>3.<\/strong> Numri i t\u00eb pun\u00ebsuarve n\u00eb Sektorin e Burimeve Njer\u00ebzore \u0451sht\u0451 dy (2).<\/p>\t\t\t\t\t\t<\/div>\n\t\t\t\t<\/div>\n\t\t\t\t<div class=\"elementor-element elementor-element-cfc86d4 elementor-widget elementor-widget-text-editor\" data-id=\"cfc86d4\" data-element_type=\"widget\" data-widget_type=\"text-editor.default\">\n\t\t\t\t<div class=\"elementor-widget-container\">\n\t\t\t\t\t\t\t<p><strong>Neni 24<br \/>Sektori p\u00ebr Buxhet dhe Financa<br \/><\/strong><\/p>\t\t\t\t\t\t<\/div>\n\t\t\t\t<\/div>\n\t\t\t\t<div class=\"elementor-element elementor-element-c9caf0d elementor-widget elementor-widget-text-editor\" data-id=\"c9caf0d\" data-element_type=\"widget\" data-widget_type=\"text-editor.default\">\n\t\t\t\t<div class=\"elementor-widget-container\">\n\t\t\t\t\t\t\t<p><strong>1.<\/strong> Detyrat dhe P\u0451rgjegj\u0451sit\u0451 e Sektorit p\u0451r Buxhet dhe Financa jan\u00eb:<br \/><strong>\u00a0 \u00a0 \u00a01.1.<\/strong> P\u00ebrgatit\u00eb propozimet buxhetore;<br \/><strong>\u00a0 \u00a0 \u00a01.2.<\/strong> Koordinon \u00e7\u00ebshtjet buxhetore p\u00ebr t\u00eb gjitha strukturat organizative t\u00eb Agjencis\u00eb Pyjore t\u00eb Kosov\u00ebs;<br \/><strong>\u00a0 \u00a0 \u00a01.3.<\/strong> P\u00ebrcjell\u00eb dhe raporton mbi ekzekutimin buxhetor;<br \/><strong>\u00a0 \u00a0 \u00a01.4.<\/strong> Siguron q\u00eb shpenzimet financiare jan\u00eb b\u00ebr\u00eb n\u00eb p\u00ebrputhje me rregullat dhe procedurat buxhetore;<br \/><strong>\u00a0 \u00a0 \u00a01.5.<\/strong> Menaxhon rezervat e paras\u00eb dhe siguron se kontrolli i brendsh\u00ebm financiar \u00ebsht\u00eb i bazuar n\u00eb parimet e llogaridh\u00ebnies;<br \/><strong>\u00a0 \u00a0 \u00a01.6.<\/strong> Siguron bashk\u00ebpunim t\u00eb ngusht\u00eb me auditorin e brendsh\u00ebm dhe t\u00eb jasht\u00ebm n\u00eb p\u00ebrgatitjen e\npasqyrave buxhetore dhe financiare t\u00eb auditimit.<br \/><strong>2.<\/strong> Udh\u00ebheq\u00ebsi i Sektorit p\u0451r Buxhet dhe Financa raporton tek tek Udh\u00ebheq\u00ebsi i Drejtoratit p\u00ebr Financadhe Sh\u00ebrbime t\u00eb P\u00ebrgjithshme.<br \/><strong>3.<\/strong> Numri i t\u00eb pun\u00ebsuarve n\u00eb Sektorin p\u0451r Buxhet dhe Financa \u0451sht\u0451 tre (3).<\/p>\t\t\t\t\t\t<\/div>\n\t\t\t\t<\/div>\n\t\t\t\t<div class=\"elementor-element elementor-element-f6cc31e elementor-widget elementor-widget-text-editor\" data-id=\"f6cc31e\" data-element_type=\"widget\" data-widget_type=\"text-editor.default\">\n\t\t\t\t<div class=\"elementor-widget-container\">\n\t\t\t\t\t\t\t<p><strong>Neni 25<br \/><\/strong><strong>Sektori i Sh\u00ebrbimeve Logjistike<\/strong><\/p>\t\t\t\t\t\t<\/div>\n\t\t\t\t<\/div>\n\t\t\t\t<div class=\"elementor-element elementor-element-5b6a64c elementor-widget elementor-widget-text-editor\" data-id=\"5b6a64c\" data-element_type=\"widget\" data-widget_type=\"text-editor.default\">\n\t\t\t\t<div class=\"elementor-widget-container\">\n\t\t\t\t\t\t\t<p><strong>1.<\/strong> Detyrat dhe p\u0451rgjegj\u0451sit\u0451 e Sektorit t\u00eb Logjistikes jan\u00eb:<br \/><strong>\u00a0 \u00a0 \u00a01.1.<\/strong> Ofron ndihm\u00eb logjistike p\u00ebr personelin e Agjencis\u00eb Pyjore;<br \/><strong>\u00a0 \u00a0 \u00a01.2.<\/strong> Menaxhon inventarin dhe depot e Agjencis\u00eb Pyjore t\u00eb Kosov\u00ebs;<br \/><strong>\u00a0 \u00a0 \u00a01.3.<\/strong> Koordinon k\u00ebrkesat dhe nevojat e Agjencis\u00eb Pyjore p\u00ebr mallra dhe pajisje t\u00eb zyr\u00ebs p\u00ebr pun\u00eb;<br \/><strong>\u00a0 \u00a0 \u00a01.4.<\/strong> Mir\u00ebmban pajisjet e TI-s\u00eb,ofron sh\u00ebrbime t\u00eb TI-s\u00eb dhe bashk\u00ebpunon me sektorin p\u00ebr menaxhimin\ninformatave n\u00eb pylltari,<br \/><strong>\u00a0 \u00a0 \u00a01.5.<\/strong> Koordinon aktivitetet me Sektorin p\u00ebr menaxhimin e informacionit n\u00eb pylltari n\u00eb mir\u00ebmbajtjen e\nsistemit t\u00eb informacionit t\u00eb pylltaris\u00eb,<br \/><strong>\u00a0 \u00a0 \u00a01.6.<\/strong> Menaxhon nevojat e transportit dhe automjetet e Agjencis\u00eb Pyjore;<br \/><strong>\u00a0 \u00a0 \u00a01.7.<\/strong> Mir\u00ebmban dhe administron sistemin e arkivit t\u00eb Agjencis\u00eb Pyjore.<br \/><strong>2.<\/strong> Udh\u0451heq\u0451si i Sektorit p\u00ebr Sh\u00ebrbimeve Logjistike raporton tek Udh\u00ebheq\u00ebsi i Drejtoratit p\u00ebr Financa dhe Sh\u00ebrbime t\u00eb P\u00ebrgjithshme.<br \/><strong>3. <\/strong>Numri i t\u00eb pun\u00ebsuarve n\u00eb Sektorin p\u00ebr Sh\u00ebrbime Logjistike \u0451sht\u0451 kat\u00ebr ( 4).<\/p>\t\t\t\t\t\t<\/div>\n\t\t\t\t<\/div>\n\t\t\t\t<div class=\"elementor-element elementor-element-a88adb4 elementor-widget elementor-widget-text-editor\" data-id=\"a88adb4\" data-element_type=\"widget\" data-widget_type=\"text-editor.default\">\n\t\t\t\t<div class=\"elementor-widget-container\">\n\t\t\t\t\t\t\t<p><strong>Neni 26<br \/>Sektori p\u00ebr hartimin dhe harmonizimin e legjislacionit<\/strong><\/p>\t\t\t\t\t\t<\/div>\n\t\t\t\t<\/div>\n\t\t\t\t<div class=\"elementor-element elementor-element-7cd9c51 elementor-widget elementor-widget-text-editor\" data-id=\"7cd9c51\" data-element_type=\"widget\" data-widget_type=\"text-editor.default\">\n\t\t\t\t<div class=\"elementor-widget-container\">\n\t\t\t\t\t\t\t<p><strong>1.<\/strong> Detyrat dhe p\u00ebrgjegj\u00ebsit e Sektorit p\u00ebr hartimin dhe harmonizimin e legjislacionit jan\u00eb:<br \/><strong>\u00a0 \u00a0 \u00a01.1.<\/strong> Ofron ndihm\u00eb n\u00eb hartimin e legjislacionit dhe siguron pajtueshm\u00ebrin\u00eb me ligjin e aplikuesh\u00ebm n\u00eb\nKosov\u00eb,<br \/><strong>\u00a0 \u00a0 \u00a01.2.<\/strong> Ofron k\u00ebshilla dhe rekomandime ligjore nga fush\u00eb veprimtaria e Agjencis\u00eb Pyjore,<br \/><strong>\u00a0 \u00a0 \u00a01.3.<\/strong> Ofron ndihm\u00eb p\u00ebr strukturat organizative t\u00eb Agjencis\u00eb Pyjore n\u00eb identifikimin e \u00e7\u00ebshtjeve q\u00eb duhet\nnormuar,<br \/><strong>\u00a0 \u00a0 \u00a01.4.<\/strong> Siguron harmonizimin e legjislacionit t\u00eb Agjencis\u00eb Pyjore me legjislacionin e Bashkimit Evropian\n(acqui t\u00eb BE-s\u00eb) si dhe me ligjet e aplikueshme n\u00eb Republik\u00ebn e Kosov\u00ebs.<br \/><strong>2.<\/strong> Udh\u00ebheq\u00ebsi i Sektorit p\u00ebr hartimin dhe harmonizimin e legjislacionit p\u00ebr pun\u00ebn e vet raporton tek\nDrejtori i Drejtoratit Ligjor,<br \/><strong>3.<\/strong> Numri i t\u00eb pun\u00ebsuarave n\u00eb Sektorin p\u00ebr hartimin dhe harmonizimin e legjislacionit \u00ebsht\u00eb tre (3).<\/p>\t\t\t\t\t\t<\/div>\n\t\t\t\t<\/div>\n\t\t\t\t<div class=\"elementor-element elementor-element-5b9e1de elementor-widget elementor-widget-text-editor\" data-id=\"5b9e1de\" data-element_type=\"widget\" data-widget_type=\"text-editor.default\">\n\t\t\t\t<div class=\"elementor-widget-container\">\n\t\t\t\t\t\t\t<p><strong>Neni 27<br \/>Sektori p\u00ebr mbik\u00ebqyrjen e zbatimit t\u00eb legjislacionit dhe mb\u00ebshtetje ligjore p\u00ebr strukturat organizative t\u00eb Agjencis\u00eb pyjore<br \/><\/strong><\/p>\t\t\t\t\t\t<\/div>\n\t\t\t\t<\/div>\n\t\t\t\t<div class=\"elementor-element elementor-element-fb0212d elementor-widget elementor-widget-text-editor\" data-id=\"fb0212d\" data-element_type=\"widget\" data-widget_type=\"text-editor.default\">\n\t\t\t\t<div class=\"elementor-widget-container\">\n\t\t\t\t\t\t\t<p><strong>1.<\/strong> Detyrat dhe p\u00ebrgjegj\u00ebsit e Sektorit p\u00ebr hartimin dhe harmonizimin e legjislacionit jan\u00eb:<br \/><strong>\u00a0 \u00a0 \u00a01.1.<\/strong> Koordinon aktivitetet me t\u00eb gjitha strukturat organizative t\u00eb Agjencis\u00eb pyjore p\u00ebr zbatimin e\nlegjislacionit;<br \/><strong>\u00a0 \u00a0 \u00a01.2.<\/strong> Ofron mb\u00ebshtetje ligjore n\u00eb fush\u00ebn e legjislacionit;<br \/><strong>\u00a0 \u00a0 \u00a01.3.<\/strong> Ofron mb\u00ebshtetje ligjore p\u00ebr hartimin e propozim-vendimeve, marr\u00ebveshjeve, memorandumeve,\nkontratave, p\u00eblqimeve;<br \/><strong>\u00a0 \u00a0 \u00a01.4.<\/strong> Identifikon problemet e zbatimit t\u00eb akteve normative dhe jep propozimet p\u00ebr tejkalimin e tyre;<br \/><strong>\u00a0 \u00a0 \u00a01.5.<\/strong> P\u00ebrfaq\u00ebson interesat e Agjencis\u00eb Pyjore t\u00eb Kosov\u00ebs dhe strukturave t\u00eb saja organizative n\u00eb\nkontestet gjyq\u00ebsore;<br \/><strong>\u00a0 \u00a0 \u00a01.6. <\/strong>Koordinon aktivitetet legjislative t\u00eb Agjencis\u00eb Pyjore me MBPZHR dhe Institucionet tjera p\u00ebrkat\u00ebse;<br \/><strong>\u00a0 \u00a0 \u00a01.7.<\/strong> Bashk\u00ebpunon me Departamentin Ligjor n\u00eb Ministrin\u00eb e Bujq\u00ebsis\u00eb, Pylltaris\u00eb dhe Zhvillimit Rural dhe Ministrin\u00eb e Drejt\u00ebsis\u00eb p\u00ebr p\u00ebrfaq\u00ebsimin e Agjencis\u00eb Pyjore dhe strukturave t\u00eb saj organizative n\u00eb konteste gjyq\u00ebsore;<br \/><strong>2.<\/strong> Udh\u00ebheq\u00ebsi i Sektorit p\u00ebr mbik\u00ebqyrjen e zbatimit t\u00eb legjislacionit dhe mb\u00ebshtetje ligjore p\u00ebr strukturat organizative t\u00eb Agjencis\u00eb pyjore p\u00ebr pun\u00ebn e vet raporton tek Drejtori i Drejtoratit Ligjor,<br \/><strong>3.<\/strong> Numrin i t\u00eb pun\u00ebsuarve n\u00eb Sektorin p\u00ebr mbik\u00ebqyrjen e zbatimit t\u00eb legjislacionit dhe mb\u00ebshtetje ligjore p\u00ebr strukturat organizative t\u00eb Agjencis\u00eb pyjore \u00ebsht\u00eb tre (3).<\/p>\t\t\t\t\t\t<\/div>\n\t\t\t\t<\/div>\n\t\t\t\t<\/div>\n\t\t\t\t\t<\/div>\n\t\t\t\t<\/div>\n\t\t\t\t<\/div>","protected":false},"excerpt":{"rendered":"<p>Article 22DIRECTORATE FOR FINANCE AND GENERAL SERVICES 1. The duties and responsibilities of the Directorate for Finance and General Services are:\u00a0 \u00a0 \u00a01.1. Manages and maintains information on the human resources of the Kosovo Forestry Agency, assists management in internal organization, provides administrative, logistical and information technology services;\u00a0 \u00a0 \u00a01.2. Ensures the implementation of procedures [&hellip;]<\/p>","protected":false},"author":1,"featured_media":0,"parent":6485,"menu_order":0,"comment_status":"closed","ping_status":"closed","template":"","meta":{"inline_featured_image":false,"ngg_post_thumbnail":0,"footnotes":""},"class_list":["post-6735","page","type-page","status-publish","hentry"],"yoast_head":"<!-- This site is optimized with the Yoast SEO plugin v25.5 - https:\/\/yoast.com\/wordpress\/plugins\/seo\/ -->\n<title>Directorate for Finance and General Services - Agjencia Pyjore e Kosov\u00ebs<\/title>\n<meta name=\"robots\" content=\"index, follow, max-snippet:-1, max-image-preview:large, max-video-preview:-1\" \/>\n<link rel=\"canonical\" href=\"https:\/\/apkrks.net\/sq\/directorates\/directorate-for-finance-and-general-services\" \/>\n<script type=\"application\/ld+json\" class=\"yoast-schema-graph\">{\"@context\":\"https:\/\/schema.org\",\"@graph\":[{\"@type\":\"WebPage\",\"@id\":\"https:\/\/apkrks.net\/sq\/directorates\/directorate-for-finance-and-general-services\",\"url\":\"https:\/\/apkrks.net\/sq\/directorates\/directorate-for-finance-and-general-services\",\"name\":\"Directorate for Finance and General Services - Agjencia Pyjore e Kosov\u00ebs\",\"isPartOf\":{\"@id\":\"https:\/\/apkrks.net\/sq\/#website\"},\"datePublished\":\"2024-06-18T14:01:05+00:00\",\"dateModified\":\"2024-07-22T12:01:44+00:00\",\"breadcrumb\":{\"@id\":\"https:\/\/apkrks.net\/sq\/directorates\/directorate-for-finance-and-general-services#breadcrumb\"},\"inLanguage\":\"sq\",\"potentialAction\":[{\"@type\":\"ReadAction\",\"target\":[\"https:\/\/apkrks.net\/sq\/directorates\/directorate-for-finance-and-general-services\"]}]},{\"@type\":\"BreadcrumbList\",\"@id\":\"https:\/\/apkrks.net\/sq\/directorates\/directorate-for-finance-and-general-services#breadcrumb\",\"itemListElement\":[{\"@type\":\"ListItem\",\"position\":1,\"name\":\"Home\",\"item\":\"https:\/\/apkrks.net\/\"},{\"@type\":\"ListItem\",\"position\":2,\"name\":\"Directorates\",\"item\":\"https:\/\/apkrks.net\/sq\/directorates\"},{\"@type\":\"ListItem\",\"position\":3,\"name\":\"Directorate for Finance and General Services\"}]},{\"@type\":\"WebSite\",\"@id\":\"https:\/\/apkrks.net\/sq\/#website\",\"url\":\"https:\/\/apkrks.net\/sq\/\",\"name\":\"Agjencia Pyjore e Kosov\u00ebs\",\"description\":\"\",\"publisher\":{\"@id\":\"https:\/\/apkrks.net\/sq\/#organization\"},\"alternateName\":\"Agjencioni Pyjor i Kosov\u00ebs\",\"potentialAction\":[{\"@type\":\"SearchAction\",\"target\":{\"@type\":\"EntryPoint\",\"urlTemplate\":\"https:\/\/apkrks.net\/sq\/?s={search_term_string}\"},\"query-input\":{\"@type\":\"PropertyValueSpecification\",\"valueRequired\":true,\"valueName\":\"search_term_string\"}}],\"inLanguage\":\"sq\"},{\"@type\":\"Organization\",\"@id\":\"https:\/\/apkrks.net\/sq\/#organization\",\"name\":\"Agjencia Pyjore e Kosov\u00ebs\",\"alternateName\":\"Agjencioni Pyjor i Kosov\u00ebs\",\"url\":\"https:\/\/apkrks.net\/sq\/\",\"logo\":{\"@type\":\"ImageObject\",\"inLanguage\":\"sq\",\"@id\":\"https:\/\/apkrks.net\/sq\/#\/schema\/logo\/image\/\",\"url\":\"https:\/\/apkrks.net\/wp-content\/uploads\/2024\/06\/Emblema_e_qeverise_se_kosoves.png\",\"contentUrl\":\"https:\/\/apkrks.net\/wp-content\/uploads\/2024\/06\/Emblema_e_qeverise_se_kosoves.png\",\"width\":217,\"height\":240,\"caption\":\"Agjencia Pyjore e Kosov\u00ebs\"},\"image\":{\"@id\":\"https:\/\/apkrks.net\/sq\/#\/schema\/logo\/image\/\"},\"sameAs\":[\"https:\/\/www.facebook.com\/profile.php?id=100064789090459\",\"https:\/\/www.youtube.com\/@AgjenciaPyjoreeKosoves\"]}]}<\/script>\n<!-- \/ Yoast SEO plugin. -->","yoast_head_json":{"title":"Directorate for Finance and General Services - Agjencia Pyjore e Kosov\u00ebs","robots":{"index":"index","follow":"follow","max-snippet":"max-snippet:-1","max-image-preview":"max-image-preview:large","max-video-preview":"max-video-preview:-1"},"canonical":"https:\/\/apkrks.net\/sq\/directorates\/directorate-for-finance-and-general-services","schema":{"@context":"https:\/\/schema.org","@graph":[{"@type":"WebPage","@id":"https:\/\/apkrks.net\/sq\/directorates\/directorate-for-finance-and-general-services","url":"https:\/\/apkrks.net\/sq\/directorates\/directorate-for-finance-and-general-services","name":"Directorate for Finance and General Services - Agjencia Pyjore e Kosov\u00ebs","isPartOf":{"@id":"https:\/\/apkrks.net\/sq\/#website"},"datePublished":"2024-06-18T14:01:05+00:00","dateModified":"2024-07-22T12:01:44+00:00","breadcrumb":{"@id":"https:\/\/apkrks.net\/sq\/directorates\/directorate-for-finance-and-general-services#breadcrumb"},"inLanguage":"sq","potentialAction":[{"@type":"ReadAction","target":["https:\/\/apkrks.net\/sq\/directorates\/directorate-for-finance-and-general-services"]}]},{"@type":"BreadcrumbList","@id":"https:\/\/apkrks.net\/sq\/directorates\/directorate-for-finance-and-general-services#breadcrumb","itemListElement":[{"@type":"ListItem","position":1,"name":"Home","item":"https:\/\/apkrks.net\/"},{"@type":"ListItem","position":2,"name":"Directorates","item":"https:\/\/apkrks.net\/sq\/directorates"},{"@type":"ListItem","position":3,"name":"Directorate for Finance and General Services"}]},{"@type":"WebSite","@id":"https:\/\/apkrks.net\/sq\/#website","url":"https:\/\/apkrks.net\/sq\/","name":"Agjencia Pyjore e Kosov\u00ebs","description":"","publisher":{"@id":"https:\/\/apkrks.net\/sq\/#organization"},"alternateName":"Agjencioni Pyjor i Kosov\u00ebs","potentialAction":[{"@type":"SearchAction","target":{"@type":"EntryPoint","urlTemplate":"https:\/\/apkrks.net\/sq\/?s={search_term_string}"},"query-input":{"@type":"PropertyValueSpecification","valueRequired":true,"valueName":"search_term_string"}}],"inLanguage":"sq"},{"@type":"Organization","@id":"https:\/\/apkrks.net\/sq\/#organization","name":"Agjencia Pyjore e Kosov\u00ebs","alternateName":"Agjencioni Pyjor i Kosov\u00ebs","url":"https:\/\/apkrks.net\/sq\/","logo":{"@type":"ImageObject","inLanguage":"sq","@id":"https:\/\/apkrks.net\/sq\/#\/schema\/logo\/image\/","url":"https:\/\/apkrks.net\/wp-content\/uploads\/2024\/06\/Emblema_e_qeverise_se_kosoves.png","contentUrl":"https:\/\/apkrks.net\/wp-content\/uploads\/2024\/06\/Emblema_e_qeverise_se_kosoves.png","width":217,"height":240,"caption":"Agjencia Pyjore e Kosov\u00ebs"},"image":{"@id":"https:\/\/apkrks.net\/sq\/#\/schema\/logo\/image\/"},"sameAs":["https:\/\/www.facebook.com\/profile.php?id=100064789090459","https:\/\/www.youtube.com\/@AgjenciaPyjoreeKosoves"]}]}},"_links":{"self":[{"href":"https:\/\/apkrks.net\/sq\/wp-json\/wp\/v2\/pages\/6735"}],"collection":[{"href":"https:\/\/apkrks.net\/sq\/wp-json\/wp\/v2\/pages"}],"about":[{"href":"https:\/\/apkrks.net\/sq\/wp-json\/wp\/v2\/types\/page"}],"author":[{"embeddable":true,"href":"https:\/\/apkrks.net\/sq\/wp-json\/wp\/v2\/users\/1"}],"replies":[{"embeddable":true,"href":"https:\/\/apkrks.net\/sq\/wp-json\/wp\/v2\/comments?post=6735"}],"version-history":[{"count":30,"href":"https:\/\/apkrks.net\/sq\/wp-json\/wp\/v2\/pages\/6735\/revisions"}],"predecessor-version":[{"id":7912,"href":"https:\/\/apkrks.net\/sq\/wp-json\/wp\/v2\/pages\/6735\/revisions\/7912"}],"up":[{"embeddable":true,"href":"https:\/\/apkrks.net\/sq\/wp-json\/wp\/v2\/pages\/6485"}],"wp:attachment":[{"href":"https:\/\/apkrks.net\/sq\/wp-json\/wp\/v2\/media?parent=6735"}],"curies":[{"name":"wp","href":"https:\/\/api.w.org\/{rel}","templated":true}]}}