{"id":7354,"date":"2024-07-12T12:35:38","date_gmt":"2024-07-12T12:35:38","guid":{"rendered":"https:\/\/apkrks.net\/?page_id=7354"},"modified":"2024-07-18T09:35:36","modified_gmt":"2024-07-18T09:35:36","slug":"gcp-kos-007-swe","status":"publish","type":"page","link":"https:\/\/apkrks.net\/sq\/international-support\/gcp-kos-007-swe","title":{"rendered":"GCP\/KOS\/007\/SWE"},"content":{"rendered":"<div data-elementor-type=\"wp-page\" data-elementor-id=\"7354\" class=\"elementor elementor-7354\">\n\t\t\t\t<div class=\"elementor-element elementor-element-afd436a e-flex e-con-boxed e-con e-parent\" data-id=\"afd436a\" data-element_type=\"container\">\n\t\t\t\t\t<div class=\"e-con-inner\">\n\t\t\t\t<div class=\"elementor-element elementor-element-15b3b37 elementor-widget elementor-widget-text-editor\" data-id=\"15b3b37\" data-element_type=\"widget\" data-widget_type=\"text-editor.default\">\n\t\t\t\t<div class=\"elementor-widget-container\">\n\t\t\t<style>\/*! elementor - v3.23.0 - 15-07-2024 *\/\n.elementor-widget-text-editor.elementor-drop-cap-view-stacked .elementor-drop-cap{background-color:#69727d;color:#fff}.elementor-widget-text-editor.elementor-drop-cap-view-framed .elementor-drop-cap{color:#69727d;border:3px solid;background-color:transparent}.elementor-widget-text-editor:not(.elementor-drop-cap-view-default) .elementor-drop-cap{margin-top:8px}.elementor-widget-text-editor:not(.elementor-drop-cap-view-default) .elementor-drop-cap-letter{width:1em;height:1em}.elementor-widget-text-editor .elementor-drop-cap{float:left;text-align:center;line-height:1;font-size:50px}.elementor-widget-text-editor .elementor-drop-cap-letter{display:inline-block}<\/style>\t\t\t\tProjekti <b>\"Mb\u00ebshtetje p\u00ebr forcimin e menaxhimit t\u00eb q\u00ebndruesh\u00ebm dhe me shum\u00eb q\u00ebllime t\u00eb pyjeve p\u00ebr t\u00eb p\u00ebrmir\u00ebsuar jetes\u00ebn rurale dhe adresimin e ndryshimeve klimatike n\u00eb Kosov\u00eb\"<\/b> - GCP\/KOS\/007\/SWE synon t\u00eb rris\u00eb kontributin e sektor\u00ebve pyjor\u00eb n\u00eb ekonomin\u00eb e Kosov\u00ebs p\u00ebrmes nj\u00eb menaxhimi t\u00eb pyjeve me pjes\u00ebmarrje dhe t\u00eb p\u00ebrgjegjsh\u00ebm gjinor dhe forcohet n\u00eb p\u00ebrputhje me rregullat p\u00ebrkat\u00ebse p\u00ebr pyjet dhe mb\u00ebshtetet me zinxhir\u00eb vlerash p\u00ebr zbutjen e varf\u00ebris\u00eb.\t\t\t\t\t\t<\/div>\n\t\t\t\t<\/div>\n\t\t\t\t<div class=\"elementor-element elementor-element-fee24cb elementor-widget elementor-widget-heading\" data-id=\"fee24cb\" data-element_type=\"widget\" data-widget_type=\"heading.default\">\n\t\t\t\t<div class=\"elementor-widget-container\">\n\t\t\t<style>\/*! elementor - v3.23.0 - 15-07-2024 *\/\n.elementor-heading-title{padding:0;margin:0;line-height:1}.elementor-widget-heading .elementor-heading-title[class*=elementor-size-]>a{color:inherit;font-size:inherit;line-height:inherit}.elementor-widget-heading .elementor-heading-title.elementor-size-small{font-size:15px}.elementor-widget-heading .elementor-heading-title.elementor-size-medium{font-size:19px}.elementor-widget-heading .elementor-heading-title.elementor-size-large{font-size:29px}.elementor-widget-heading .elementor-heading-title.elementor-size-xl{font-size:39px}.elementor-widget-heading .elementor-heading-title.elementor-size-xxl{font-size:59px}<\/style><h2 class=\"elementor-heading-title elementor-size-default\">Faktet<\/h2>\t\t<\/div>\n\t\t\t\t<\/div>\n\t\t\t\t<div class=\"elementor-element elementor-element-33d7c8a elementor-widget elementor-widget-text-editor\" data-id=\"33d7c8a\" data-element_type=\"widget\" data-widget_type=\"text-editor.default\">\n\t\t\t\t<div class=\"elementor-widget-container\">\n\t\t\t\t\t\t\t<p><strong>TITULLI I PROJEKTIT:\u00a0<\/strong> Mb\u00ebshtetje p\u00ebr forcimin e menaxhimit t\u00eb q\u00ebndruesh\u00ebm dhe me shum\u00eb q\u00ebllime t\u00eb pyjeve p\u00ebr t\u00eb p\u00ebrmir\u00ebsuar jetes\u00ebn rurale dhe adresimin e ndryshimeve klimatike n\u00eb Kosov\u00eb<\/p><p><strong>OBJEKTIVAT E P\u00cbRGJITHSHME:<\/strong>\u00a0Mb\u00ebshtetje p\u00ebr rritjen e kontributit t\u00eb sektorit pyjor n\u00eb ekonomin\u00eb e Kosov\u00ebs dhe reduktimin e varf\u00ebris\u00eb n\u00eb zonat rurale p\u00ebrmes menaxhimit efikas dhe t\u00eb p\u00ebrgjegjsh\u00ebm ndaj gjinis\u00eb.<\/p><p><strong>LOKACIONI:<\/strong> Kosov\u00eb<\/p><p><strong>SEKTORI:<\/strong> Mjedisi \/ Pyjet<\/p><p><strong>KOH\u00cbZGJATJA: <\/strong>2 vjet (1 janar 2022 deri m\u00eb 1 janar 2024)<\/p><p><strong>VLERA: <\/strong>EUR 1.5 Million<\/p><p><strong>AGJENCIA ZBATUESE:<\/strong> FAO (Food and Agriculture Organization of the United Nations)<\/p><p><strong>PARTNER\u00cbT:<\/strong>\u00a0Ambasada e Suedis\u00eb n\u00eb Prishtin\u00eb, Ministria e Bujq\u00ebsis\u00eb, Pylltaris\u00eb dhe Zhvillimit Rural n\u00eb Kosov\u00eb, Ministria e Mjedisit, Planifikimit Hap\u00ebsinor dhe Infrastruktur\u00ebs n\u00eb Kosov\u00eb<\/p><p><strong>P\u00cbRFITUESIT:<\/strong>\u00a0Ministria e Bujq\u00ebsis\u00eb, Pylltaris\u00eb dhe Zhvillimit Rural dhe Agjencia Pyjore e Kosov\u00ebs, drejtorit\u00eb p\u00ebr pylltari n\u00eb nivel komunal, shfryt\u00ebzuesit e pyjeve, NVM-t\u00eb e p\u00ebrfshira n\u00eb aktivitete pyjore, publiku i gjer\u00eb.<\/p><p><strong>AKTIVITETET:<\/strong> Ngritja e nj\u00eb task force t\u00eb Kosov\u00ebs p\u00ebr ligjshm\u00ebrin\u00eb e l\u00ebnd\u00ebs drusore dhe sigurimi i sekretariatit t\u00eb saj Forcimi i kapaciteteve t\u00eb sh\u00ebrbimeve publike dhe sigurimi i pajisjeve p\u00ebr zbulimin dhe kund\u00ebrveprimin e prerjeve, transportit dhe tregtis\u00eb ilegale; Rritja e nd\u00ebrgjegj\u00ebsimit t\u00eb publikut p\u00ebr \u00e7\u00ebshtjet e ligjshm\u00ebris\u00eb n\u00eb pylltari dhe tregtimin e l\u00ebnd\u00ebs drusore; Monitorimi i zbatimit t\u00eb kontratave me median dhe vler\u00ebsimi i ndikimit; Operacionalizimi i Sistemit Informativ t\u00eb Pyjeve t\u00eb Kosov\u00ebs p\u00ebr vendimmarrje transparente n\u00eb menaxhimin e q\u00ebndruesh\u00ebm t\u00eb pyjeve; Organizimi i ngjarjeve t\u00eb rishikimit sektorial dhe p\u00ebrgatitja e raporteve t\u00eb progresit t\u00eb sektorit Mb\u00ebshtet zbatimin e Planit t\u00eb Veprimit t\u00eb Programit Komb\u00ebtar t\u00eb Sh\u00ebndetit Pyjor (PKHP) p\u00ebr t\u00eb monitoruar dhe parandaluar shp\u00ebrthimet e d\u00ebmtuesve dhe s\u00ebmundjeve; Mb\u00ebshtetja e zbatimit t\u00eb Programit Komb\u00ebtar t\u00eb Pyll\u00ebzimit dhe Ripyll\u00ebzimit (PKVR), duke p\u00ebrfshir\u00eb grat\u00eb, t\u00eb rinjt\u00eb, pakicat etnike dhe NVM-t\u00eb rurale; P\u00ebrmir\u00ebsimi i prodhimit t\u00eb fidan\u00ebve t\u00eb pem\u00ebve gjethegjer\u00eb; Identifikoni mund\u00ebsit\u00eb p\u00ebr t\u00eb promovuar pylltarin\u00eb me shum\u00eb q\u00ebllime: zonat e pranueshm\u00ebris\u00eb, madh\u00ebsia e zon\u00ebs s\u00eb synuar, grupet e synuara (etnia, gjinia), sistemi i dh\u00ebnies dhe monitorimit, etj. Ofroni trajnim praktik mbi teknikat e menaxhimit me shum\u00eb q\u00ebllime, pun\u00ebt silvikulturore para-komerciale (rekreacion, NWFP, pyll\u00ebzimi i p\u00ebrzier i pyjeve, ripyll\u00ebzimi, kujdesi, ujitja dhe rrallimi i par\u00eb) Zhvilloni zinxhir\u00eb vlerash t\u00eb bazuara n\u00eb pyje t\u00eb ndjeshme gjinore p\u00ebr t\u00eb reduktuar prerjet e parregulluara dhe zbut varf\u00ebrin\u00eb; Nd\u00ebrtimi i kapaciteteve p\u00ebr parandalimin dhe gatishm\u00ebrin\u00eb e zjarreve n\u00eb pyje dhe integrimi i tyre n\u00eb planifikimin e menaxhimit t\u00eb pyjeve; Trajnoni n\u00eb pun\u00eb 200 zjarrfik\u00ebs dhe vullnetar\u00eb p\u00ebr parandalimin e zjarrit dhe punonj\u00ebs t\u00eb pyjeve publike Bleni dhe shp\u00ebrndani pajisje (fik\u00ebse zjarri portative n\u00eb terren, pompa, zorr\u00eb, etj.) dhe trajnoni p\u00ebrdoruesit p\u00ebrfundimtar\u00eb<\/p><p><strong>Rezultatet:<\/strong>\u00a0P\u00ebrmir\u00ebsimi i ligjshm\u00ebris\u00eb s\u00eb l\u00ebnd\u00ebs drusore, tregtis\u00eb dhe zbatimit t\u00eb ligjit n\u00eb sektorin e pyjeve; Rritja e transparenc\u00ebs dhe forcimi i kapaciteteve institucionale n\u00eb qeverisjen e mir\u00eb dhe zbatimin e politikave, strategjive dhe programeve pyjore; Futja e menaxhimit t\u00eb pyjeve me shum\u00eb q\u00ebllime dhe zinxhir\u00ebt e vlerave pyjore gjith\u00ebp\u00ebrfshir\u00ebse p\u00ebr zbutjen e varf\u00ebris\u00eb s\u00eb grave dhe burrave rurale.<\/p>\t\t\t\t\t\t<\/div>\n\t\t\t\t<\/div>\n\t\t\t\t\t<\/div>\n\t\t\t\t<\/div>\n\t\t\t\t<\/div>","protected":false},"excerpt":{"rendered":"<p>The project \u201cSupport to strengthening sustainable and multipurpose forest management to improve rural livelihoods and address climate change in Kosovo\u201d &#8211; GCP\/KOS\/007\/SWE aims at increasing the contribution of forest sectors to the Kosovo economy through a participatory and gender-responsive forest management and is strengthened in accordance with relevant rules on forests and supported with value-chains [&hellip;]<\/p>","protected":false},"author":1,"featured_media":6765,"parent":146,"menu_order":0,"comment_status":"closed","ping_status":"closed","template":"","meta":{"inline_featured_image":false,"ngg_post_thumbnail":0,"footnotes":""},"class_list":["post-7354","page","type-page","status-publish","has-post-thumbnail","hentry"],"yoast_head":"<!-- This site is optimized with the Yoast SEO plugin v25.5 - https:\/\/yoast.com\/wordpress\/plugins\/seo\/ -->\n<title>GCP\/KOS\/007\/SWE - Agjencia Pyjore e Kosov\u00ebs<\/title>\n<meta name=\"robots\" content=\"index, follow, max-snippet:-1, max-image-preview:large, max-video-preview:-1\" \/>\n<link rel=\"canonical\" href=\"https:\/\/apkrks.net\/sq\/international-support\/gcp-kos-007-swe\/\" \/>\n<script type=\"application\/ld+json\" class=\"yoast-schema-graph\">{\"@context\":\"https:\/\/schema.org\",\"@graph\":[{\"@type\":\"WebPage\",\"@id\":\"https:\/\/apkrks.net\/international-support\/gcp-kos-007-swe\",\"url\":\"https:\/\/apkrks.net\/international-support\/gcp-kos-007-swe\",\"name\":\"GCP\/KOS\/007\/SWE - Agjencia Pyjore e Kosov\u00ebs\",\"isPartOf\":{\"@id\":\"https:\/\/apkrks.net\/sq\/#website\"},\"primaryImageOfPage\":{\"@id\":\"https:\/\/apkrks.net\/international-support\/gcp-kos-007-swe#primaryimage\"},\"image\":{\"@id\":\"https:\/\/apkrks.net\/international-support\/gcp-kos-007-swe#primaryimage\"},\"thumbnailUrl\":\"https:\/\/apkrks.net\/wp-content\/uploads\/2024\/06\/pk2.jpg\",\"datePublished\":\"2024-07-12T12:35:38+00:00\",\"dateModified\":\"2024-07-18T09:35:36+00:00\",\"breadcrumb\":{\"@id\":\"https:\/\/apkrks.net\/international-support\/gcp-kos-007-swe#breadcrumb\"},\"inLanguage\":\"sq\",\"potentialAction\":[{\"@type\":\"ReadAction\",\"target\":[\"https:\/\/apkrks.net\/international-support\/gcp-kos-007-swe\"]}]},{\"@type\":\"ImageObject\",\"inLanguage\":\"sq\",\"@id\":\"https:\/\/apkrks.net\/international-support\/gcp-kos-007-swe#primaryimage\",\"url\":\"https:\/\/apkrks.net\/wp-content\/uploads\/2024\/06\/pk2.jpg\",\"contentUrl\":\"https:\/\/apkrks.net\/wp-content\/uploads\/2024\/06\/pk2.jpg\",\"width\":1024,\"height\":576},{\"@type\":\"BreadcrumbList\",\"@id\":\"https:\/\/apkrks.net\/international-support\/gcp-kos-007-swe#breadcrumb\",\"itemListElement\":[{\"@type\":\"ListItem\",\"position\":1,\"name\":\"Home\",\"item\":\"https:\/\/apkrks.net\/\"},{\"@type\":\"ListItem\",\"position\":2,\"name\":\"International support\",\"item\":\"https:\/\/apkrks.net\/international-support\"},{\"@type\":\"ListItem\",\"position\":3,\"name\":\"GCP\/KOS\/007\/SWE\"}]},{\"@type\":\"WebSite\",\"@id\":\"https:\/\/apkrks.net\/sq\/#website\",\"url\":\"https:\/\/apkrks.net\/sq\/\",\"name\":\"Agjencia Pyjore e Kosov\u00ebs\",\"description\":\"\",\"publisher\":{\"@id\":\"https:\/\/apkrks.net\/sq\/#organization\"},\"alternateName\":\"Agjencioni Pyjor i Kosov\u00ebs\",\"potentialAction\":[{\"@type\":\"SearchAction\",\"target\":{\"@type\":\"EntryPoint\",\"urlTemplate\":\"https:\/\/apkrks.net\/sq\/?s={search_term_string}\"},\"query-input\":{\"@type\":\"PropertyValueSpecification\",\"valueRequired\":true,\"valueName\":\"search_term_string\"}}],\"inLanguage\":\"sq\"},{\"@type\":\"Organization\",\"@id\":\"https:\/\/apkrks.net\/sq\/#organization\",\"name\":\"Agjencia Pyjore e Kosov\u00ebs\",\"alternateName\":\"Agjencioni Pyjor i Kosov\u00ebs\",\"url\":\"https:\/\/apkrks.net\/sq\/\",\"logo\":{\"@type\":\"ImageObject\",\"inLanguage\":\"sq\",\"@id\":\"https:\/\/apkrks.net\/sq\/#\/schema\/logo\/image\/\",\"url\":\"https:\/\/apkrks.net\/wp-content\/uploads\/2024\/06\/Emblema_e_qeverise_se_kosoves.png\",\"contentUrl\":\"https:\/\/apkrks.net\/wp-content\/uploads\/2024\/06\/Emblema_e_qeverise_se_kosoves.png\",\"width\":217,\"height\":240,\"caption\":\"Agjencia Pyjore e Kosov\u00ebs\"},\"image\":{\"@id\":\"https:\/\/apkrks.net\/sq\/#\/schema\/logo\/image\/\"},\"sameAs\":[\"https:\/\/www.facebook.com\/profile.php?id=100064789090459\",\"https:\/\/www.youtube.com\/@AgjenciaPyjoreeKosoves\"]}]}<\/script>\n<!-- \/ Yoast SEO plugin. -->","yoast_head_json":{"title":"GCP\/KOS\/007\/SWE - Agjencia Pyjore e Kosov\u00ebs","robots":{"index":"index","follow":"follow","max-snippet":"max-snippet:-1","max-image-preview":"max-image-preview:large","max-video-preview":"max-video-preview:-1"},"canonical":"https:\/\/apkrks.net\/sq\/international-support\/gcp-kos-007-swe\/","schema":{"@context":"https:\/\/schema.org","@graph":[{"@type":"WebPage","@id":"https:\/\/apkrks.net\/international-support\/gcp-kos-007-swe","url":"https:\/\/apkrks.net\/international-support\/gcp-kos-007-swe","name":"GCP\/KOS\/007\/SWE - Agjencia Pyjore e Kosov\u00ebs","isPartOf":{"@id":"https:\/\/apkrks.net\/sq\/#website"},"primaryImageOfPage":{"@id":"https:\/\/apkrks.net\/international-support\/gcp-kos-007-swe#primaryimage"},"image":{"@id":"https:\/\/apkrks.net\/international-support\/gcp-kos-007-swe#primaryimage"},"thumbnailUrl":"https:\/\/apkrks.net\/wp-content\/uploads\/2024\/06\/pk2.jpg","datePublished":"2024-07-12T12:35:38+00:00","dateModified":"2024-07-18T09:35:36+00:00","breadcrumb":{"@id":"https:\/\/apkrks.net\/international-support\/gcp-kos-007-swe#breadcrumb"},"inLanguage":"sq","potentialAction":[{"@type":"ReadAction","target":["https:\/\/apkrks.net\/international-support\/gcp-kos-007-swe"]}]},{"@type":"ImageObject","inLanguage":"sq","@id":"https:\/\/apkrks.net\/international-support\/gcp-kos-007-swe#primaryimage","url":"https:\/\/apkrks.net\/wp-content\/uploads\/2024\/06\/pk2.jpg","contentUrl":"https:\/\/apkrks.net\/wp-content\/uploads\/2024\/06\/pk2.jpg","width":1024,"height":576},{"@type":"BreadcrumbList","@id":"https:\/\/apkrks.net\/international-support\/gcp-kos-007-swe#breadcrumb","itemListElement":[{"@type":"ListItem","position":1,"name":"Home","item":"https:\/\/apkrks.net\/"},{"@type":"ListItem","position":2,"name":"International support","item":"https:\/\/apkrks.net\/international-support"},{"@type":"ListItem","position":3,"name":"GCP\/KOS\/007\/SWE"}]},{"@type":"WebSite","@id":"https:\/\/apkrks.net\/sq\/#website","url":"https:\/\/apkrks.net\/sq\/","name":"Agjencia Pyjore e Kosov\u00ebs","description":"","publisher":{"@id":"https:\/\/apkrks.net\/sq\/#organization"},"alternateName":"Agjencioni Pyjor i Kosov\u00ebs","potentialAction":[{"@type":"SearchAction","target":{"@type":"EntryPoint","urlTemplate":"https:\/\/apkrks.net\/sq\/?s={search_term_string}"},"query-input":{"@type":"PropertyValueSpecification","valueRequired":true,"valueName":"search_term_string"}}],"inLanguage":"sq"},{"@type":"Organization","@id":"https:\/\/apkrks.net\/sq\/#organization","name":"Agjencia Pyjore e Kosov\u00ebs","alternateName":"Agjencioni Pyjor i Kosov\u00ebs","url":"https:\/\/apkrks.net\/sq\/","logo":{"@type":"ImageObject","inLanguage":"sq","@id":"https:\/\/apkrks.net\/sq\/#\/schema\/logo\/image\/","url":"https:\/\/apkrks.net\/wp-content\/uploads\/2024\/06\/Emblema_e_qeverise_se_kosoves.png","contentUrl":"https:\/\/apkrks.net\/wp-content\/uploads\/2024\/06\/Emblema_e_qeverise_se_kosoves.png","width":217,"height":240,"caption":"Agjencia Pyjore e Kosov\u00ebs"},"image":{"@id":"https:\/\/apkrks.net\/sq\/#\/schema\/logo\/image\/"},"sameAs":["https:\/\/www.facebook.com\/profile.php?id=100064789090459","https:\/\/www.youtube.com\/@AgjenciaPyjoreeKosoves"]}]}},"_links":{"self":[{"href":"https:\/\/apkrks.net\/sq\/wp-json\/wp\/v2\/pages\/7354"}],"collection":[{"href":"https:\/\/apkrks.net\/sq\/wp-json\/wp\/v2\/pages"}],"about":[{"href":"https:\/\/apkrks.net\/sq\/wp-json\/wp\/v2\/types\/page"}],"author":[{"embeddable":true,"href":"https:\/\/apkrks.net\/sq\/wp-json\/wp\/v2\/users\/1"}],"replies":[{"embeddable":true,"href":"https:\/\/apkrks.net\/sq\/wp-json\/wp\/v2\/comments?post=7354"}],"version-history":[{"count":37,"href":"https:\/\/apkrks.net\/sq\/wp-json\/wp\/v2\/pages\/7354\/revisions"}],"predecessor-version":[{"id":7665,"href":"https:\/\/apkrks.net\/sq\/wp-json\/wp\/v2\/pages\/7354\/revisions\/7665"}],"up":[{"embeddable":true,"href":"https:\/\/apkrks.net\/sq\/wp-json\/wp\/v2\/pages\/146"}],"wp:featuredmedia":[{"embeddable":true,"href":"https:\/\/apkrks.net\/sq\/wp-json\/wp\/v2\/media\/6765"}],"wp:attachment":[{"href":"https:\/\/apkrks.net\/sq\/wp-json\/wp\/v2\/media?parent=7354"}],"curies":[{"name":"wp","href":"https:\/\/api.w.org\/{rel}","templated":true}]}}